{"id":365,"date":"2025-02-19T11:29:40","date_gmt":"2025-02-19T10:29:40","guid":{"rendered":"https:\/\/paroisses-ambon-damgan-penerf.fr\/?page_id=365"},"modified":"2025-06-05T10:57:42","modified_gmt":"2025-06-05T08:57:42","slug":"eglise-saint-pierre-a-damgan","status":"publish","type":"page","link":"https:\/\/paroisses-ambon-damgan-penerf.fr\/?page_id=365","title":{"rendered":"\u00c9glise Saint Pierre \u00e0 P\u00e9nerf"},"content":{"rendered":"\n<figure class=\"wp-block-image size-full\"><img loading=\"lazy\" decoding=\"async\" width=\"1024\" height=\"768\" src=\"http:\/\/paroisses-ambon-damgan-penerf.fr\/wp-content\/uploads\/2025\/06\/Eglise-Saint-Pierre-a-Damgan.jpg\" alt=\"\" class=\"wp-image-469\" srcset=\"https:\/\/paroisses-ambon-damgan-penerf.fr\/wp-content\/uploads\/2025\/06\/Eglise-Saint-Pierre-a-Damgan.jpg 1024w, https:\/\/paroisses-ambon-damgan-penerf.fr\/wp-content\/uploads\/2025\/06\/Eglise-Saint-Pierre-a-Damgan-300x225.jpg 300w, https:\/\/paroisses-ambon-damgan-penerf.fr\/wp-content\/uploads\/2025\/06\/Eglise-Saint-Pierre-a-Damgan-768x576.jpg 768w\" sizes=\"auto, (max-width: 1024px) 100vw, 1024px\" \/><\/figure>\n\n\n\n<div style=\"height:10px\" aria-hidden=\"true\" class=\"wp-block-spacer\"><\/div>\n\n\n\n<p>Situ\u00e9e sur le charmant port ancestral de P\u00e9nerf, \u00e0 Damgan, cette petite \u00e9glise de la taille d&#8217;une chapelle est d\u00e9di\u00e9e aux gens de mer. Elle est toujours tr\u00e8s visit\u00e9e.<\/p>\n\n\n\n<h2 class=\"wp-block-heading\">Une volont\u00e9 d&#8217;ind\u00e9pendance<\/h2>\n\n\n\n<p>Dominant l&#8217;embouchure de la rivi\u00e8re de P\u00e9nerf, \u00e0 l&#8217;extr\u00e9mit\u00e9 ouest de la commune, le bourg de P\u00e9nerf a toujours affirm\u00e9 son identit\u00e9 \u00e0 la fois de part sa situation isol\u00e9e (presqu&#8217;\u00eele) mais aussi gr\u00e2ce aux richesses que lui procurait la vie maritime articul\u00e9e autour des activit\u00e9s de son c\u00e9l\u00e8bre port.<\/p>\n\n\n\n<p>Ainsi lorsque Damgan quitta la paroisse d&#8217;Ambon en 1820, P\u00e9nerf obtint sa propre paroisse en 1843 tout en restant membre de la commune.<\/p>\n\n\n\n<figure class=\"wp-block-image\"><img decoding=\"async\" src=\"http:\/\/doyennemuzillac.fr\/wp-content\/uploads\/2021\/03\/Leglise-au-debut-du-siecle-pres-de-la-maison-des-douanes-aujourdhui-capitenerie-1024x668.jpg\" alt=\"\" class=\"wp-image-343\"\/><\/figure>\n\n\n\n<div style=\"height:10px\" aria-hidden=\"true\" class=\"wp-block-spacer\"><\/div>\n\n\n\n<h2 class=\"wp-block-heading\">Des changements li\u00e9s \u00e0 l&#8217;\u00e9mancipation<\/h2>\n\n\n\n<p>Il y avait d\u00e9j\u00e0, avant cette scission, un lieu de culte, mais ce n&#8217;\u00e9tait qu&#8217;une modeste chapelle (d\u00e9di\u00e9e \u00e0 Saint Pierre) qui faisait toujours le plein le dimanche. Cette chapelle fut blanchie \u00e0 la chaux au XV\u00e8me si\u00e8cle pour accompagner l&#8217;essor du port et servir d&#8217;amer aux nombreux bateaux qui circulaient sur la rivi\u00e8re.<\/p>\n\n\n\n<p>Mais, devenue paroisse, une chapelle ne suffisait plus et il fallut agrandir le lieu pour le transformer en \u00e9glise et les travaux d&#8217;agrandissement d\u00e9but\u00e8rent d\u00e8s 1849 par la construction d&#8217;une sacristie et d&#8217;une chapelle int\u00e9rieure. Quelques consolidations eurent lieu en 1960 sans changer l&#8217;aspect du b\u00e2timent.<\/p>\n\n\n\n<h2 class=\"wp-block-heading\">Une d\u00e9coration vou\u00e9e \u00e0 la mer et ses travailleurs<\/h2>\n\n\n\n<p>Tout dans l&#8217;\u00e9glise rend hommage au peuple des gens de mer. Ainsi les vitraux \u00e9voquent la vie de Simon le p\u00eacheur devenu Saint-Pierre leur patron, les b\u00e9nitiers sont en forme de coquillage et de nombreux exvotos repr\u00e9sentent des navires (2 sont class\u00e9s aux MH).<\/p>\n\n\n\n<p>Mais le plus bel ornement reste cette magnifique et inhabituelle mosa\u00efque r\u00e9alis\u00e9e en 1935 par le c\u00e9l\u00e8bre Louis Barillet repr\u00e9sentant des familles de marin priant Stella Maris.<\/p>\n\n\n\n<figure class=\"wp-block-image\"><img decoding=\"async\" src=\"http:\/\/doyennemuzillac.fr\/wp-content\/uploads\/2021\/03\/Eglise-St-Pierre-vue-interieure-vers-lautel-et-la-mosaique-1024x722.jpg\" alt=\"\" class=\"wp-image-344\"\/><\/figure>\n\n\n\n<div style=\"height:10px\" aria-hidden=\"true\" class=\"wp-block-spacer\"><\/div>\n\n\n\n<h2 class=\"wp-block-heading\">Le myst\u00e8re du Quartier Latin<\/h2>\n\n\n\n<p>L&#8217;\u00e9glise jouxte un petit passage qui m\u00e8ne vers le presbyt\u00e8re et beaucoup se demandent l&#8217;origine du nom de &#8220;Quartier Latin&#8221;. Rien de parisien dans cette d\u00e9nomination mais le murmure que l&#8217;on entendait &nbsp;autrefois derri\u00e8re les hauts murs du presbyt\u00e8re ou \u00e9tait dispens\u00e9 le cat\u00e9chisme\u2026<\/p>\n\n\n<div class=\"wp-block-image size-full wp-image-345\">\n<figure class=\"aligncenter\"><img decoding=\"async\" src=\"http:\/\/doyennemuzillac.fr\/wp-content\/uploads\/2021\/03\/914_001.jpg\" alt=\"\" class=\"wp-image-345\"\/><figcaption class=\"wp-element-caption\">Carte rare d&#8217;avant 1935 de l&#8217;autel avant la pose de la mosa\u00efque.<\/figcaption><\/figure>\n<\/div>\n\n\n<p>Textes &amp; photos <strong>\u00a9 Hubert Carlier <\/strong>(Sauf cartes anciennes)<\/p>\n\n\n\n<iframe src=\"https:\/\/www.google.com\/maps\/embed?pb=!1m18!1m12!1m3!1d2694.7806808666155!2d-2.625629723877996!3d47.5136622711814!2m3!1f0!2f0!3f0!3m2!1i1024!2i768!4f13.1!3m3!1m2!1s0x480ffc15935fdc7d%3A0xaa0d7e5c27088032!2s%C3%89glise%20Saint-Pierre%20de%20P%C3%A9nerf!5e0!3m2!1sfr!2sfr!4v1749113829724!5m2!1sfr!2sfr\" width=\"600\" height=\"450\" style=\"border:0;\" allowfullscreen=\"\" loading=\"lazy\" referrerpolicy=\"no-referrer-when-downgrade\"><\/iframe>\n","protected":false},"excerpt":{"rendered":"<p>Situ\u00e9e sur le charmant port ancestral de P\u00e9nerf, \u00e0 Damgan, cette petite \u00e9glise de la taille d&#8217;une chapelle est d\u00e9di\u00e9e aux gens de mer. Elle est toujours tr\u00e8s visit\u00e9e. Une volont\u00e9 d&#8217;ind\u00e9pendance Dominant l&#8217;embouchure de la rivi\u00e8re de P\u00e9nerf, \u00e0 l&#8217;extr\u00e9mit\u00e9 ouest de la commune, le bourg de P\u00e9nerf a toujours affirm\u00e9 son identit\u00e9 \u00e0<a class=\"more-link\" href=\"https:\/\/paroisses-ambon-damgan-penerf.fr\/?page_id=365\">Lire la suite <span class=\"screen-reader-text\">&#8220;\u00c9glise Saint Pierre \u00e0 P\u00e9nerf&#8221;<\/span><\/a><\/p>\n","protected":false},"author":1,"featured_media":0,"parent":0,"menu_order":0,"comment_status":"closed","ping_status":"closed","template":"","meta":{"iawp_total_views":0,"footnotes":""},"class_list":["post-365","page","type-page","status-publish","hentry","entry"],"_links":{"self":[{"href":"https:\/\/paroisses-ambon-damgan-penerf.fr\/index.php?rest_route=\/wp\/v2\/pages\/365","targetHints":{"allow":["GET"]}}],"collection":[{"href":"https:\/\/paroisses-ambon-damgan-penerf.fr\/index.php?rest_route=\/wp\/v2\/pages"}],"about":[{"href":"https:\/\/paroisses-ambon-damgan-penerf.fr\/index.php?rest_route=\/wp\/v2\/types\/page"}],"author":[{"embeddable":true,"href":"https:\/\/paroisses-ambon-damgan-penerf.fr\/index.php?rest_route=\/wp\/v2\/users\/1"}],"replies":[{"embeddable":true,"href":"https:\/\/paroisses-ambon-damgan-penerf.fr\/index.php?rest_route=%2Fwp%2Fv2%2Fcomments&post=365"}],"version-history":[{"count":6,"href":"https:\/\/paroisses-ambon-damgan-penerf.fr\/index.php?rest_route=\/wp\/v2\/pages\/365\/revisions"}],"predecessor-version":[{"id":506,"href":"https:\/\/paroisses-ambon-damgan-penerf.fr\/index.php?rest_route=\/wp\/v2\/pages\/365\/revisions\/506"}],"wp:attachment":[{"href":"https:\/\/paroisses-ambon-damgan-penerf.fr\/index.php?rest_route=%2Fwp%2Fv2%2Fmedia&parent=365"}],"curies":[{"name":"wp","href":"https:\/\/api.w.org\/{rel}","templated":true}]}}