{"id":359,"date":"2025-02-19T11:25:48","date_gmt":"2025-02-19T10:25:48","guid":{"rendered":"https:\/\/paroisses-ambon-damgan-penerf.fr\/?page_id=359"},"modified":"2025-06-05T10:56:19","modified_gmt":"2025-06-05T08:56:19","slug":"chapelle-notre-dame-de-la-paix-a-kervoyal","status":"publish","type":"page","link":"https:\/\/paroisses-ambon-damgan-penerf.fr\/?page_id=359","title":{"rendered":"Chapelle Notre-Dame de la Paix \u00e0 Kervoyal"},"content":{"rendered":"\n<figure class=\"wp-block-image size-full\"><img loading=\"lazy\" decoding=\"async\" width=\"1024\" height=\"768\" src=\"http:\/\/paroisses-ambon-damgan-penerf.fr\/wp-content\/uploads\/2025\/06\/Chapelle-Notre-Dame-de-la-Paix-a-Kervoyal.jpg\" alt=\"\" class=\"wp-image-467\" srcset=\"https:\/\/paroisses-ambon-damgan-penerf.fr\/wp-content\/uploads\/2025\/06\/Chapelle-Notre-Dame-de-la-Paix-a-Kervoyal.jpg 1024w, https:\/\/paroisses-ambon-damgan-penerf.fr\/wp-content\/uploads\/2025\/06\/Chapelle-Notre-Dame-de-la-Paix-a-Kervoyal-300x225.jpg 300w, https:\/\/paroisses-ambon-damgan-penerf.fr\/wp-content\/uploads\/2025\/06\/Chapelle-Notre-Dame-de-la-Paix-a-Kervoyal-768x576.jpg 768w\" sizes=\"auto, (max-width: 1024px) 100vw, 1024px\" \/><\/figure>\n\n\n\n<p>C&#8217;est la plus r\u00e9cente du doyenn\u00e9.<\/p>\n\n\n\n<h2 class=\"wp-block-heading\">La premi\u00e8re chapelle fut d\u00e9truite durant la guerre<\/h2>\n\n\n\n<p>Jusqu&#8217;en 1942 il n&#8217;y avait qu&#8217;une sorte de hangar pr\u00e8s des dunes ou les kervoyalais pouvaient prier, mais il fut d\u00e9truit durant l&#8217;occupation pour permettre aux occupants d&#8217;avoir une meilleure visibilit\u00e9 sur la c\u00f4te.<\/p>\n\n\n\n<p>Ainsi, d\u00e8s la fin de la guerre, \u00e0 l\u2019initiative des premi\u00e8res familles de \u00ab&nbsp;baigneurs&nbsp;\u00bb et avec l\u2019adh\u00e9sion totale de la population, une cha\u00eene enthousiaste s\u2019est mobilis\u00e9e pour recr\u00e9er un \u00e9difice digne de ce nom. Ainsi, pendant 20 ans de nombreux dons et collectes furent organis\u00e9s lors de festivit\u00e9s dont le succ\u00e8s fut, de m\u00e9moire locale, m\u00e9morable.<\/p>\n\n\n\n<h2 class=\"wp-block-heading\">Une construction r\u00e9cente et populaire.<\/h2>\n\n\n\n<p>L\u2019architecte Colle, de la famille propri\u00e9taire de l&#8217;ancien h\u00f4tel de Kervoyal offrit ses plans originaux d\u2019une barque invers\u00e9e pouvant contenir 150&nbsp; personnes et Monsieur Bergeaud, avec l\u2019accord du dioc\u00e8se, donna un terrain dans le centre du bourg pouvant accueillir cet \u00e9difice.<\/p>\n\n\n\n<p>La premi\u00e8re pierre fut pos\u00e9e le 6 ao\u00fbt 1950 et la premi\u00e8re messe pu y \u00eatre c\u00e9l\u00e9br\u00e9e le 2 ao\u00fbt 1953. En 1962, le dallage du sol en ardoise (en remplacement du sable) se termina au grand d\u00e9triment des enfants qui ne pouvaient plus y jouer! Monsieur Lamy, artisan local, aid\u00e9 de sa femme, Monique, posa les vitraux entre 1967 et 1969. Et l&#8217;\u00e9lectricit\u00e9 vint en 1976\u2026<\/p>\n\n\n\n<figure class=\"wp-block-image\"><img decoding=\"async\" src=\"http:\/\/doyennemuzillac.fr\/wp-content\/uploads\/2021\/03\/Interieur-de-la-chapelle-Notre-dame-de-La-paix-a-Kervoyal-en-1957-1024x740.jpg\" alt=\"\" class=\"wp-image-337\"\/><\/figure>\n\n\n\n<div style=\"height:10px\" aria-hidden=\"true\" class=\"wp-block-spacer\"><\/div>\n\n\n\n<h2 class=\"wp-block-heading\">Des saints voyageurs<\/h2>\n\n\n\n<p>Offerts par le recteur de l&#8217;\u00e9poque, deux saints polychromes du XVe ornent la chapelle: Saint L\u00e9ger (le plus petit) et Saint Thuirin. Ils proviennent d&#8217;une ancienne chapelle \u00e0 P\u00e9nerf, \u00e0 quelques kilom\u00e8tres de l\u00e0. Mais leur plus grand voyage commen\u00e7a en 1968 pour l&#8217;un (Saint L\u00e9ger) et 1970 pour l&#8217;autre, lors de leur vol respectif. Retrouv\u00e9 ensemble \u00e0 Lyon en 1972, ils ont regagn\u00e9 leur place et sont d\u00e9sormais sous vitrine s\u00e9curis\u00e9e. Ils sont \u00e9galement class\u00e9s aux monuments historiques depuis 1984.<\/p>\n\n\n\n<p>Depuis quelques ann\u00e9es la chapelle est moins fr\u00e9quent\u00e9e, mais est toujours ouverte et quelques messes y ont encore lieu chaque mois.<\/p>\n\n\n\n<figure class=\"wp-block-image\"><img decoding=\"async\" src=\"http:\/\/doyennemuzillac.fr\/wp-content\/uploads\/2021\/03\/Interieur-de-la-chapelle-Notre-dame-de-La-paix-a-Kervoyal-aujourdhui-1024x765.jpg\" alt=\"\" class=\"wp-image-339\"\/><\/figure>\n\n\n\n<p>Textes &amp; photos <strong>\u00a9 Hubert Carlier <\/strong>(Sauf cartes anciennes)<\/p>\n\n\n\n<iframe src=\"https:\/\/www.google.com\/maps\/embed?pb=!1m18!1m12!1m3!1d2694.608960767213!2d-2.558050523877789!3d47.51700617118179!2m3!1f0!2f0!3f0!3m2!1i1024!2i768!4f13.1!3m3!1m2!1s0x480ffb0f0155fe19%3A0xeb6d0f6d46e76c2f!2sChapelle%20Notre-Dame%20de%20la%20Paix!5e0!3m2!1sfr!2sfr!4v1749113768633!5m2!1sfr!2sfr\" width=\"600\" height=\"450\" style=\"border:0;\" allowfullscreen=\"\" loading=\"lazy\" referrerpolicy=\"no-referrer-when-downgrade\"><\/iframe>\n","protected":false},"excerpt":{"rendered":"<p>C&#8217;est la plus r\u00e9cente du doyenn\u00e9. La premi\u00e8re chapelle fut d\u00e9truite durant la guerre Jusqu&#8217;en 1942 il n&#8217;y avait qu&#8217;une sorte de hangar pr\u00e8s des dunes ou les kervoyalais pouvaient prier, mais il fut d\u00e9truit durant l&#8217;occupation pour permettre aux occupants d&#8217;avoir une meilleure visibilit\u00e9 sur la c\u00f4te. Ainsi, d\u00e8s la fin de la guerre,<a class=\"more-link\" href=\"https:\/\/paroisses-ambon-damgan-penerf.fr\/?page_id=359\">Lire la suite <span class=\"screen-reader-text\">&#8220;Chapelle Notre-Dame de la Paix \u00e0 Kervoyal&#8221;<\/span><\/a><\/p>\n","protected":false},"author":1,"featured_media":0,"parent":0,"menu_order":0,"comment_status":"closed","ping_status":"closed","template":"","meta":{"iawp_total_views":0,"footnotes":""},"class_list":["post-359","page","type-page","status-publish","hentry","entry"],"_links":{"self":[{"href":"https:\/\/paroisses-ambon-damgan-penerf.fr\/index.php?rest_route=\/wp\/v2\/pages\/359","targetHints":{"allow":["GET"]}}],"collection":[{"href":"https:\/\/paroisses-ambon-damgan-penerf.fr\/index.php?rest_route=\/wp\/v2\/pages"}],"about":[{"href":"https:\/\/paroisses-ambon-damgan-penerf.fr\/index.php?rest_route=\/wp\/v2\/types\/page"}],"author":[{"embeddable":true,"href":"https:\/\/paroisses-ambon-damgan-penerf.fr\/index.php?rest_route=\/wp\/v2\/users\/1"}],"replies":[{"embeddable":true,"href":"https:\/\/paroisses-ambon-damgan-penerf.fr\/index.php?rest_route=%2Fwp%2Fv2%2Fcomments&post=359"}],"version-history":[{"count":4,"href":"https:\/\/paroisses-ambon-damgan-penerf.fr\/index.php?rest_route=\/wp\/v2\/pages\/359\/revisions"}],"predecessor-version":[{"id":504,"href":"https:\/\/paroisses-ambon-damgan-penerf.fr\/index.php?rest_route=\/wp\/v2\/pages\/359\/revisions\/504"}],"wp:attachment":[{"href":"https:\/\/paroisses-ambon-damgan-penerf.fr\/index.php?rest_route=%2Fwp%2Fv2%2Fmedia&parent=359"}],"curies":[{"name":"wp","href":"https:\/\/api.w.org\/{rel}","templated":true}]}}