{"id":356,"date":"2025-02-19T11:20:40","date_gmt":"2025-02-19T10:20:40","guid":{"rendered":"https:\/\/paroisses-ambon-damgan-penerf.fr\/?page_id=356"},"modified":"2025-06-05T10:55:38","modified_gmt":"2025-06-05T08:55:38","slug":"chapelle-saint-mamers-a-yoff","status":"publish","type":"page","link":"https:\/\/paroisses-ambon-damgan-penerf.fr\/?page_id=356","title":{"rendered":"Chapelle Saint-Mamers \u00e0 Yoff"},"content":{"rendered":"\n<figure class=\"wp-block-image size-full\"><img loading=\"lazy\" decoding=\"async\" width=\"1024\" height=\"768\" src=\"http:\/\/paroisses-ambon-damgan-penerf.fr\/wp-content\/uploads\/2025\/06\/Chapelle-Saint-Mamers-a-Yoff.jpg\" alt=\"\" class=\"wp-image-466\" srcset=\"https:\/\/paroisses-ambon-damgan-penerf.fr\/wp-content\/uploads\/2025\/06\/Chapelle-Saint-Mamers-a-Yoff.jpg 1024w, https:\/\/paroisses-ambon-damgan-penerf.fr\/wp-content\/uploads\/2025\/06\/Chapelle-Saint-Mamers-a-Yoff-300x225.jpg 300w, https:\/\/paroisses-ambon-damgan-penerf.fr\/wp-content\/uploads\/2025\/06\/Chapelle-Saint-Mamers-a-Yoff-768x576.jpg 768w\" sizes=\"auto, (max-width: 1024px) 100vw, 1024px\" \/><\/figure>\n\n\n\n<p>Situ\u00e9e sur de nombreux guides de randonn\u00e9es pour son cadre, cette belle chapelle est aussi soumise \u00e0 l&#8217;histoire de son saint gu\u00e9risseur.<\/p>\n\n\n\n<h2 class=\"wp-block-heading\">Appr\u00e9ci\u00e9e pour son cadre<\/h2>\n\n\n\n<p>Aux confins d&#8217;Ambon, pr\u00e8s du&nbsp; bois de Kervezo et surplombant la vall\u00e9e du Saint \u00c9loi et ses anciens marais salants, la chapelle de St Mamers tr\u00f4ne face \u00e0 l&#8217;Oc\u00e9an. Le lieu offre un panorama typique des petites vall\u00e9es bretonnes entre Muzillac et Billiers.<\/p>\n\n\n\n<p>L&#8217;endroit est tr\u00e8s appr\u00e9ci\u00e9 des promeneurs et randonneurs et fait partie d&#8217;un circuit de randonn\u00e9e tr\u00e8s pratiqu\u00e9 et d\u00e9nomm\u00e9 \u00e0 juste titre \u00ab&nbsp;Killig ar Mor&nbsp;\u00bb, qui signifie en breton&nbsp; &#8220;fr\u00e9missement de la mer&nbsp;&#8220;.<\/p>\n\n\n\n<h2 class=\"wp-block-heading\">Une origine myst\u00e9rieuse<\/h2>\n\n\n\n<p>Chapelle modeste des hameaux voisins, on y retrouve le blason des Bavalan tout proche&nbsp;ainsi qu&#8217;une date : 1600. Cependant les murs semblent plus r\u00e9cents. Mais l&#8217;on sait qu&#8217;ente la fin du XIXe et le d\u00e9but du XXe le lieu, \u00e9tant l\u00e9g\u00e8rement en marge de la voie romaine Nantes Vannes, \u00e9tait pris\u00e9 pour ses march\u00e9s et autres foires. Mais l&#8217; on y venait aussi pour d&#8217;autres raisons\u2026<\/p>\n\n\n\n<figure class=\"wp-block-image\"><img decoding=\"async\" src=\"http:\/\/doyennemuzillac.fr\/wp-content\/uploads\/2021\/03\/Interieur-repeint-en-2016-on-y-voit-St-Mamers-a-gauche-1024x682.jpg\" alt=\"\" class=\"wp-image-311\"\/><\/figure>\n\n\n\n<div style=\"height:10px\" aria-hidden=\"true\" class=\"wp-block-spacer\"><\/div>\n\n\n\n<h2 class=\"wp-block-heading\">&nbsp;Saint Mamers, ou le Saint Criard<\/h2>\n\n\n\n<p>Saint Mamers \u00e9tait connu en Bretagne pour soigner les entrailles de chacun. Coliques, infertilit\u00e9s, maux de ventre divers : rien n&#8217;\u00e9chappait \u00e0 ses gu\u00e9risons. Une empreinte de son talon dans le granit aurait \u00e9t\u00e9 \u00e0 l&#8217;origine de l&#8217;emplacement de la chapelle.<\/p>\n\n\n\n<p>Une pierre miraculeuse a ainsi longtemps \u00e9t\u00e9 expos\u00e9e \u00e0 l&#8217;int\u00e9rieur. Le culte s&#8217;est aujourd&#8217;hui report\u00e9 sur la belle croix d&#8217;\u00e9poque toute proche. Il reste de cela les cris des malades prenant \u00e9cho dans la vall\u00e9e et qui ont donn\u00e9s au saint son surnom, celui de Saint Criard\u2026<\/p>\n\n\n\n<h2 class=\"wp-block-heading\">Une restauration r\u00e9cente<\/h2>\n\n\n\n<p>Depuis 1999 et au fil des aides, revenus et autres disponibilit\u00e9s, l&#8217;Association Saint Mamers a r\u00e9ussi sa restauration. Pendant de longues ann\u00e9es et apr\u00e8s un renouveau en 2014, les travaux se sont acc\u00e9l\u00e9r\u00e9s : les alentours ont \u00e9t\u00e9 refaits ainsi que les peintures int\u00e9rieures. Et toutes les belles statues de bois restaur\u00e9es, dont celle de St Mamers portant des entrailles.<\/p>\n\n\n\n<p>De plus, en nettoyant&nbsp; et grattant les b\u00e9n\u00e9voles ont d\u00e9couvert un&nbsp; b\u00e9nitier en pierre datant de la construction de la chapelle !<\/p>\n\n\n\n<figure class=\"wp-block-image\"><img decoding=\"async\" src=\"http:\/\/doyennemuzillac.fr\/wp-content\/uploads\/2021\/03\/Saint-Mamers-et-sa-croix--1024x785.jpg\" alt=\"\" class=\"wp-image-312\"\/><\/figure>\n\n\n\n<p>Textes &amp; photos <strong>\u00a9 Hubert Carlier <\/strong>(Sauf cartes anciennes)<\/p>\n\n\n\n<iframe src=\"https:\/\/www.google.com\/maps\/embed?pb=!1m18!1m12!1m3!1d2693.239837716316!2d-2.497684723876157!3d47.543660671184135!2m3!1f0!2f0!3f0!3m2!1i1024!2i768!4f13.1!3m3!1m2!1s0x480ff17e4dec0759%3A0x6711af30463774d6!2sChapelle%20Saint-Mamers!5e0!3m2!1sfr!2sfr!4v1749113713064!5m2!1sfr!2sfr\" width=\"600\" height=\"450\" style=\"border:0;\" allowfullscreen=\"\" loading=\"lazy\" referrerpolicy=\"no-referrer-when-downgrade\"><\/iframe>\n","protected":false},"excerpt":{"rendered":"<p>Situ\u00e9e sur de nombreux guides de randonn\u00e9es pour son cadre, cette belle chapelle est aussi soumise \u00e0 l&#8217;histoire de son saint gu\u00e9risseur. Appr\u00e9ci\u00e9e pour son cadre Aux confins d&#8217;Ambon, pr\u00e8s du&nbsp; bois de Kervezo et surplombant la vall\u00e9e du Saint \u00c9loi et ses anciens marais salants, la chapelle de St Mamers tr\u00f4ne face \u00e0 l&#8217;Oc\u00e9an.<a class=\"more-link\" href=\"https:\/\/paroisses-ambon-damgan-penerf.fr\/?page_id=356\">Lire la suite <span class=\"screen-reader-text\">&#8220;Chapelle Saint-Mamers \u00e0 Yoff&#8221;<\/span><\/a><\/p>\n","protected":false},"author":1,"featured_media":0,"parent":0,"menu_order":0,"comment_status":"closed","ping_status":"closed","template":"","meta":{"iawp_total_views":0,"footnotes":""},"class_list":["post-356","page","type-page","status-publish","hentry","entry"],"_links":{"self":[{"href":"https:\/\/paroisses-ambon-damgan-penerf.fr\/index.php?rest_route=\/wp\/v2\/pages\/356","targetHints":{"allow":["GET"]}}],"collection":[{"href":"https:\/\/paroisses-ambon-damgan-penerf.fr\/index.php?rest_route=\/wp\/v2\/pages"}],"about":[{"href":"https:\/\/paroisses-ambon-damgan-penerf.fr\/index.php?rest_route=\/wp\/v2\/types\/page"}],"author":[{"embeddable":true,"href":"https:\/\/paroisses-ambon-damgan-penerf.fr\/index.php?rest_route=\/wp\/v2\/users\/1"}],"replies":[{"embeddable":true,"href":"https:\/\/paroisses-ambon-damgan-penerf.fr\/index.php?rest_route=%2Fwp%2Fv2%2Fcomments&post=356"}],"version-history":[{"count":3,"href":"https:\/\/paroisses-ambon-damgan-penerf.fr\/index.php?rest_route=\/wp\/v2\/pages\/356\/revisions"}],"predecessor-version":[{"id":503,"href":"https:\/\/paroisses-ambon-damgan-penerf.fr\/index.php?rest_route=\/wp\/v2\/pages\/356\/revisions\/503"}],"wp:attachment":[{"href":"https:\/\/paroisses-ambon-damgan-penerf.fr\/index.php?rest_route=%2Fwp%2Fv2%2Fmedia&parent=356"}],"curies":[{"name":"wp","href":"https:\/\/api.w.org\/{rel}","templated":true}]}}