{"id":350,"date":"2025-02-19T11:15:38","date_gmt":"2025-02-19T10:15:38","guid":{"rendered":"https:\/\/paroisses-ambon-damgan-penerf.fr\/?page_id=350"},"modified":"2025-06-05T10:53:32","modified_gmt":"2025-06-05T08:53:32","slug":"chapelle-de-mille-secours-de-brouel","status":"publish","type":"page","link":"https:\/\/paroisses-ambon-damgan-penerf.fr\/?page_id=350","title":{"rendered":"Chapelle de Mille Secours de Brou\u00ebl"},"content":{"rendered":"\n<figure class=\"wp-block-image size-full alignnone size-large wp-image-299\"><img loading=\"lazy\" decoding=\"async\" width=\"1024\" height=\"768\" src=\"http:\/\/paroisses-ambon-damgan-penerf.fr\/wp-content\/uploads\/2025\/06\/Chapelle-de-Mille-secours-de-Brouel.jpg\" alt=\"\" class=\"wp-image-463\" srcset=\"https:\/\/paroisses-ambon-damgan-penerf.fr\/wp-content\/uploads\/2025\/06\/Chapelle-de-Mille-secours-de-Brouel.jpg 1024w, https:\/\/paroisses-ambon-damgan-penerf.fr\/wp-content\/uploads\/2025\/06\/Chapelle-de-Mille-secours-de-Brouel-300x225.jpg 300w, https:\/\/paroisses-ambon-damgan-penerf.fr\/wp-content\/uploads\/2025\/06\/Chapelle-de-Mille-secours-de-Brouel-768x576.jpg 768w\" sizes=\"auto, (max-width: 1024px) 100vw, 1024px\" \/><figcaption class=\"wp-element-caption\">La fa\u00e7ade, class\u00e9e au MH en 1925<\/figcaption><\/figure>\n\n\n\n<p>Nous voici au-dessus des marais d&#8217;Ambon sur l&#8217;axe Ambon &#8211; Surzur.<\/p>\n\n\n\n<h2 class=\"wp-block-heading\">Un ancien port de commerce<\/h2>\n\n\n\n<p>Situ\u00e9 au fond d&#8217;un \u00e9tier de la rivi\u00e8re de P\u00e9nerf pr\u00e8s de l&#8217;ancien port de Sablec, le lieu t\u00e9moigne d&#8217;une grande activit\u00e9 au XVI\u00e8me si\u00e8cle puisque c&#8217;est de l\u00e0 que partait la farine issue du moulin de Billion tout proche. Des \u00e9pis de bl\u00e9 et des bateaux sur les vitraux t\u00e9moignent de cette p\u00e9riode faste.<\/p>\n\n\n\n<p>Il y \u00e9tait \u00e9galement fait commerce du sel issu des marais salants et de produits fermiers locaux. Ils \u00e9taient achemin\u00e9s sur des &#8220;plates&#8221; au port de P\u00e9nerf pour embarquer vers Vannes ou Bordeaux, o\u00f9 ils \u00e9taient \u00e9chang\u00e9s contre du vin\u2026<\/p>\n\n\n\n<figure class=\"wp-block-image\"><img decoding=\"async\" src=\"http:\/\/doyennemuzillac.fr\/wp-content\/uploads\/2021\/03\/titre-Exterieur-de-la-Chapelle-de-Brouel-1024x768.jpg\" alt=\"\" class=\"wp-image-718\"\/><\/figure>\n\n\n\n<div style=\"height:10px\" aria-hidden=\"true\" class=\"wp-block-spacer\"><\/div>\n\n\n\n<h2 class=\"wp-block-heading\">Une population grandissante<\/h2>\n\n\n\n<p>Cette activit\u00e9 florissante eut comme cons\u00e9quence d&#8217;augmenter la population, qu&#8217;elle soit de passage comme les marins ou n\u00e9gociants, ou locales, comme les commer\u00e7ants et les paysans. Il fallait donc un lieu de culte.<\/p>\n\n\n\n<p>Sa construction fut&nbsp; termin\u00e9e en 1580, elle d\u00e9pendait alors du seigneur de Pendulzo pr\u00e8s de Surzur. \u00c0 la R\u00e9volution, elle est devenue une chapelle frairiale (paroisse regroupant plusieurs hameaux) pour Brouel (la mer) et Billion (la terre). Et fut c\u00e9d\u00e9 \u00e0 la commune en 1852\u2026<\/p>\n\n\n\n<figure class=\"wp-block-image\"><img decoding=\"async\" src=\"http:\/\/doyennemuzillac.fr\/wp-content\/uploads\/2021\/03\/article-Linterieur-sobre-de-la-chapelle-1024x791.jpg\" alt=\"\" class=\"wp-image-300\"\/><\/figure>\n\n\n\n<div style=\"height:10px\" aria-hidden=\"true\" class=\"wp-block-spacer\"><\/div>\n\n\n\n<h2 class=\"wp-block-heading\">Deux particularit\u00e9s notables<\/h2>\n\n\n\n<p>Sa premi\u00e8re originalit\u00e9 vient du fait qu&#8217;en 1630, sur instruction du recteur, une maison vint s&#8217;adosser sur son pignon oriental. Elle fut d\u00e9volue au chapelain et de son servant d\u00e9vou\u00e9 \u00e0 aider les habitants alentour. Ce qui lui conf\u00e8re une forme tr\u00e8s inhabituelle.<\/p>\n\n\n\n<p>Ensuite, il y a ce contraste tr\u00e8s \u00e9tonnant entre l&#8217;aspect sophistiqu\u00e9 et gothique de la fa\u00e7ade, avec notamment cette double porte fine et haute, et l&#8217;humble simplicit\u00e9 de son int\u00e9rieur.<\/p>\n\n\n\n<p>C&#8217;est donc un lieu agr\u00e9able et charg\u00e9 d&#8217;histoire qui de plus, jouxte l&#8217;ancienne voie ferr\u00e9e dor\u00e9navant am\u00e9nag\u00e9e en une agr\u00e9able promenade sinuant \u00e0 travers les marais.<\/p>\n\n\n<div class=\"wp-block-image alignnone size-large wp-image-301\">\n<figure class=\"aligncenter\"><img decoding=\"async\" src=\"http:\/\/doyennemuzillac.fr\/wp-content\/uploads\/2021\/03\/Mariage-breton-dans-les-annees-30-a-la-chapelle-de-brouel-663x1024.jpg\" alt=\"\" class=\"wp-image-301\"\/><figcaption class=\"wp-element-caption\">Mariage breton dans les ann\u00e9es 30 \u00e0 la chapelle de Brou\u00ebl<\/figcaption><\/figure>\n<\/div>\n\n\n<p>Textes &amp; photos <strong>\u00a9 Hubert Carlier <\/strong>(Sauf cartes anciennes)<\/p>\n\n\n\n<iframe src=\"https:\/\/www.google.com\/maps\/embed?pb=!1m18!1m12!1m3!1d2692.492613570048!2d-2.5732017238752265!3d47.5582030711854!2m3!1f0!2f0!3f0!3m2!1i1024!2i768!4f13.1!3m3!1m2!1s0x480ffb2b87ec0401%3A0xf024869e22575c49!2sChapelle%20Notre-Dame%20des%20Mille%20Secours!5e0!3m2!1sfr!2sfr!4v1749113597452!5m2!1sfr!2sfr\" width=\"600\" height=\"450\" style=\"border:0;\" allowfullscreen=\"\" loading=\"lazy\" referrerpolicy=\"no-referrer-when-downgrade\"><\/iframe>\n","protected":false},"excerpt":{"rendered":"<p>Nous voici au-dessus des marais d&#8217;Ambon sur l&#8217;axe Ambon &#8211; Surzur. Un ancien port de commerce Situ\u00e9 au fond d&#8217;un \u00e9tier de la rivi\u00e8re de P\u00e9nerf pr\u00e8s de l&#8217;ancien port de Sablec, le lieu t\u00e9moigne d&#8217;une grande activit\u00e9 au XVI\u00e8me si\u00e8cle puisque c&#8217;est de l\u00e0 que partait la farine issue du moulin de Billion tout<a class=\"more-link\" href=\"https:\/\/paroisses-ambon-damgan-penerf.fr\/?page_id=350\">Lire la suite <span class=\"screen-reader-text\">&#8220;Chapelle de Mille Secours de Brou\u00ebl&#8221;<\/span><\/a><\/p>\n","protected":false},"author":1,"featured_media":0,"parent":0,"menu_order":0,"comment_status":"closed","ping_status":"closed","template":"","meta":{"iawp_total_views":0,"footnotes":""},"class_list":["post-350","page","type-page","status-publish","hentry","entry"],"_links":{"self":[{"href":"https:\/\/paroisses-ambon-damgan-penerf.fr\/index.php?rest_route=\/wp\/v2\/pages\/350","targetHints":{"allow":["GET"]}}],"collection":[{"href":"https:\/\/paroisses-ambon-damgan-penerf.fr\/index.php?rest_route=\/wp\/v2\/pages"}],"about":[{"href":"https:\/\/paroisses-ambon-damgan-penerf.fr\/index.php?rest_route=\/wp\/v2\/types\/page"}],"author":[{"embeddable":true,"href":"https:\/\/paroisses-ambon-damgan-penerf.fr\/index.php?rest_route=\/wp\/v2\/users\/1"}],"replies":[{"embeddable":true,"href":"https:\/\/paroisses-ambon-damgan-penerf.fr\/index.php?rest_route=%2Fwp%2Fv2%2Fcomments&post=350"}],"version-history":[{"count":5,"href":"https:\/\/paroisses-ambon-damgan-penerf.fr\/index.php?rest_route=\/wp\/v2\/pages\/350\/revisions"}],"predecessor-version":[{"id":500,"href":"https:\/\/paroisses-ambon-damgan-penerf.fr\/index.php?rest_route=\/wp\/v2\/pages\/350\/revisions\/500"}],"wp:attachment":[{"href":"https:\/\/paroisses-ambon-damgan-penerf.fr\/index.php?rest_route=%2Fwp%2Fv2%2Fmedia&parent=350"}],"curies":[{"name":"wp","href":"https:\/\/api.w.org\/{rel}","templated":true}]}}