{"id":348,"date":"2025-02-19T11:14:26","date_gmt":"2025-02-19T10:14:26","guid":{"rendered":"https:\/\/paroisses-ambon-damgan-penerf.fr\/?page_id=348"},"modified":"2025-06-05T10:54:18","modified_gmt":"2025-06-05T08:54:18","slug":"chapelle-de-bavalan","status":"publish","type":"page","link":"https:\/\/paroisses-ambon-damgan-penerf.fr\/?page_id=348","title":{"rendered":"Chapelle de Bavalan"},"content":{"rendered":"\n<figure class=\"wp-block-image size-full\"><img loading=\"lazy\" decoding=\"async\" width=\"1024\" height=\"768\" src=\"http:\/\/paroisses-ambon-damgan-penerf.fr\/wp-content\/uploads\/2025\/06\/Chapelle-de-Bavalan.jpg\" alt=\"\" class=\"wp-image-464\" srcset=\"https:\/\/paroisses-ambon-damgan-penerf.fr\/wp-content\/uploads\/2025\/06\/Chapelle-de-Bavalan.jpg 1024w, https:\/\/paroisses-ambon-damgan-penerf.fr\/wp-content\/uploads\/2025\/06\/Chapelle-de-Bavalan-300x225.jpg 300w, https:\/\/paroisses-ambon-damgan-penerf.fr\/wp-content\/uploads\/2025\/06\/Chapelle-de-Bavalan-768x576.jpg 768w\" sizes=\"auto, (max-width: 1024px) 100vw, 1024px\" \/><\/figure>\n\n\n\n<p>Cette minuscule chapelle du XV\u00e8me cache, outre sa charpente d&#8217;origine, un tr\u00e9sor unique dans son sous-sol: des graffitis du XVIIe&#8230;<\/p>\n\n\n\n<h2 class=\"wp-block-heading\">Une famille puissante<\/h2>\n\n\n\n<p>Proche des rois de Bretagne, la famille de Bavalan (ou Bavazlan) poss\u00e9dait des terres sur une circonf\u00e9rence d&#8217;environ 20 km autour de Muzillac. C&#8217;\u00e9tait l&#8217;une des plus riches seigneuries du sud du Morbihan du XII\u00e8me au XVI\u00e8me. L&#8217;un fut \u00e9v\u00eaque de Nantes, un autre prot\u00e9gea Vannes pendant des ann\u00e9e, mais le plus c\u00e9l\u00e8bre, Jean, fut ambassadeur \u00e0 Londres avant de mourir \u00e0 Ambon en 1400. Leur manoir se devait d&#8217;avoir une chapelle priv\u00e9e et ce fut Amaury,&nbsp; l&#8217;un des descendants, qui la construisit vers 1466.<\/p>\n\n\n\n<h2 class=\"wp-block-heading\">Une Restauration sous surveillance<\/h2>\n\n\n\n<p>Class\u00e9e en 2009 pour son t\u00e9moignage historique unique, la chapelle fut restaur\u00e9e en 2012. Le financement a \u00e9t\u00e9 int\u00e9gralement&nbsp; fourni par tous les services de l&#8217;\u00e9tat concern\u00e9 et donc tr\u00e8s encadr\u00e9. La premi\u00e8re phase fut d&#8217;en d\u00e9gager l&#8217;acc\u00e8s (elle \u00e9tait cern\u00e9e de cabanons, ruines, orni\u00e8res, etc..). Ensuite se fut la consolidation et enfin l&#8217;int\u00e9rieur.<\/p>\n\n\n\n<figure class=\"wp-block-image\"><img decoding=\"async\" src=\"http:\/\/doyennemuzillac.fr\/wp-content\/uploads\/2021\/03\/Vue-Interieure-avec-la-charpente.jpg\" alt=\"\" class=\"wp-image-295\"\/><\/figure>\n\n\n\n<h2 class=\"wp-block-heading\">Un joyau int\u00e9rieur<\/h2>\n\n\n\n<p>On y p\u00e9n\u00e8tre par une superbe porte gothique et ce qui frappe \u00e0 l&#8217;int\u00e9rieur est cette extraordinaire charpente en car\u00e8ne renvers\u00e9e&nbsp; qui s\u2019appuie sur des sabli\u00e8res moulur\u00e9es et sculpt\u00e9es. En ch\u00e2taigner massif, elle date du XV\u00e8me. On remarque&nbsp; \u00e9galement plusieurs vases acoustiques, typiques du moyen \u00e2ge, qui donnaient une r\u00e9sonnance envoutante aux chants.<\/p>\n\n\n\n<h2 class=\"wp-block-heading\">Le myst\u00e8re des graffitis<\/h2>\n\n\n\n<p>Mais ce qui caract\u00e9rise le plus la chapelle est son rare sous-sol , dont on ignore l&#8217;utilit\u00e9 r\u00e9elle. On y p\u00e9n\u00e8tre par l&#8217;ext\u00e9rieur et c&#8217;est l\u00e0 que se trouvent les 137 graffitis maritimes grav\u00e9s dans la pierre ou sur l&#8217;enduit. Tous repr\u00e9sentent des navires du XVII\u00e8me et XVII\u00e8me et deux mesurent m\u00eame plus d&#8217;un m\u00e8tre!<\/p>\n\n\n\n<p>Plusieurs hypoth\u00e8ses ont tour \u00e0 tour \u00e9t\u00e9 soutenues: dessins d&#8217;enfants, exvotos, traces de prisonniers, t\u00e9moignages de la famille de Bavalan ou souvenirs du blocus de la Vilaine au XVIII\u00e8me. L&#8217;histoire demeure et la science h\u00e9site\u2026<\/p>\n\n\n\n<figure class=\"wp-block-image\"><img decoding=\"async\" src=\"http:\/\/doyennemuzillac.fr\/wp-content\/uploads\/2021\/03\/2-des-137-graffitis-representants-des-navires-anciens-1024x410.jpg\" alt=\"\" class=\"wp-image-296\"\/><\/figure>\n\n\n\n<p>Textes &amp; photos <strong>\u00a9 Hubert Carlier <\/strong>(Sauf cartes anciennes)<\/p>\n\n\n\n<iframe src=\"https:\/\/www.google.com\/maps\/embed?pb=!1m18!1m12!1m3!1d2693.3221661606867!2d-2.508798013380997!3d47.54205819688403!2m3!1f0!2f0!3f0!3m2!1i1024!2i768!4f13.1!3m3!1m2!1s0x480ff11fb19f71cd%3A0xd3b36c4d9d6e42e5!2sChapelle%20de%20Bavalan!5e0!3m2!1sfr!2sfr!4v1749113647009!5m2!1sfr!2sfr\" width=\"600\" height=\"450\" style=\"border:0;\" allowfullscreen=\"\" loading=\"lazy\" referrerpolicy=\"no-referrer-when-downgrade\"><\/iframe>\n","protected":false},"excerpt":{"rendered":"<p>Cette minuscule chapelle du XV\u00e8me cache, outre sa charpente d&#8217;origine, un tr\u00e9sor unique dans son sous-sol: des graffitis du XVIIe&#8230; Une famille puissante Proche des rois de Bretagne, la famille de Bavalan (ou Bavazlan) poss\u00e9dait des terres sur une circonf\u00e9rence d&#8217;environ 20 km autour de Muzillac. C&#8217;\u00e9tait l&#8217;une des plus riches seigneuries du sud du<a class=\"more-link\" href=\"https:\/\/paroisses-ambon-damgan-penerf.fr\/?page_id=348\">Lire la suite <span class=\"screen-reader-text\">&#8220;Chapelle de Bavalan&#8221;<\/span><\/a><\/p>\n","protected":false},"author":1,"featured_media":0,"parent":0,"menu_order":0,"comment_status":"closed","ping_status":"closed","template":"","meta":{"iawp_total_views":0,"footnotes":""},"class_list":["post-348","page","type-page","status-publish","hentry","entry"],"_links":{"self":[{"href":"https:\/\/paroisses-ambon-damgan-penerf.fr\/index.php?rest_route=\/wp\/v2\/pages\/348","targetHints":{"allow":["GET"]}}],"collection":[{"href":"https:\/\/paroisses-ambon-damgan-penerf.fr\/index.php?rest_route=\/wp\/v2\/pages"}],"about":[{"href":"https:\/\/paroisses-ambon-damgan-penerf.fr\/index.php?rest_route=\/wp\/v2\/types\/page"}],"author":[{"embeddable":true,"href":"https:\/\/paroisses-ambon-damgan-penerf.fr\/index.php?rest_route=\/wp\/v2\/users\/1"}],"replies":[{"embeddable":true,"href":"https:\/\/paroisses-ambon-damgan-penerf.fr\/index.php?rest_route=%2Fwp%2Fv2%2Fcomments&post=348"}],"version-history":[{"count":3,"href":"https:\/\/paroisses-ambon-damgan-penerf.fr\/index.php?rest_route=\/wp\/v2\/pages\/348\/revisions"}],"predecessor-version":[{"id":501,"href":"https:\/\/paroisses-ambon-damgan-penerf.fr\/index.php?rest_route=\/wp\/v2\/pages\/348\/revisions\/501"}],"wp:attachment":[{"href":"https:\/\/paroisses-ambon-damgan-penerf.fr\/index.php?rest_route=%2Fwp%2Fv2%2Fmedia&parent=348"}],"curies":[{"name":"wp","href":"https:\/\/api.w.org\/{rel}","templated":true}]}}