{"id":346,"date":"2025-02-19T11:12:01","date_gmt":"2025-02-19T10:12:01","guid":{"rendered":"https:\/\/paroisses-ambon-damgan-penerf.fr\/?page_id=346"},"modified":"2025-06-05T10:54:50","modified_gmt":"2025-06-05T08:54:50","slug":"chapelle-sainte-julitte","status":"publish","type":"page","link":"https:\/\/paroisses-ambon-damgan-penerf.fr\/?page_id=346","title":{"rendered":"Chapelle Sainte Julitte"},"content":{"rendered":"\n<figure class=\"wp-block-image size-full\"><img loading=\"lazy\" decoding=\"async\" width=\"1024\" height=\"767\" src=\"http:\/\/paroisses-ambon-damgan-penerf.fr\/wp-content\/uploads\/2025\/06\/Chapelle-Sainte-Julitte.jpg\" alt=\"\" class=\"wp-image-465\" srcset=\"https:\/\/paroisses-ambon-damgan-penerf.fr\/wp-content\/uploads\/2025\/06\/Chapelle-Sainte-Julitte.jpg 1024w, https:\/\/paroisses-ambon-damgan-penerf.fr\/wp-content\/uploads\/2025\/06\/Chapelle-Sainte-Julitte-300x225.jpg 300w, https:\/\/paroisses-ambon-damgan-penerf.fr\/wp-content\/uploads\/2025\/06\/Chapelle-Sainte-Julitte-768x575.jpg 768w\" sizes=\"auto, (max-width: 1024px) 100vw, 1024px\" \/><\/figure>\n\n\n\n<p>Situ\u00e9e sur un circuit de randonn\u00e9e au d\u00e9part d&#8217;Ambon, il ne faut pas louper non plus sa fontaine class\u00e9e aux Monuments historiques<\/p>\n\n\n\n<h2 class=\"wp-block-heading\">D\u00e9di\u00e9e \u00e0 Sainte Julitte<\/h2>\n\n\n\n<p>En l&#8217;an 300, Julitte de Tarse \u00e9tait une veuve chr\u00e9tienne fortun\u00e9e qui vivait en Turquie. D\u00e9pouill\u00e9e par un homme d&#8217;affaire elle voulut le poursuivre en justice. Mais un chr\u00e9tien ne pouvait avoir \u00e0 la justice locale.<\/p>\n\n\n\n<p>Celle-ci refusa de renia sa foi lors du jugement. Le gouverneur exc\u00e9d\u00e9 tua son jeune fils (Saint-Cyr), la supplicia et lui fit trancher la t\u00eate. Saint Cyr et Sainte Julitte sont souvent associ\u00e9s comme martyres et donnent leur nom \u00e0 de nombreuses \u00e9glises comme \u00e0 celle du bourg d&#8217;Ambon.<\/p>\n\n\n\n<figure class=\"wp-block-image alignnone size-large wp-image-305\"><img decoding=\"async\" src=\"http:\/\/doyennemuzillac.fr\/wp-content\/uploads\/2021\/03\/les-beaux-vitreaux-evoquant-Saint-Cyr-et-Sainte-Julitte-1024x864.jpg\" alt=\"\" class=\"wp-image-305\"\/><figcaption class=\"wp-element-caption\">les beaux vitraux \u00e9voquant Saint Cyr et Sainte Julitte<\/figcaption><\/figure>\n\n\n\n<h2 class=\"wp-block-heading\">Une ancienne chapelle d\u00e9truite<\/h2>\n\n\n\n<p>L&#8217;endroit \u00e9loign\u00e9 du bourg abritait d\u00e9j\u00e0 une chapelle depuis 1677 qui fut d\u00e9truite pendant la r\u00e9volution. Les pierres servirent en 1807 pour la construction d&#8217;une caserne des douanes dite de Sainte-Lucie.<\/p>\n\n\n\n<p>Celle -ci fut \u00e0 son tour d\u00e9truite en 1846 pour reb\u00e2tir la chapelle que nous connaissons aujourd&#8217;hui. De forme simple, elle ne comprend qu&#8217;une petite porte et deux fen\u00eatres. Elle connut son apog\u00e9e au d\u00e9but du XXe ou elle servait de point de d\u00e9part aux p\u00e8lerins de Damgan et Ambon allant \u00e0 Notre Dame de La Clart\u00e9 situ\u00e9e \u00e0 3 km de l\u00e0, \u00e0 Lauzach.<\/p>\n\n\n\n<h2 class=\"wp-block-heading\">Une lente d\u00e9saffection<\/h2>\n\n\n\n<p>Apr\u00e8s la premi\u00e8re guerre mondiale les p\u00e8lerins se firent de plus en plus rare et le b\u00e2timent se d\u00e9t\u00e9riora progressivement jusqu&#8217;au ann\u00e9es 80. C&#8217;est \u00e0 cette \u00e9poque que Breizh Santel, une association de sauvegarde du patrimoine breton initia sa r\u00e9habilitation.<\/p>\n\n\n\n<p>A partir de 1984 un pardon fut mis en place et les travaux r\u00e9alis\u00e9s par Les Amis de La Chapelle commenc\u00e8rent l&#8217;ann\u00e9e suivante pour durer 3 ans.<\/p>\n\n\n\n<figure class=\"wp-block-image\"><img decoding=\"async\" src=\"http:\/\/doyennemuzillac.fr\/wp-content\/uploads\/2021\/03\/Linterieur-depouille-de-la-chapelle-1024x768.jpg\" alt=\"\" class=\"wp-image-306\"\/><\/figure>\n\n\n\n<div style=\"height:10px\" aria-hidden=\"true\" class=\"wp-block-spacer\"><\/div>\n\n\n\n<h2 class=\"wp-block-heading\">Une belle reconstruction<\/h2>\n\n\n\n<p>La vo\u00fbte lambriss\u00e9e en berceau a \u00e9t\u00e9 refaite et des vitraux ajout\u00e9s. R\u00e9alis\u00e9s de morceaux de verres color\u00e9s ils \u00e9voquent la vie de Saint Cyr et Sainte Julitte. Saints qui sont \u00e9galement repr\u00e9sent\u00e9s sur les statues situ\u00e9es de part et d&#8217;autres de l&#8217;autel.<\/p>\n\n\n\n<p>Signalons enfin que sa fontaine, situ\u00e9e de l&#8217;autre c\u00f4t\u00e9 de la RN165 est de toute beaut\u00e9. Datant de 1677, comme la premi\u00e8re chapelle, elle est inscrites aux Monuments Historiques depuis 1934.<\/p>\n\n\n\n<figure class=\"wp-block-image\"><img decoding=\"async\" src=\"http:\/\/doyennemuzillac.fr\/wp-content\/uploads\/2021\/03\/La-fontaine-classee-Ste-Julitte-a-Ambon-1024x768.jpg\" alt=\"\" class=\"wp-image-307\"\/><\/figure>\n\n\n\n<div style=\"height:10px\" aria-hidden=\"true\" class=\"wp-block-spacer\"><\/div>\n\n\n\n<p>Textes &amp; photos <strong>\u00a9 Hubert Carlier <\/strong>(Sauf cartes anciennes)<\/p>\n\n\n\n<iframe src=\"https:\/\/www.google.com\/maps\/embed?pb=!1m18!1m12!1m3!1d2690.825450419266!2d-2.555312823873258!3d47.59063707118836!2m3!1f0!2f0!3f0!3m2!1i1024!2i768!4f13.1!3m3!1m2!1s0x480fe579c699b767%3A0xa38aee422f61d0a1!2sChapelle%20Sainte-Julitte!5e0!3m2!1sfr!2sfr!4v1749113673396!5m2!1sfr!2sfr\" width=\"600\" height=\"450\" style=\"border:0;\" allowfullscreen=\"\" loading=\"lazy\" referrerpolicy=\"no-referrer-when-downgrade\"><\/iframe>\n","protected":false},"excerpt":{"rendered":"<p>Situ\u00e9e sur un circuit de randonn\u00e9e au d\u00e9part d&#8217;Ambon, il ne faut pas louper non plus sa fontaine class\u00e9e aux Monuments historiques D\u00e9di\u00e9e \u00e0 Sainte Julitte En l&#8217;an 300, Julitte de Tarse \u00e9tait une veuve chr\u00e9tienne fortun\u00e9e qui vivait en Turquie. D\u00e9pouill\u00e9e par un homme d&#8217;affaire elle voulut le poursuivre en justice. Mais un chr\u00e9tien<a class=\"more-link\" href=\"https:\/\/paroisses-ambon-damgan-penerf.fr\/?page_id=346\">Lire la suite <span class=\"screen-reader-text\">&#8220;Chapelle Sainte Julitte&#8221;<\/span><\/a><\/p>\n","protected":false},"author":1,"featured_media":0,"parent":0,"menu_order":0,"comment_status":"closed","ping_status":"closed","template":"","meta":{"iawp_total_views":0,"footnotes":""},"class_list":["post-346","page","type-page","status-publish","hentry","entry"],"_links":{"self":[{"href":"https:\/\/paroisses-ambon-damgan-penerf.fr\/index.php?rest_route=\/wp\/v2\/pages\/346","targetHints":{"allow":["GET"]}}],"collection":[{"href":"https:\/\/paroisses-ambon-damgan-penerf.fr\/index.php?rest_route=\/wp\/v2\/pages"}],"about":[{"href":"https:\/\/paroisses-ambon-damgan-penerf.fr\/index.php?rest_route=\/wp\/v2\/types\/page"}],"author":[{"embeddable":true,"href":"https:\/\/paroisses-ambon-damgan-penerf.fr\/index.php?rest_route=\/wp\/v2\/users\/1"}],"replies":[{"embeddable":true,"href":"https:\/\/paroisses-ambon-damgan-penerf.fr\/index.php?rest_route=%2Fwp%2Fv2%2Fcomments&post=346"}],"version-history":[{"count":5,"href":"https:\/\/paroisses-ambon-damgan-penerf.fr\/index.php?rest_route=\/wp\/v2\/pages\/346\/revisions"}],"predecessor-version":[{"id":502,"href":"https:\/\/paroisses-ambon-damgan-penerf.fr\/index.php?rest_route=\/wp\/v2\/pages\/346\/revisions\/502"}],"wp:attachment":[{"href":"https:\/\/paroisses-ambon-damgan-penerf.fr\/index.php?rest_route=%2Fwp%2Fv2%2Fmedia&parent=346"}],"curies":[{"name":"wp","href":"https:\/\/api.w.org\/{rel}","templated":true}]}}