{"id":342,"date":"2025-02-19T11:07:56","date_gmt":"2025-02-19T10:07:56","guid":{"rendered":"https:\/\/paroisses-ambon-damgan-penerf.fr\/?page_id=342"},"modified":"2025-06-05T10:52:16","modified_gmt":"2025-06-05T08:52:16","slug":"chapelle-saint-tugdual-de-cromenach","status":"publish","type":"page","link":"https:\/\/paroisses-ambon-damgan-penerf.fr\/?page_id=342","title":{"rendered":"Chapelle Saint Tugdual de Cromenac&#8217;h"},"content":{"rendered":"\n<figure class=\"wp-block-image size-full\"><img loading=\"lazy\" decoding=\"async\" width=\"1024\" height=\"768\" src=\"http:\/\/paroisses-ambon-damgan-penerf.fr\/wp-content\/uploads\/2025\/06\/Chapelle-Saint-Tugdual-de-Cromenach.jpg\" alt=\"\" class=\"wp-image-462\" srcset=\"https:\/\/paroisses-ambon-damgan-penerf.fr\/wp-content\/uploads\/2025\/06\/Chapelle-Saint-Tugdual-de-Cromenach.jpg 1024w, https:\/\/paroisses-ambon-damgan-penerf.fr\/wp-content\/uploads\/2025\/06\/Chapelle-Saint-Tugdual-de-Cromenach-300x225.jpg 300w, https:\/\/paroisses-ambon-damgan-penerf.fr\/wp-content\/uploads\/2025\/06\/Chapelle-Saint-Tugdual-de-Cromenach-768x576.jpg 768w\" sizes=\"auto, (max-width: 1024px) 100vw, 1024px\" \/><\/figure>\n\n\n\n<div style=\"height:10px\" aria-hidden=\"true\" class=\"wp-block-spacer\"><\/div>\n\n\n\n<p>Voil\u00e0 &nbsp;une petite chapelle aupr\u00e8s de la mer, sur un site magnifique et sauvage: le hameau de Cromenach, \u00e0 Ambon. Surplombant les falaises de l&#8217;entr\u00e9e de l&#8217;estuaire de la Vilaine, cette charmante chapelle est situ\u00e9e sur un lieu fr\u00e9quent\u00e9 depuis longtemps, tour \u00e0 tour, &nbsp;par les marins puis les campeurs\u2026<\/p>\n\n\n\n<h2 class=\"wp-block-heading\">La grotte des moines<\/h2>\n\n\n\n<p>On ne sait que peu de choses sur l&#8217;endroit, mais l&#8217;\u00e9rosion due \u00e0 l&#8217;avanc\u00e9e de la mer a permis de d\u00e9couvrir que le lieu \u00e9tait occup\u00e9 depuis le n\u00e9olithique. Cromenach signifiant la grotte des moines, laisse penser qu&#8217;il ya eu tr\u00e8s rapidement un ermitage de &#8220;moines noirs&#8221; issus de l&#8217;abbaye de Cluny, r\u00e9put\u00e9s pour leur humilit\u00e9. L&#8217;endroit, aust\u00e8re, s&#8217;y pr\u00eatant particuli\u00e8rement.<\/p>\n\n\n\n<h2 class=\"wp-block-heading\">Une vocation maritime<\/h2>\n\n\n\n<p>Les archives rel\u00e8vent que des mariages et fian\u00e7ailles avaient lieu en 1629, mais une forte temp\u00eate en 1705 d\u00e9truisit la chapelle primitive. Elle fut reconstruite entre 1730 et 1778, date de sa b\u00e9n\u00e9diction. Elle subit alors une autre destruction, mais elle fut rapidement reb\u00e2tie en 1785.<\/p>\n\n\n\n<p>Dor\u00e9navant plus solide, elle fut d\u00e9di\u00e9e aux gens de mer comme l&#8217;atteste certains vitraux et un magnifique ex-voto en forme de bateau. Sans doute tient-elle de cette \u00e9poque son surnom de Notre-Dame du bon secours.<\/p>\n\n\n\n<figure class=\"wp-block-image\"><img decoding=\"async\" src=\"http:\/\/doyennemuzillac.fr\/wp-content\/uploads\/2021\/03\/Linterieur-de-la-chapelle-Saint-Tugdual-avec-son-joli-plafond-bleu--1024x768.jpg\" alt=\"\" class=\"wp-image-316\"\/><\/figure>\n\n\n\n<div style=\"height:10px\" aria-hidden=\"true\" class=\"wp-block-spacer\"><\/div>\n\n\n\n<h2 class=\"wp-block-heading\">Encercl\u00e9es par les campeurs&#8230;<\/h2>\n\n\n\n<p>Mais \u00e0 partir des ann\u00e9es 50 c&#8217;est une autre population qui commen\u00e7a&nbsp; fr\u00e9quenter les lieux: les campeurs! Auparavant seuls quelques habitants isol\u00e9s vivaient ici face aux rudes vents d&#8217;hivers. Quelques maisons subsistent encore en formant un charmant petit hameau que la loi littorale emp\u00eache dor\u00e9navant de se d\u00e9velopper.<\/p>\n\n\n\n<p>Il faut dire qu&#8217;au pied des falaises, quelques kilom\u00e8tres de plages sauvages rendent l&#8217;endroit particuli\u00e8rement propice aux activit\u00e9s baln\u00e9aires. Ainsi apr\u00e8s la guerre, les toiles de tente puis les caravanes encercl\u00e8rent m\u00e9thodiquement la chapelle. Dor\u00e9navant ce sont des emplacements de mobile home mieux organis\u00e9s qui s&#8217;espacent autour. Une grande f\u00eate y est toujours organis\u00e9e le 15 aout.<\/p>\n\n\n\n<figure class=\"wp-block-image alignnone size-full wp-image-317\"><img decoding=\"async\" src=\"http:\/\/doyennemuzillac.fr\/wp-content\/uploads\/2021\/03\/La-chapelle-juste-apres-la-guerre.jpg\" alt=\"\" class=\"wp-image-317\"\/><figcaption class=\"wp-element-caption\">La chapelle, juste apr\u00e8s la guerre<\/figcaption><\/figure>\n\n\n\n<p>Textes &amp; photos <strong>\u00a9 Hubert Carlier <\/strong>(Sauf cartes anciennes)<\/p>\n\n\n\n<iframe src=\"https:\/\/www.google.com\/maps\/embed?pb=!1m18!1m12!1m3!1d2694.180223862671!2d-2.527603123877295!3d47.525354171182514!2m3!1f0!2f0!3f0!3m2!1i1024!2i768!4f13.1!3m3!1m2!1s0x480ffb9345ae5183%3A0xd7e3bd8e423e2b71!2sChapelle%20Saint-Tugdual!5e0!3m2!1sfr!2sfr!4v1749113522605!5m2!1sfr!2sfr\" width=\"600\" height=\"450\" style=\"border:0;\" allowfullscreen=\"\" loading=\"lazy\" referrerpolicy=\"no-referrer-when-downgrade\"><\/iframe>\n","protected":false},"excerpt":{"rendered":"<p>Voil\u00e0 &nbsp;une petite chapelle aupr\u00e8s de la mer, sur un site magnifique et sauvage: le hameau de Cromenach, \u00e0 Ambon. Surplombant les falaises de l&#8217;entr\u00e9e de l&#8217;estuaire de la Vilaine, cette charmante chapelle est situ\u00e9e sur un lieu fr\u00e9quent\u00e9 depuis longtemps, tour \u00e0 tour, &nbsp;par les marins puis les campeurs\u2026 La grotte des moines On<a class=\"more-link\" href=\"https:\/\/paroisses-ambon-damgan-penerf.fr\/?page_id=342\">Lire la suite <span class=\"screen-reader-text\">&#8220;Chapelle Saint Tugdual de Cromenac&#8217;h&#8221;<\/span><\/a><\/p>\n","protected":false},"author":1,"featured_media":0,"parent":0,"menu_order":0,"comment_status":"closed","ping_status":"closed","template":"","meta":{"iawp_total_views":0,"footnotes":""},"class_list":["post-342","page","type-page","status-publish","hentry","entry"],"_links":{"self":[{"href":"https:\/\/paroisses-ambon-damgan-penerf.fr\/index.php?rest_route=\/wp\/v2\/pages\/342","targetHints":{"allow":["GET"]}}],"collection":[{"href":"https:\/\/paroisses-ambon-damgan-penerf.fr\/index.php?rest_route=\/wp\/v2\/pages"}],"about":[{"href":"https:\/\/paroisses-ambon-damgan-penerf.fr\/index.php?rest_route=\/wp\/v2\/types\/page"}],"author":[{"embeddable":true,"href":"https:\/\/paroisses-ambon-damgan-penerf.fr\/index.php?rest_route=\/wp\/v2\/users\/1"}],"replies":[{"embeddable":true,"href":"https:\/\/paroisses-ambon-damgan-penerf.fr\/index.php?rest_route=%2Fwp%2Fv2%2Fcomments&post=342"}],"version-history":[{"count":6,"href":"https:\/\/paroisses-ambon-damgan-penerf.fr\/index.php?rest_route=\/wp\/v2\/pages\/342\/revisions"}],"predecessor-version":[{"id":498,"href":"https:\/\/paroisses-ambon-damgan-penerf.fr\/index.php?rest_route=\/wp\/v2\/pages\/342\/revisions\/498"}],"wp:attachment":[{"href":"https:\/\/paroisses-ambon-damgan-penerf.fr\/index.php?rest_route=%2Fwp%2Fv2%2Fmedia&parent=342"}],"curies":[{"name":"wp","href":"https:\/\/api.w.org\/{rel}","templated":true}]}}