{"id":188,"date":"2024-11-25T11:58:37","date_gmt":"2024-11-25T10:58:37","guid":{"rendered":"https:\/\/paroisses-ambon-damgan-penerf.fr\/?page_id=188"},"modified":"2025-06-05T09:32:53","modified_gmt":"2025-06-05T07:32:53","slug":"service-de-la-liturgie","status":"publish","type":"page","link":"https:\/\/paroisses-ambon-damgan-penerf.fr\/?page_id=188","title":{"rendered":"Service de la liturgie"},"content":{"rendered":"\n<h2 class=\"wp-block-heading has-text-color has-link-color wp-elements-783400b1a1d3ee41c1d6bca87bc48c18\" style=\"color:#319fe1\"><strong>Servant d\u2019Autel &#8211; Rejoint nous !<\/strong><\/h2>\n\n\n\n<p><strong>As-tu d\u00e9j\u00e0 pens\u00e9 \u00e0 te proposer dans ta paroisse pour servir l\u2019Autel ?<\/strong><br>En servant l\u2019Autel pendant la messe, tu sers J\u00e9sus Lui-m\u00eame, r\u00e9ellement pr\u00e9sent et agissant dans la liturgie. Alors viens go\u00fbter au plus pr\u00e8s \u00e0 Sa pr\u00e9sence et rejoins le groupe des servants d\u2019Autel !<\/p>\n\n\n\n<p class=\"has-foreground-color has-text-color has-link-color wp-elements-324ec2226c8d13df05f5c08060bc2b11\"><strong>Contact&nbsp;:<br>Paul, c\u00e9r\u00e9moniaire (chef des servants d\u2019Autel)<br>06 51 20 37 30 \/ <a href=\"mailto:pvillesboisnet@gmail.com\">pvillesboisnet@gmail.com<\/a><\/strong><\/p>\n\n\n\n<h2 class=\"wp-block-heading has-text-color has-link-color wp-elements-181801c7b8f244968de51af2290f603c\" style=\"color:#319fe1\"><strong>Servante d&#8217;Assembl\u00e9e : Rejoins-nous !<\/strong><\/h2>\n\n\n\n<p class=\"has-foreground-color has-text-color has-link-color wp-elements-a09c46be066aeccdf4857c3b44a93337\"><strong>Contact&nbsp;:<br>A venir<\/strong><\/p>\n\n\n\n<p><\/p>\n","protected":false},"excerpt":{"rendered":"<p>Servant d\u2019Autel &#8211; Rejoint nous ! As-tu d\u00e9j\u00e0 pens\u00e9 \u00e0 te proposer dans ta paroisse pour servir l\u2019Autel ?En servant l\u2019Autel pendant la messe, tu sers J\u00e9sus Lui-m\u00eame, r\u00e9ellement pr\u00e9sent et agissant dans la liturgie. Alors viens go\u00fbter au plus pr\u00e8s \u00e0 Sa pr\u00e9sence et rejoins le groupe des servants d\u2019Autel ! Contact&nbsp;:Paul, c\u00e9r\u00e9moniaire (chef<a class=\"more-link\" href=\"https:\/\/paroisses-ambon-damgan-penerf.fr\/?page_id=188\">Lire la suite <span class=\"screen-reader-text\">&#8220;Service de la liturgie&#8221;<\/span><\/a><\/p>\n","protected":false},"author":2,"featured_media":0,"parent":0,"menu_order":0,"comment_status":"closed","ping_status":"closed","template":"","meta":{"iawp_total_views":0,"footnotes":""},"class_list":["post-188","page","type-page","status-publish","hentry","entry"],"_links":{"self":[{"href":"https:\/\/paroisses-ambon-damgan-penerf.fr\/index.php?rest_route=\/wp\/v2\/pages\/188","targetHints":{"allow":["GET"]}}],"collection":[{"href":"https:\/\/paroisses-ambon-damgan-penerf.fr\/index.php?rest_route=\/wp\/v2\/pages"}],"about":[{"href":"https:\/\/paroisses-ambon-damgan-penerf.fr\/index.php?rest_route=\/wp\/v2\/types\/page"}],"author":[{"embeddable":true,"href":"https:\/\/paroisses-ambon-damgan-penerf.fr\/index.php?rest_route=\/wp\/v2\/users\/2"}],"replies":[{"embeddable":true,"href":"https:\/\/paroisses-ambon-damgan-penerf.fr\/index.php?rest_route=%2Fwp%2Fv2%2Fcomments&post=188"}],"version-history":[{"count":5,"href":"https:\/\/paroisses-ambon-damgan-penerf.fr\/index.php?rest_route=\/wp\/v2\/pages\/188\/revisions"}],"predecessor-version":[{"id":439,"href":"https:\/\/paroisses-ambon-damgan-penerf.fr\/index.php?rest_route=\/wp\/v2\/pages\/188\/revisions\/439"}],"wp:attachment":[{"href":"https:\/\/paroisses-ambon-damgan-penerf.fr\/index.php?rest_route=%2Fwp%2Fv2%2Fmedia&parent=188"}],"curies":[{"name":"wp","href":"https:\/\/api.w.org\/{rel}","templated":true}]}}