{"id":186,"date":"2024-11-25T11:57:32","date_gmt":"2024-11-25T10:57:32","guid":{"rendered":"https:\/\/paroisses-ambon-damgan-penerf.fr\/?page_id=186"},"modified":"2024-11-29T13:02:47","modified_gmt":"2024-11-29T12:02:47","slug":"eveil-a-la-foi","status":"publish","type":"page","link":"https:\/\/paroisses-ambon-damgan-penerf.fr\/?page_id=186","title":{"rendered":"\u00c9veil \u00e0 la foi"},"content":{"rendered":"\n<h3 class=\"wp-block-heading has-text-color has-link-color wp-elements-936b88c7c86a1ff376762dd2dfb54993\" style=\"color:#319fe1\"><strong>Liturgie de la Parole au cours de la messe dominicale<\/strong><\/h3>\n\n\n\n<p>Le dimanche \u00e0 11h \u00e0 Muzillac, l\u2019\u00e9veil \u00e0 la foi pour les enfants est assur\u00e9 par des parents ou des grands-parents pendant la liturgie de la Parole. Les jeunes enfants sont accueillis \u00e0 la sacristie pour une \u00e9coute de la Parole de Dieu adapt\u00e9e \u00e0 leur \u00e2ge. Les enfants y partagent \u00e9galement chants et coloriages sur le th\u00e8me de l\u2019Evangile du jour.<\/p>\n\n\n\n<p class=\"has-foreground-color has-text-color has-link-color wp-elements-8eb6be0b567d35e479506283efc2f9f7\">Si vous souhaitez rejoindre l&#8217;\u00e9quipe des parents et grands parents qui assurent l&#8217;\u00e9veil \u00e0 la foi contactez <strong>Mathilde d\u2019Andign\u00e9<\/strong>\u00a0&#8211; <a href=\"mailto:mathildedandigne@gmail.com\">mathildedandigne@gmail.com<\/a> &#8211; 06 68 31 19 16<br><\/p>\n\n\n\n<h3 class=\"wp-block-heading has-text-color has-link-color wp-elements-a698e405db114ea2c9b66caba198fc13\" style=\"color:#319fe1\"><strong>Cat\u00e9ch\u00e8se \u00ab P\u00f4le Sainte Th\u00e9r\u00e8se \u00bb<\/strong><\/h3>\n\n\n\n<blockquote class=\"wp-block-quote is-layout-flow wp-block-quote-is-layout-flow\">\n<p><em>\u00ab Laissez les enfants venir \u00e0 moi, ne les emp\u00eachez pas car le royaume de Dieu est \u00e0 ceux qui leurs ressemblent \u00bb<\/em>\u00a0(Matthieu 19,13).<\/p>\n<\/blockquote>\n\n\n\n<p><strong>1 mercredi par mois de 10h \u00e0 11h pour d\u00e9couvrir J\u00e9sus pour les enfants de 4 \u00e0 6 ans.<\/strong><br>Lieu\u00a0: Aux Buissonnets, 5 avenue Lamennais, 56190 Muzillac (les parents qui le souhaitent \u00eatre pr\u00e9sents sont les bienvenus)<\/p>\n\n\n\n<p class=\"has-foreground-color has-text-color has-link-color wp-elements-8565d24e9b5b353164c32be656b7748f\">Contact :&nbsp;<strong>Gina, animatrice pastorale<br><\/strong>06 15 91 50 19&nbsp;\/ <a href=\"mailto:animatricepastoralemuzillac@gmail.com\">animatricepastoralemuzillac@gmail.com<\/a><strong><br><br><\/strong><\/p>\n\n\n\n<p><\/p>\n","protected":false},"excerpt":{"rendered":"<p>Liturgie de la Parole au cours de la messe dominicale Le dimanche \u00e0 11h \u00e0 Muzillac, l\u2019\u00e9veil \u00e0 la foi pour les enfants est assur\u00e9 par des parents ou des grands-parents pendant la liturgie de la Parole. Les jeunes enfants sont accueillis \u00e0 la sacristie pour une \u00e9coute de la Parole de Dieu adapt\u00e9e \u00e0<a class=\"more-link\" href=\"https:\/\/paroisses-ambon-damgan-penerf.fr\/?page_id=186\">Lire la suite <span class=\"screen-reader-text\">&#8220;\u00c9veil \u00e0 la foi&#8221;<\/span><\/a><\/p>\n","protected":false},"author":2,"featured_media":0,"parent":0,"menu_order":0,"comment_status":"closed","ping_status":"closed","template":"","meta":{"iawp_total_views":0,"footnotes":""},"class_list":["post-186","page","type-page","status-publish","hentry","entry"],"_links":{"self":[{"href":"https:\/\/paroisses-ambon-damgan-penerf.fr\/index.php?rest_route=\/wp\/v2\/pages\/186","targetHints":{"allow":["GET"]}}],"collection":[{"href":"https:\/\/paroisses-ambon-damgan-penerf.fr\/index.php?rest_route=\/wp\/v2\/pages"}],"about":[{"href":"https:\/\/paroisses-ambon-damgan-penerf.fr\/index.php?rest_route=\/wp\/v2\/types\/page"}],"author":[{"embeddable":true,"href":"https:\/\/paroisses-ambon-damgan-penerf.fr\/index.php?rest_route=\/wp\/v2\/users\/2"}],"replies":[{"embeddable":true,"href":"https:\/\/paroisses-ambon-damgan-penerf.fr\/index.php?rest_route=%2Fwp%2Fv2%2Fcomments&post=186"}],"version-history":[{"count":2,"href":"https:\/\/paroisses-ambon-damgan-penerf.fr\/index.php?rest_route=\/wp\/v2\/pages\/186\/revisions"}],"predecessor-version":[{"id":248,"href":"https:\/\/paroisses-ambon-damgan-penerf.fr\/index.php?rest_route=\/wp\/v2\/pages\/186\/revisions\/248"}],"wp:attachment":[{"href":"https:\/\/paroisses-ambon-damgan-penerf.fr\/index.php?rest_route=%2Fwp%2Fv2%2Fmedia&parent=186"}],"curies":[{"name":"wp","href":"https:\/\/api.w.org\/{rel}","templated":true}]}}