{"id":184,"date":"2024-11-25T11:56:03","date_gmt":"2024-11-25T10:56:03","guid":{"rendered":"https:\/\/paroisses-ambon-damgan-penerf.fr\/?page_id=184"},"modified":"2024-11-29T12:57:01","modified_gmt":"2024-11-29T11:57:01","slug":"catechese-pour-enfant","status":"publish","type":"page","link":"https:\/\/paroisses-ambon-damgan-penerf.fr\/?page_id=184","title":{"rendered":"Cat\u00e9ch\u00e8se pour enfant"},"content":{"rendered":"\n<h2 class=\"wp-block-heading has-text-color has-link-color wp-elements-ec5fa6a552fab5cdea42ec27e0f8e3c4\" style=\"color:#319fe1\"><strong>Deviens Chr\u00e9tien !<\/strong><\/h2>\n\n\n\n<div class=\"wp-block-group has-background\" style=\"background-color:#c1cadb66\"><div class=\"wp-block-group__inner-container is-layout-constrained wp-block-group-is-layout-constrained\">\n<p>Chers parents,<\/p>\n\n\n\n<div class=\"wp-block-group\"><div class=\"wp-block-group__inner-container is-layout-constrained wp-block-group-is-layout-constrained\">\n<p>Pour accompagner vos enfants dans leur vie spirituelle, la communaut\u00e9 de paroisses de Muzillac vous propose une cat\u00e9ch\u00e8se en plusieurs p\u00f4les\u00a0:\u00a0<em>\u00ab Deviens Chr\u00e9tien ! \u00bb.<\/em><\/p>\n\n\n\n<p>5 p\u00f4les sont propos\u00e9s pour s\u2019adapter \u00e0 l\u2019\u00e2ge de votre enfant et au stade o\u00f9 il en est dans sa foi et sa vie spirituelle, qu\u2019il en soit au tout d\u00e9but de ses questionnements ou qu\u2019il ait d\u00e9j\u00e0 une vie de pri\u00e8re assidue !<\/p>\n\n\n\n<p>S\u2019inscrire \u00e0 la cat\u00e9ch\u00e8se est un engagement fort de votre part comme parents et de la part de vos enfants\u00a0: cela suppose d\u2019\u00eatre\u00a0pr\u00e9sent \u00e0 chaque \u00e9v\u00e8nement et aux r\u00e9unions de parents propos\u00e9es\u00a0dans l\u2019ann\u00e9e.<\/p>\n<\/div><\/div>\n<\/div><\/div>\n\n\n\n<p><strong>Inscriptions<\/strong><\/p>\n\n\n\n<p><strong>Pour tous les p\u00f4les 1 RDV par mois,\u00a0le mercredi matin de 9h45 \u00e0 12h15\u00a0<em>(Sauf \u00e9veil \u00e0 la foi 10h-11h)\u00a0:<\/em><\/strong><\/p>\n\n\n\n<ul class=\"wp-block-list\">\n<li>1<sup>er<\/sup>\u00a0temps : le Sacrement<br><em>Petite pause<\/em><\/li>\n\n\n\n<li>2e temps\u00a0: la vie d\u2019un Saint<\/li>\n\n\n\n<li>3e temps\u00a0: Adoration<\/li>\n<\/ul>\n\n\n\n<h3 class=\"wp-block-heading has-text-color has-link-color wp-elements-6210cd6b4871d6db9afbccbcb462b1e7\" style=\"color:#319fe1\"><strong>\u00c9veil \u00e0 la Foi \u2013 4 \u00e0 6 ans<\/strong><\/h3>\n\n\n\n<h4 class=\"wp-block-heading has-text-color has-link-color wp-elements-61d55c9f528fb5e09fa9f9766662a05c\" style=\"color:#01094f\"><strong>P\u00f4le Sainte Th\u00e9r\u00e8se<\/strong><\/h4>\n\n\n\n<blockquote class=\"wp-block-quote is-layout-flow wp-block-quote-is-layout-flow\">\n<p><em>\u00ab Laissez les enfants venir \u00e0 moi, ne les emp\u00eachez pas car le royaume de Dieu est \u00e0 ceux qui leurs ressemblent \u00bb<\/em>\u00a0(Matthieu 19,13).<\/p>\n<\/blockquote>\n\n\n\n<p>1h par mois pour d\u00e9couvrir J\u00e9sus<br><strong>Dates : <\/strong>1 mercredi par mois (10h-11h) aux Buissonnets\u00a0(les parents qui le souhaitent \u00eatre pr\u00e9sents sont les bienvenus)<\/p>\n\n\n\n<h3 class=\"wp-block-heading has-text-color has-link-color wp-elements-7194eb61e3d97ef109a97a37a937fc3d\" style=\"color:#319fe1\"><strong>Cat\u00e9ch\u00e8se pour enfant \u2013 7 \u00e0 11 ans de l&#8217;\u00e9cole publique<\/strong><\/h3>\n\n\n\n<p><strong>le mardi ( 17h-18h) aux Buissonnets<\/strong><\/p>\n\n\n\n<h3 class=\"wp-block-heading has-text-color has-link-color wp-elements-f99501a60466be7d07113b134b61595c\" style=\"color:#319fe1\"><strong>Cat\u00e9ch\u00e8se pour enfant \u2013 7 \u00e0 11 an<\/strong>s<\/h3>\n\n\n\n<p><strong>1 mercredi par mois (9h45-12h15) aux Buissonnets<\/strong><\/p>\n\n\n\n<h4 class=\"wp-block-heading has-text-color has-link-color wp-elements-a0c681385373f013690d617f08031192\" style=\"color:#01094f\"><strong>P\u00f4le Saint Jean-Baptiste<\/strong><\/h4>\n\n\n\n<blockquote class=\"wp-block-quote is-layout-flow wp-block-quote-is-layout-flow\">\n<p><em>\u00ab Tu es mon Fils bien-aim\u00e9, en Toi je trouve ma Joie \u00bb (Marc 1,11).<\/em><\/p>\n<\/blockquote>\n\n\n\n<p>Initiation\u00a0: Apprendre \u00e0 prier, parler avec Dieu, pr\u00e9paration au Bapt\u00eame.<br><\/p>\n\n\n\n<h4 class=\"wp-block-heading has-text-color has-link-color wp-elements-6c868d7abbad7a592f7e708aedbaadd3\" style=\"color:#01094f\"><strong>P\u00f4le Sainte Louise de Marillac<\/strong><\/h4>\n\n\n\n<blockquote class=\"wp-block-quote is-layout-flow wp-block-quote-is-layout-flow\">\n<p><em>\u00ab Quand il viendra, lui, l\u2019Esprit de v\u00e9rit\u00e9, il vous conduira dans la v\u00e9rit\u00e9 tout enti\u00e8re \u00bb<\/em>\u00a0(Jean 16, 13).<\/p>\n<\/blockquote>\n\n\n\n<p>Confirmation\u00a0: Grandir dans la Foi avec l\u2019Esprit Saint, se pr\u00e9parer au sacrement de la Confirmation, vivre selon les b\u00e9atitudes<\/p>\n\n\n\n<h4 class=\"wp-block-heading has-text-color has-link-color wp-elements-da652e3cbd28ffb467dfc710c64bebc1\" style=\"color:#01094f\"><strong>P\u00f4le Saint Tarcisius<\/strong><\/h4>\n\n\n\n<blockquote class=\"wp-block-quote is-layout-flow wp-block-quote-is-layout-flow\">\n<p><em>\u00ab Si vous ne mangez pas la chair du Fils de l\u2019homme, vous n\u2019aurez pas la vie en vous \u00bb<\/em>\u00a0(Jean 6, 53).<\/p>\n<\/blockquote>\n\n\n\n<p>Premi\u00e8re communion (1<sup>ere<\/sup>\u00a0ann\u00e9e)\u00a0: D\u00e9couvrir le Cr\u00e9do, comprendre la Messe, d\u00e9couvrir J\u00e9sus-Eucharistie<\/p>\n\n\n\n<h4 class=\"wp-block-heading has-text-color has-link-color wp-elements-e74c27f66c83626fd00e44d206edf419\" style=\"color:#01094f\"><strong>P\u00f4le Bienheureux Carlo Acutis<\/strong><\/h4>\n\n\n\n<blockquote class=\"wp-block-quote is-layout-flow wp-block-quote-is-layout-flow\">\n<p><em>\u00ab Je vous appelle mes amis, car tout ce que j\u2019ai entendu de mon P\u00e8re, je vous l\u2019ai fait conna\u00eetre \u00bb<\/em>\u00a0(Jean 15, 15).<\/p>\n<\/blockquote>\n\n\n\n<p>Premi\u00e8re communion (2<sup>e<\/sup>\u00a0ann\u00e9e)\u00a0: D\u00e9couvrir le plan d\u2019Amour de Dieu pour les hommes, comment J\u00e9sus vient nous sauver, pr\u00e9parer sa 1<sup>\u00e8re<\/sup>\u00a0communion.<\/p>\n\n\n\n<p><strong>Renseignements et coordination du parcours&nbsp;:&nbsp;Gina, animatrice pastorale<br><\/strong><a href=\"mailto:animatricepastoralemuzillac@gmail.com\"><strong>animatricepastoralemuzillac@gmail.com<\/strong><\/a><strong><br>06 15 91 50 19<\/strong><\/p>\n\n\n\n<p><\/p>\n","protected":false},"excerpt":{"rendered":"<p>Deviens Chr\u00e9tien ! Chers parents, Pour accompagner vos enfants dans leur vie spirituelle, la communaut\u00e9 de paroisses de Muzillac vous propose une cat\u00e9ch\u00e8se en plusieurs p\u00f4les\u00a0:\u00a0\u00ab Deviens Chr\u00e9tien ! \u00bb. 5 p\u00f4les sont propos\u00e9s pour s\u2019adapter \u00e0 l\u2019\u00e2ge de votre enfant et au stade o\u00f9 il en est dans sa foi et sa vie spirituelle,<a class=\"more-link\" href=\"https:\/\/paroisses-ambon-damgan-penerf.fr\/?page_id=184\">Lire la suite <span class=\"screen-reader-text\">&#8220;Cat\u00e9ch\u00e8se pour enfant&#8221;<\/span><\/a><\/p>\n","protected":false},"author":2,"featured_media":0,"parent":0,"menu_order":0,"comment_status":"closed","ping_status":"closed","template":"","meta":{"iawp_total_views":1,"footnotes":""},"class_list":["post-184","page","type-page","status-publish","hentry","entry"],"_links":{"self":[{"href":"https:\/\/paroisses-ambon-damgan-penerf.fr\/index.php?rest_route=\/wp\/v2\/pages\/184","targetHints":{"allow":["GET"]}}],"collection":[{"href":"https:\/\/paroisses-ambon-damgan-penerf.fr\/index.php?rest_route=\/wp\/v2\/pages"}],"about":[{"href":"https:\/\/paroisses-ambon-damgan-penerf.fr\/index.php?rest_route=\/wp\/v2\/types\/page"}],"author":[{"embeddable":true,"href":"https:\/\/paroisses-ambon-damgan-penerf.fr\/index.php?rest_route=\/wp\/v2\/users\/2"}],"replies":[{"embeddable":true,"href":"https:\/\/paroisses-ambon-damgan-penerf.fr\/index.php?rest_route=%2Fwp%2Fv2%2Fcomments&post=184"}],"version-history":[{"count":4,"href":"https:\/\/paroisses-ambon-damgan-penerf.fr\/index.php?rest_route=\/wp\/v2\/pages\/184\/revisions"}],"predecessor-version":[{"id":246,"href":"https:\/\/paroisses-ambon-damgan-penerf.fr\/index.php?rest_route=\/wp\/v2\/pages\/184\/revisions\/246"}],"wp:attachment":[{"href":"https:\/\/paroisses-ambon-damgan-penerf.fr\/index.php?rest_route=%2Fwp%2Fv2%2Fmedia&parent=184"}],"curies":[{"name":"wp","href":"https:\/\/api.w.org\/{rel}","templated":true}]}}