{"id":174,"date":"2024-11-25T11:23:19","date_gmt":"2024-11-25T10:23:19","guid":{"rendered":"https:\/\/paroisses-ambon-damgan-penerf.fr\/?page_id=174"},"modified":"2025-06-05T11:57:49","modified_gmt":"2025-06-05T09:57:49","slug":"organiser-un-evenement-culturelle","status":"publish","type":"page","link":"https:\/\/paroisses-ambon-damgan-penerf.fr\/?page_id=174","title":{"rendered":"Organiser un \u00e9v\u00e9nement culturel"},"content":{"rendered":"\n<p>Si vous souhaitez organiser un \u00e9v\u00e9nement culturel dans une de nos \u00e9glises merci d\u2019envoyer une demande par mail \u00e0 l\u2019adresse suivante : <a href=\"mailto:presbytere.muzillac@gmail.com\">presbytere.muzillac@gmail.com<\/a>. Merci de pr\u00e9ciser dans l\u2019objet du message : \u00ab \u00e9v\u00e9nement culturel \u2013 concert \u00bb (par exemple).<\/p>\n\n\n\n<p>Vous pouvez aussi utiliser notre formulaire de contact en cliquant sur le bouton ci-dessous :<\/p>\n\n\n\n<div class=\"wp-block-buttons is-content-justification-center is-layout-flex wp-container-core-buttons-is-layout-a89b3969 wp-block-buttons-is-layout-flex\">\n<div class=\"wp-block-button\"><a class=\"wp-block-button__link has-text-align-center wp-element-button\" href=\"https:\/\/paroisses-ambon-damgan-penerf.fr\/?page_id=170\">Acc\u00e9der au formulaire de contact<\/a><\/div>\n<\/div>\n\n\n\n<p><\/p>\n","protected":false},"excerpt":{"rendered":"<p>Si vous souhaitez organiser un \u00e9v\u00e9nement culturel dans une de nos \u00e9glises merci d\u2019envoyer une demande par mail \u00e0 l\u2019adresse suivante : presbytere.muzillac@gmail.com. Merci de pr\u00e9ciser dans l\u2019objet du message : \u00ab \u00e9v\u00e9nement culturel \u2013 concert \u00bb (par exemple). Vous pouvez aussi utiliser notre formulaire de contact en cliquant sur le bouton ci-dessous :<\/p>\n","protected":false},"author":2,"featured_media":0,"parent":0,"menu_order":0,"comment_status":"closed","ping_status":"closed","template":"","meta":{"iawp_total_views":1,"footnotes":""},"class_list":["post-174","page","type-page","status-publish","hentry","entry"],"_links":{"self":[{"href":"https:\/\/paroisses-ambon-damgan-penerf.fr\/index.php?rest_route=\/wp\/v2\/pages\/174","targetHints":{"allow":["GET"]}}],"collection":[{"href":"https:\/\/paroisses-ambon-damgan-penerf.fr\/index.php?rest_route=\/wp\/v2\/pages"}],"about":[{"href":"https:\/\/paroisses-ambon-damgan-penerf.fr\/index.php?rest_route=\/wp\/v2\/types\/page"}],"author":[{"embeddable":true,"href":"https:\/\/paroisses-ambon-damgan-penerf.fr\/index.php?rest_route=\/wp\/v2\/users\/2"}],"replies":[{"embeddable":true,"href":"https:\/\/paroisses-ambon-damgan-penerf.fr\/index.php?rest_route=%2Fwp%2Fv2%2Fcomments&post=174"}],"version-history":[{"count":4,"href":"https:\/\/paroisses-ambon-damgan-penerf.fr\/index.php?rest_route=\/wp\/v2\/pages\/174\/revisions"}],"predecessor-version":[{"id":563,"href":"https:\/\/paroisses-ambon-damgan-penerf.fr\/index.php?rest_route=\/wp\/v2\/pages\/174\/revisions\/563"}],"wp:attachment":[{"href":"https:\/\/paroisses-ambon-damgan-penerf.fr\/index.php?rest_route=%2Fwp%2Fv2%2Fmedia&parent=174"}],"curies":[{"name":"wp","href":"https:\/\/api.w.org\/{rel}","templated":true}]}}