{"id":158,"date":"2024-11-25T11:21:14","date_gmt":"2024-11-25T10:21:14","guid":{"rendered":"https:\/\/paroisses-ambon-damgan-penerf.fr\/?page_id=158"},"modified":"2026-02-23T11:59:50","modified_gmt":"2026-02-23T10:59:50","slug":"actualites","status":"publish","type":"page","link":"https:\/\/paroisses-ambon-damgan-penerf.fr\/?page_id=158","title":{"rendered":"Actualit\u00e9s"},"content":{"rendered":"<ul class=\"wp-block-latest-posts__list wp-block-latest-posts\"><li><div class=\"wp-block-latest-posts__featured-image alignleft\"><a href=\"https:\/\/paroisses-ambon-damgan-penerf.fr\/?p=801\" aria-label=\"Semaine Sainte &#8211; P\u00c2QUES 2026\"><img loading=\"lazy\" decoding=\"async\" width=\"150\" height=\"150\" src=\"https:\/\/paroisses-ambon-damgan-penerf.fr\/wp-content\/uploads\/2026\/03\/Capture-1-150x150.jpg\" class=\"attachment-thumbnail size-thumbnail wp-post-image\" alt=\"\" style=\"\" \/><\/a><\/div><a class=\"wp-block-latest-posts__post-title\" href=\"https:\/\/paroisses-ambon-damgan-penerf.fr\/?p=801\">Semaine Sainte &#8211; P\u00c2QUES 2026<\/a><div class=\"wp-block-latest-posts__post-excerpt\">Dimanche 29 mars \u00a0\u00a0\u00a0\u00a0\u00a0\u00a0\u00a0\u00a0\u00a0\u00a0\u00a0 RAMEAUX Lundi 30 mars \u00a0\u00a0\u00a0\u00a0\u00a0\u00a0\u00a0\u00a0\u00a0\u00a0 : 18h30 Messe PENERF Mardi 31 \u00a0\u00a0\u00a0\u00a0\u00a0\u00a0\u00a0\u00a0\u00a0\u00a0\u00a0\u00a0\u00a0\u00a0\u00a0\u00a0\u00a0\u00a0\u00a0 : 10h30 Messe Chrismale Ste Anne d\u2019Auray Mercredi 1er avril \u00a0\u00a0\u00a0\u00a0 : 9h00 Messe Damgan Jeudi 2 avril \u00a0\u00a0\u00a0\u00a0\u00a0\u00a0\u00a0\u00a0\u00a0\u00a0\u00a0\u00a0\u00a0\u00a0 : 20h00 Messe de la C\u00e8ne MUZILLAC reposoir jusqu\u2019\u00e0 minuit (avec confessions) Vendredi 3 avril \u00a0\u00a0\u00a0\u00a0\u00a0\u00a0\u00a0\u00a0\u00a0\u00a0\u00a0\u00a0\u00a0\u00a0\u00a0\u00a0 : Samedi 4 avril&nbsp;&nbsp;&nbsp;&nbsp;&nbsp;&nbsp;&nbsp;&nbsp;&nbsp;&nbsp;&nbsp;&nbsp;&nbsp;&nbsp;&nbsp;&nbsp;&nbsp;&nbsp;&nbsp;&nbsp;<a class=\"more-link\" href=\"https:\/\/paroisses-ambon-damgan-penerf.fr\/?p=801\">Lire la suite <span class=\"screen-reader-text\">&#8220;Semaine Sainte &#8211; P\u00c2QUES 2026&#8221;<\/span><\/a><\/div><\/li>\n<li><div class=\"wp-block-latest-posts__featured-image alignleft\"><a href=\"https:\/\/paroisses-ambon-damgan-penerf.fr\/?p=779\" aria-label=\"Restauration de l&#8217;Eglise de Muzillac- Horizon 2034\"><img loading=\"lazy\" decoding=\"async\" width=\"150\" height=\"150\" src=\"https:\/\/paroisses-ambon-damgan-penerf.fr\/wp-content\/uploads\/2026\/02\/travaux_eglise-150x150.jpg\" class=\"attachment-thumbnail size-thumbnail wp-post-image\" alt=\"\" style=\"\" srcset=\"https:\/\/paroisses-ambon-damgan-penerf.fr\/wp-content\/uploads\/2026\/02\/travaux_eglise-150x150.jpg 150w, https:\/\/paroisses-ambon-damgan-penerf.fr\/wp-content\/uploads\/2026\/02\/travaux_eglise-300x300.jpg 300w, https:\/\/paroisses-ambon-damgan-penerf.fr\/wp-content\/uploads\/2026\/02\/travaux_eglise.jpg 533w\" sizes=\"auto, (max-width: 150px) 100vw, 150px\" \/><\/a><\/div><a class=\"wp-block-latest-posts__post-title\" href=\"https:\/\/paroisses-ambon-damgan-penerf.fr\/?p=779\">Restauration de l&#8217;Eglise de Muzillac- Horizon 2034<\/a><div class=\"wp-block-latest-posts__post-excerpt\">A l\u2019approche du centenaire de l\u2019\u00e9glise de Muzillac en 2034, notre paroisse engage un projet de r\u00e9novation tourn\u00e9 vers l\u2019avenir. Au c\u0153ur de cette d\u00e9marche : Autour de cet axe, seront r\u00e9alis\u00e9s : Ce projet s\u2019\u00e9tend sur 8 ans, jusqu\u2019en 2034. Son co\u00fbt global est estim\u00e9 \u00e0 300 000 \u20ac, soit 40 000 \u20ac par<a class=\"more-link\" href=\"https:\/\/paroisses-ambon-damgan-penerf.fr\/?p=779\">Lire la suite <span class=\"screen-reader-text\">&#8220;Restauration de l&#8217;Eglise de Muzillac- Horizon 2034&#8221;<\/span><\/a><\/div><\/li>\n<li><div class=\"wp-block-latest-posts__featured-image alignleft\"><a href=\"https:\/\/paroisses-ambon-damgan-penerf.fr\/?p=701\" aria-label=\"LES 3 SCRUTINS\"><img loading=\"lazy\" decoding=\"async\" width=\"150\" height=\"150\" src=\"https:\/\/paroisses-ambon-damgan-penerf.fr\/wp-content\/uploads\/2026\/02\/Capture-decran-2026-02-23-102851-2-150x150.png\" class=\"attachment-thumbnail size-thumbnail wp-post-image\" alt=\"\" style=\"\" \/><\/a><\/div><a class=\"wp-block-latest-posts__post-title\" href=\"https:\/\/paroisses-ambon-damgan-penerf.fr\/?p=701\">LES 3 SCRUTINS<\/a><div class=\"wp-block-latest-posts__post-excerpt\">En marche vers P\u00e2ques avec les Cat\u00e9chum\u00e8nes Ces r\u00e9cits ne concernent pas seulement les cat\u00e9chum\u00e8nes Ils nous invitent, nous aussi, \u00e0 :<\/div><\/li>\n<li><div class=\"wp-block-latest-posts__featured-image alignleft\"><a href=\"https:\/\/paroisses-ambon-damgan-penerf.fr\/?p=671\" aria-label=\"Denier du Culte\"><img loading=\"lazy\" decoding=\"async\" width=\"150\" height=\"150\" src=\"https:\/\/paroisses-ambon-damgan-penerf.fr\/wp-content\/uploads\/2025\/11\/Denier2025-Affiche-v1-150x150.jpg\" class=\"attachment-thumbnail size-thumbnail wp-post-image\" alt=\"\" style=\"\" \/><\/a><\/div><a class=\"wp-block-latest-posts__post-title\" href=\"https:\/\/paroisses-ambon-damgan-penerf.fr\/?p=671\">Denier du Culte<\/a><div class=\"wp-block-latest-posts__post-excerpt\">Pour l\u2019ann\u00e9e 2026 pensez a donner pour le DENIER DE L\u2019 EGLISE qui couvre les indemnit\u00e9s des pr\u00eatres et les salaires des la\u00efcs en mission Avec le re\u00e7u fiscal 100\u20ac donn\u00e9s vous co\u00fbte 33\u20ac Je donne au Denier de l\u2019Eglise Merci de soutenir la mission<\/div><\/li>\n<li><div class=\"wp-block-latest-posts__featured-image alignleft\"><a href=\"https:\/\/paroisses-ambon-damgan-penerf.fr\/?p=659\" aria-label=\"Formation ATH\u00c9N\u00c9E\"><img loading=\"lazy\" decoding=\"async\" width=\"150\" height=\"150\" src=\"https:\/\/paroisses-ambon-damgan-penerf.fr\/wp-content\/uploads\/2025\/11\/Formation-Athene_-150x150.jpeg\" class=\"attachment-thumbnail size-thumbnail wp-post-image\" alt=\"\" style=\"\" \/><\/a><\/div><a class=\"wp-block-latest-posts__post-title\" href=\"https:\/\/paroisses-ambon-damgan-penerf.fr\/?p=659\">Formation ATH\u00c9N\u00c9E<\/a><div class=\"wp-block-latest-posts__post-excerpt\">FORMATION ATH\u00c9N\u00c9E\u00a0: Th\u00e8me : Histoire de l\u2019Eglise depuis le 1er si\u00e8cle jusqu\u2019\u00e0 nos jours (Schol\u00e8 Historia) Formation propos\u00e9e par le dioc\u00e8se de vannes salle des Buissonnets \u00e0 Muzillac, Un mardi par mois, de 20h \u00e0 22h, 14 octobre &#8211; 25 novembre &#8211; 9 d\u00e9cembre &#8211; 20 janvier &#8211; 10 f\u00e9vrier &#8211; 24 mars &#8211; 12<a class=\"more-link\" href=\"https:\/\/paroisses-ambon-damgan-penerf.fr\/?p=659\">Lire la suite <span class=\"screen-reader-text\">&#8220;Formation ATH\u00c9N\u00c9E&#8221;<\/span><\/a><\/div><\/li>\n<\/ul>","protected":false},"excerpt":{"rendered":"","protected":false},"author":2,"featured_media":0,"parent":0,"menu_order":0,"comment_status":"closed","ping_status":"closed","template":"","meta":{"iawp_total_views":5,"footnotes":""},"class_list":["post-158","page","type-page","status-publish","hentry","entry"],"_links":{"self":[{"href":"https:\/\/paroisses-ambon-damgan-penerf.fr\/index.php?rest_route=\/wp\/v2\/pages\/158","targetHints":{"allow":["GET"]}}],"collection":[{"href":"https:\/\/paroisses-ambon-damgan-penerf.fr\/index.php?rest_route=\/wp\/v2\/pages"}],"about":[{"href":"https:\/\/paroisses-ambon-damgan-penerf.fr\/index.php?rest_route=\/wp\/v2\/types\/page"}],"author":[{"embeddable":true,"href":"https:\/\/paroisses-ambon-damgan-penerf.fr\/index.php?rest_route=\/wp\/v2\/users\/2"}],"replies":[{"embeddable":true,"href":"https:\/\/paroisses-ambon-damgan-penerf.fr\/index.php?rest_route=%2Fwp%2Fv2%2Fcomments&post=158"}],"version-history":[{"count":11,"href":"https:\/\/paroisses-ambon-damgan-penerf.fr\/index.php?rest_route=\/wp\/v2\/pages\/158\/revisions"}],"predecessor-version":[{"id":753,"href":"https:\/\/paroisses-ambon-damgan-penerf.fr\/index.php?rest_route=\/wp\/v2\/pages\/158\/revisions\/753"}],"wp:attachment":[{"href":"https:\/\/paroisses-ambon-damgan-penerf.fr\/index.php?rest_route=%2Fwp%2Fv2%2Fmedia&parent=158"}],"curies":[{"name":"wp","href":"https:\/\/api.w.org\/{rel}","templated":true}]}}