{"id":154,"date":"2024-11-25T11:02:13","date_gmt":"2024-11-25T10:02:13","guid":{"rendered":"https:\/\/paroisses-ambon-damgan-penerf.fr\/?page_id=154"},"modified":"2025-06-05T11:33:40","modified_gmt":"2025-06-05T09:33:40","slug":"partager-et-servir","status":"publish","type":"page","link":"https:\/\/paroisses-ambon-damgan-penerf.fr\/?page_id=154","title":{"rendered":"Partager et servir"},"content":{"rendered":"\n<div style=\"height:10px\" aria-hidden=\"true\" class=\"wp-block-spacer\"><\/div>\n\n\n\n<h3 class=\"wp-block-heading\">Service Evang\u00e9lique des malades (SEM)<\/h3>\n\n\n\n<p>Tous les baptis\u00e9s sont appel\u00e9s a t\u00e9moigner de leur amour aupr\u00e8s des personnes malades, \u00e2g\u00e9es, isol\u00e9es, handicap\u00e9es et de leur aidants. L\u2019Ev\u00eaque confie au service \u00e9vang\u00e9lique des malades (SEM) la mission de visiter et d\u2019accompagner ces personnes au nom de la communaut\u00e9 chr\u00e9tienne ; ce service est une composante de la pastorale sant\u00e9.<\/p>\n\n\n\n<p>Nous sommes un groupe de b\u00e9n\u00e9voles qui allons visiter les r\u00e9sidants de la maison de retraite Nous intervenons au nom de la paroisse, notre r\u00f4le est un service d\u2019\u00e9coute et d\u2019\u00e9change avec les r\u00e9sidents.<\/p>\n\n\n\n<p>Nous sommes \u00e0 la recherche de c\u0153urs g\u00e9n\u00e9reux pour enrichir nos \u00e9quipes, n&#8217;h\u00e9sitez pas \u00e0 vous manifester aupr\u00e8s de nous.<\/p>\n\n\n\n<p>Vous \u00eates seul(e) ? Vous avez besoin d&#8217;\u00e9coute ? Vous \u00eates malade ? Vous souhaitez recevoir la communion ? Vous connaissez une personne qui souhaiterait \u00eatre visit\u00e9e ? Vous souhaitez rencontrer un pr\u00eatre ?<\/p>\n\n\n\n<p><strong>Quand ?<\/strong><br>Lors d&#8217;une visite personnelle ou lors de la messe du mardi \u00e0 l&#8217;Ehpad de Muzillac \u00e0 15h<\/p>\n\n\n\n<p><strong>Contact<\/strong><br>St\u00e9phane de la Villesboisnet &#8211; <a href=\"tel:0745109505\">07 45 10 95 05<\/a><\/p>\n","protected":false},"excerpt":{"rendered":"<p>Service Evang\u00e9lique des malades (SEM) Tous les baptis\u00e9s sont appel\u00e9s a t\u00e9moigner de leur amour aupr\u00e8s des personnes malades, \u00e2g\u00e9es, isol\u00e9es, handicap\u00e9es et de leur aidants. L\u2019Ev\u00eaque confie au service \u00e9vang\u00e9lique des malades (SEM) la mission de visiter et d\u2019accompagner ces personnes au nom de la communaut\u00e9 chr\u00e9tienne ; ce service est une composante de<a class=\"more-link\" href=\"https:\/\/paroisses-ambon-damgan-penerf.fr\/?page_id=154\">Lire la suite <span class=\"screen-reader-text\">&#8220;Partager et servir&#8221;<\/span><\/a><\/p>\n","protected":false},"author":2,"featured_media":0,"parent":0,"menu_order":0,"comment_status":"closed","ping_status":"closed","template":"","meta":{"iawp_total_views":2,"footnotes":""},"class_list":["post-154","page","type-page","status-publish","hentry","entry"],"_links":{"self":[{"href":"https:\/\/paroisses-ambon-damgan-penerf.fr\/index.php?rest_route=\/wp\/v2\/pages\/154","targetHints":{"allow":["GET"]}}],"collection":[{"href":"https:\/\/paroisses-ambon-damgan-penerf.fr\/index.php?rest_route=\/wp\/v2\/pages"}],"about":[{"href":"https:\/\/paroisses-ambon-damgan-penerf.fr\/index.php?rest_route=\/wp\/v2\/types\/page"}],"author":[{"embeddable":true,"href":"https:\/\/paroisses-ambon-damgan-penerf.fr\/index.php?rest_route=\/wp\/v2\/users\/2"}],"replies":[{"embeddable":true,"href":"https:\/\/paroisses-ambon-damgan-penerf.fr\/index.php?rest_route=%2Fwp%2Fv2%2Fcomments&post=154"}],"version-history":[{"count":6,"href":"https:\/\/paroisses-ambon-damgan-penerf.fr\/index.php?rest_route=\/wp\/v2\/pages\/154\/revisions"}],"predecessor-version":[{"id":540,"href":"https:\/\/paroisses-ambon-damgan-penerf.fr\/index.php?rest_route=\/wp\/v2\/pages\/154\/revisions\/540"}],"wp:attachment":[{"href":"https:\/\/paroisses-ambon-damgan-penerf.fr\/index.php?rest_route=%2Fwp%2Fv2%2Fmedia&parent=154"}],"curies":[{"name":"wp","href":"https:\/\/api.w.org\/{rel}","templated":true}]}}