{"id":152,"date":"2024-11-25T11:01:40","date_gmt":"2024-11-25T10:01:40","guid":{"rendered":"https:\/\/paroisses-ambon-damgan-penerf.fr\/?page_id=152"},"modified":"2024-11-29T13:47:08","modified_gmt":"2024-11-29T12:47:08","slug":"jeunes","status":"publish","type":"page","link":"https:\/\/paroisses-ambon-damgan-penerf.fr\/?page_id=152","title":{"rendered":"Jeunes"},"content":{"rendered":"\n<h2 class=\"wp-block-heading has-text-color has-link-color wp-elements-8a844d28ade1c414e7fab44881f8f211\" style=\"color:#319fe1\">Un vendredi soir par mois \u2013 <strong>Rencontre des coll\u00e9giens<\/strong><\/h2>\n\n\n\n<p>Les lyc\u00e9ens sont invit\u00e9s \u00e0 participer un samedi par mois \u00e0 une soir\u00e9e d\u00e9bat\/pizzas aux Buissonnets, 5 avenue Lamennais, 56190 Muzillac.<\/p>\n\n\n\n<ul class=\"wp-block-list\">\n<li>\u00catre inform\u00e9 des prochaines rencontre<\/li>\n<\/ul>\n\n\n\n<p class=\"has-foreground-color has-text-color has-link-color wp-elements-78677a6ded89adcfddddd0beb72f2cb1\"><strong>Pauline&nbsp;de PARSEVAL, animatrice de l\u2019aum\u00f4nerie du coll\u00e8ge Ste-Th\u00e9r\u00e8se \u00e0 Muzillac<br><\/strong>06 70 42 17 75 \/ <a href=\"mailto:anim.ado.muzillac@diocese-vannes.fr\">anim.ado.muzillac@diocese-vannes.fr<\/a><\/p>\n\n\n\n<p class=\"has-foreground-color has-text-color has-link-color wp-elements-8b276479810c8e13b1d68ec98390069f\"><strong>P\u00e8re Xavier Laporte-Weywada<\/strong><br>02 09 95 86 31 \/ <a href=\"mailto:xlaportew@gmail.com\">xlaportew@gmail.com<\/a><\/p>\n\n\n\n<hr class=\"wp-block-separator has-alpha-channel-opacity is-style-wide\"\/>\n\n\n\n<h2 class=\"wp-block-heading has-text-color has-link-color wp-elements-346440bad614d56b551dbafc191cf296\" style=\"color:#319fe1\">Un samedi soir par mois \u2013<strong> Rencontre des Lyc\u00e9ens<\/strong><\/h2>\n\n\n\n<p>Les lyc\u00e9ens sont invit\u00e9s \u00e0 participer un samedi par mois \u00e0 une soir\u00e9e d\u00e9bat\/pizzas aux Buissonnets, 5 avenue Lamennais, 56190 Muzillac.<\/p>\n\n\n\n<ul class=\"wp-block-list\">\n<li>\u00catre inform\u00e9 des prochaines rencontre<\/li>\n<\/ul>\n\n\n\n<p class=\"has-foreground-color has-text-color has-link-color wp-elements-63974ffd7473f489bccb65ec589ffb11\"><strong>Philippe CADOUX<br><\/strong>06 84 16 40 19 \/ <a href=\"mailto:ph.cadoux@orange.fr\">ph.cadoux@orange.fr<\/a><\/p>\n\n\n\n<p class=\"has-foreground-color has-text-color has-link-color wp-elements-01efc8d2160890ee1db135823de07d58\"><strong><strong>P\u00e8re Xavier Laporte-Weywada<\/strong><br><\/strong>02 09 95 86 31 \/ <a href=\"mailto:xlaportew@gmail.com\">xlaportew@gmail.com<\/a><\/p>\n\n\n\n<hr class=\"wp-block-separator has-alpha-channel-opacity is-style-wide\"\/>\n\n\n\n<h2 class=\"wp-block-heading has-text-color has-link-color wp-elements-67edc581c263d8076da544246881550c\" style=\"color:#319fe1\">Un dimanche par mois &#8211; <strong>Foot Familles<\/strong><\/h2>\n\n\n\n<p>Une fois par mois, le P\u00e8re Xavier propose un match de foot ouvert \u00e0 tous de 15h \u00e0 17h (go\u00fbter offert par la paroisse) au Complexe Michel Le Chesne \u00e0 Arzal.<\/p>\n\n\n\n<p class=\"has-foreground-color has-text-color has-link-color wp-elements-01efc8d2160890ee1db135823de07d58\"><strong><strong>P\u00e8re Xavier Laporte-Weywada<\/strong><br><\/strong>02 09 95 86 31 \/ <a href=\"mailto:xlaportew@gmail.com\">xlaportew@gmail.com<\/a><\/p>\n\n\n\n<p><\/p>\n","protected":false},"excerpt":{"rendered":"<p>Un vendredi soir par mois \u2013 Rencontre des coll\u00e9giens Les lyc\u00e9ens sont invit\u00e9s \u00e0 participer un samedi par mois \u00e0 une soir\u00e9e d\u00e9bat\/pizzas aux Buissonnets, 5 avenue Lamennais, 56190 Muzillac. Pauline&nbsp;de PARSEVAL, animatrice de l\u2019aum\u00f4nerie du coll\u00e8ge Ste-Th\u00e9r\u00e8se \u00e0 Muzillac06 70 42 17 75 \/ anim.ado.muzillac@diocese-vannes.fr P\u00e8re Xavier Laporte-Weywada02 09 95 86 31 \/ xlaportew@gmail.com<a class=\"more-link\" href=\"https:\/\/paroisses-ambon-damgan-penerf.fr\/?page_id=152\">Lire la suite <span class=\"screen-reader-text\">&#8220;Jeunes&#8221;<\/span><\/a><\/p>\n","protected":false},"author":2,"featured_media":0,"parent":0,"menu_order":0,"comment_status":"closed","ping_status":"closed","template":"","meta":{"iawp_total_views":1,"footnotes":""},"class_list":["post-152","page","type-page","status-publish","hentry","entry"],"_links":{"self":[{"href":"https:\/\/paroisses-ambon-damgan-penerf.fr\/index.php?rest_route=\/wp\/v2\/pages\/152","targetHints":{"allow":["GET"]}}],"collection":[{"href":"https:\/\/paroisses-ambon-damgan-penerf.fr\/index.php?rest_route=\/wp\/v2\/pages"}],"about":[{"href":"https:\/\/paroisses-ambon-damgan-penerf.fr\/index.php?rest_route=\/wp\/v2\/types\/page"}],"author":[{"embeddable":true,"href":"https:\/\/paroisses-ambon-damgan-penerf.fr\/index.php?rest_route=\/wp\/v2\/users\/2"}],"replies":[{"embeddable":true,"href":"https:\/\/paroisses-ambon-damgan-penerf.fr\/index.php?rest_route=%2Fwp%2Fv2%2Fcomments&post=152"}],"version-history":[{"count":3,"href":"https:\/\/paroisses-ambon-damgan-penerf.fr\/index.php?rest_route=\/wp\/v2\/pages\/152\/revisions"}],"predecessor-version":[{"id":251,"href":"https:\/\/paroisses-ambon-damgan-penerf.fr\/index.php?rest_route=\/wp\/v2\/pages\/152\/revisions\/251"}],"wp:attachment":[{"href":"https:\/\/paroisses-ambon-damgan-penerf.fr\/index.php?rest_route=%2Fwp%2Fv2%2Fmedia&parent=152"}],"curies":[{"name":"wp","href":"https:\/\/api.w.org\/{rel}","templated":true}]}}