{"id":148,"date":"2024-11-25T11:00:50","date_gmt":"2024-11-25T10:00:50","guid":{"rendered":"https:\/\/paroisses-ambon-damgan-penerf.fr\/?page_id=148"},"modified":"2024-11-29T14:03:50","modified_gmt":"2024-11-29T13:03:50","slug":"benevolat","status":"publish","type":"page","link":"https:\/\/paroisses-ambon-damgan-penerf.fr\/?page_id=148","title":{"rendered":"B\u00e9n\u00e9volat"},"content":{"rendered":"\n<p class=\"has-background\" style=\"background-color:#c1cadb66\">Devenez <strong>b\u00e9n\u00e9vole pour votre paroisse\u00a0<\/strong>c\u2019est s\u2019engager personnellement \u00e0 donner de son temps et de ses talents pour mettre en \u0153uvre les enseignements de l&#8217;\u00c9vangile.<\/p>\n\n\n\n<h4 class=\"wp-block-heading has-text-color has-link-color wp-elements-bd9a784f0d99666cf2f0b68b7cfca542\" style=\"color:#01094f\"><strong>En quoi consiste le b\u00e9n\u00e9volat dans l&#8217;\u00c9glise ?<\/strong><\/h4>\n\n\n\n<p>Le b\u00e9n\u00e9volat peut prendre de nombreuses formes :<\/p>\n\n\n\n<ul class=\"wp-block-list\">\n<li><strong>Accompagnement :<\/strong> Visites aux malades, aux personnes \u00e2g\u00e9es ou isol\u00e9es, soutien scolaire, accompagnement spirituel&#8230;<\/li>\n\n\n\n<li><strong>Animation :<\/strong> Participation \u00e0 des c\u00e9l\u00e9brations liturgiques, entretien de la sacristie, organisation d&#8217;activit\u00e9s pour les jeunes, les enfants ou les familles&#8230;<\/li>\n\n\n\n<li><strong>Actions sociales: <\/strong> Aide alimentaire, vestimentaire, logement, accompagnement dans les d\u00e9marches administratives&#8230;<\/li>\n\n\n\n<li><strong>Maintenance :<\/strong> Entretien des locaux, travaux de jardinage&#8230;<\/li>\n\n\n\n<li><strong>Communication : <\/strong>Cr\u00e9ation de supports de communication, gestion de sites internet, etc.<\/li>\n<\/ul>\n\n\n\n<ul class=\"wp-block-list\">\n<li><strong>Gestion de la paroisse :<\/strong> Comptabilit\u00e9, accueil,&#8230;<\/li>\n<\/ul>\n\n\n\n<h4 class=\"wp-block-heading has-text-color has-link-color wp-elements-6d772987722f199ccde8f22b2822b76b\" style=\"color:#01094f\"><strong>Pourquoi devenir b\u00e9n\u00e9vole ?<\/strong><\/h4>\n\n\n\n<ul class=\"wp-block-list\">\n<li><strong>Pour mettre ses talents au service des autres :<\/strong> Chacun peut apporter sa pierre \u00e0 l&#8217;\u00e9difice, en fonction de ses comp\u00e9tences et de ses disponibilit\u00e9s.<\/li>\n\n\n\n<li><strong>Pour vivre sa foi au quotidien :<\/strong> Le b\u00e9n\u00e9volat est une mani\u00e8re concr\u00e8te de mettre en pratique les valeurs \u00e9vang\u00e9liques.<\/li>\n\n\n\n<li><strong>Pour rencontrer d&#8217;autres personnes :<\/strong> Le b\u00e9n\u00e9volat permet de cr\u00e9er des liens et de partager des moments conviviaux.<\/li>\n\n\n\n<li><strong>Pour se sentir utile et valoris\u00e9 :<\/strong> Le b\u00e9n\u00e9volat est une source de satisfaction personnelle et donne le sentiment de contribuer \u00e0 quelque chose de plus grand que soi.<\/li>\n<\/ul>\n\n\n\n<h4 class=\"wp-block-heading has-text-color has-link-color wp-elements-6d1241ad40575a0d527b381688c6f407\" style=\"color:#01094f\"><strong>Comment devenir b\u00e9n\u00e9vole ?<\/strong><\/h4>\n\n\n\n<p>Pour devenir b\u00e9n\u00e9vole dans l&#8217;\u00c9glise, il suffit de se rapprocher de votre paroisse. Vous pourrez ainsi exprimer votre d\u00e9sir de vous engager et d\u00e9couvrir les diff\u00e9rentes missions propos\u00e9es.<\/p>\n\n\n\n<p><br><strong>Contact\u00a0: Presbyt\u00e8re de Muzillac<br><\/strong>5 avenue de Lamennais (56190)<br>02 97 41 67 49<br><a href=\"mailto:presbytere.muzillac@gmail.com\">presbytere.muzillac@gmail.com<\/a><\/p>\n\n\n\n<hr class=\"wp-block-separator has-alpha-channel-opacity is-style-wide\" style=\"margin-top:var(--wp--preset--spacing--20);margin-bottom:var(--wp--preset--spacing--20)\"\/>\n\n\n\n<p class=\"has-text-color has-link-color wp-elements-66e67c3df3727f26c40bc18c175b6db3\" style=\"color:#319fe1\"><strong><a href=\"presbytere.muzillac@gmail.com\">RECHERCHE COMMUNICATION<\/a><\/strong><\/p>\n\n\n\n<p class=\"has-foreground-color has-text-color has-link-color wp-elements-9fce75c668d0a07fa632b59feb751802\"><a href=\"presbytere.muzillac@gmail.com\">Nous recherchons des personnes pour renforcer l\u2019\u00e9quipe de communication (journal paroissial, confections d\u2019affiches, site web).<\/a><\/p>\n","protected":false},"excerpt":{"rendered":"<p>Devenez b\u00e9n\u00e9vole pour votre paroisse\u00a0c\u2019est s\u2019engager personnellement \u00e0 donner de son temps et de ses talents pour mettre en \u0153uvre les enseignements de l&#8217;\u00c9vangile. En quoi consiste le b\u00e9n\u00e9volat dans l&#8217;\u00c9glise ? Le b\u00e9n\u00e9volat peut prendre de nombreuses formes : Pourquoi devenir b\u00e9n\u00e9vole ? Comment devenir b\u00e9n\u00e9vole ? Pour devenir b\u00e9n\u00e9vole dans l&#8217;\u00c9glise, il suffit<a class=\"more-link\" href=\"https:\/\/paroisses-ambon-damgan-penerf.fr\/?page_id=148\">Lire la suite <span class=\"screen-reader-text\">&#8220;B\u00e9n\u00e9volat&#8221;<\/span><\/a><\/p>\n","protected":false},"author":2,"featured_media":0,"parent":0,"menu_order":0,"comment_status":"closed","ping_status":"closed","template":"","meta":{"iawp_total_views":2,"footnotes":""},"class_list":["post-148","page","type-page","status-publish","hentry","entry"],"_links":{"self":[{"href":"https:\/\/paroisses-ambon-damgan-penerf.fr\/index.php?rest_route=\/wp\/v2\/pages\/148","targetHints":{"allow":["GET"]}}],"collection":[{"href":"https:\/\/paroisses-ambon-damgan-penerf.fr\/index.php?rest_route=\/wp\/v2\/pages"}],"about":[{"href":"https:\/\/paroisses-ambon-damgan-penerf.fr\/index.php?rest_route=\/wp\/v2\/types\/page"}],"author":[{"embeddable":true,"href":"https:\/\/paroisses-ambon-damgan-penerf.fr\/index.php?rest_route=\/wp\/v2\/users\/2"}],"replies":[{"embeddable":true,"href":"https:\/\/paroisses-ambon-damgan-penerf.fr\/index.php?rest_route=%2Fwp%2Fv2%2Fcomments&post=148"}],"version-history":[{"count":4,"href":"https:\/\/paroisses-ambon-damgan-penerf.fr\/index.php?rest_route=\/wp\/v2\/pages\/148\/revisions"}],"predecessor-version":[{"id":236,"href":"https:\/\/paroisses-ambon-damgan-penerf.fr\/index.php?rest_route=\/wp\/v2\/pages\/148\/revisions\/236"}],"wp:attachment":[{"href":"https:\/\/paroisses-ambon-damgan-penerf.fr\/index.php?rest_route=%2Fwp%2Fv2%2Fmedia&parent=148"}],"curies":[{"name":"wp","href":"https:\/\/api.w.org\/{rel}","templated":true}]}}