{"id":146,"date":"2024-11-25T11:00:31","date_gmt":"2024-11-25T10:00:31","guid":{"rendered":"https:\/\/paroisses-ambon-damgan-penerf.fr\/?page_id=146"},"modified":"2025-07-03T15:56:29","modified_gmt":"2025-07-03T13:56:29","slug":"lequipe-paroissiale","status":"publish","type":"page","link":"https:\/\/paroisses-ambon-damgan-penerf.fr\/?page_id=146","title":{"rendered":"L&#8217;\u00e9quipe paroissiale"},"content":{"rendered":"\n<div style=\"height:10px\" aria-hidden=\"true\" class=\"wp-block-spacer\"><\/div>\n\n\n\n<h2 class=\"wp-block-heading has-text-color has-link-color wp-elements-009432cd606bd2a3bdc1a02eaf255341\" style=\"color:#319fe1\"><strong>Pr\u00eatres et diacres<\/strong><strong><\/strong><\/h2>\n\n\n\n<p>Cur\u00e9 des paroisses Muzillac-Billiers, Ambon, Damgan, P\u00e9nerf<br>P\u00e8re Philippe Le Bigot &#8211; <a href=\"mailto:plb@diocese-vannes.fr\">plb@diocese-vannes.fr<\/a><\/p>\n\n\n\n<p>Abb\u00e9 Michel Hervy &#8211; <a href=\"mailto:xxx@xxxx.com\">michel.hervy4456@gmail.com<\/a><\/p>\n\n\n\n<div style=\"height:10px\" aria-hidden=\"true\" class=\"wp-block-spacer\"><\/div>\n\n\n\n<div class=\"wp-block-group is-vertical is-layout-flex wp-container-core-group-is-layout-fe9cc265 wp-block-group-is-layout-flex\">\n<h2 class=\"wp-block-heading has-text-color has-link-color wp-elements-2228eceece2bc0dad8cdd299c68a6a42\" style=\"color:#319fe1\"><strong>Permanences d\u2019accueil<\/strong><\/h2>\n<\/div>\n\n\n\n<div class=\"wp-block-group is-vertical is-layout-flex wp-container-core-group-is-layout-fe9cc265 wp-block-group-is-layout-flex\">\n<p>Les pr\u00eatres et les diacres sont aid\u00e9s dans leur mission par des \u00e9quipes de b\u00e9n\u00e9voles qui s\u2019occupent de l\u2019accueil<\/p>\n\n\n\n<h4 class=\"wp-block-heading has-text-color has-link-color wp-elements-11db131317aa3c96eb9ff92e02630501\" style=\"color:#010101\"><strong>Permanence secteur de&nbsp;Muzillac<\/strong><\/h4>\n\n\n\n<p>Du lundi au vendredi :&nbsp;10h-12h&nbsp;et 14h-16h<br>Le samedi :&nbsp;10h-12h<br>Permanence du p\u00e8re Philippe LE BIGOT <em>sur rendez-vous<\/em> : le samedi 10h-12h<\/p>\n\n\n\n<p><strong>Contact : <\/strong><a href=\"tel:0297416749\">02 97 41 67 49<\/a><strong><br><\/strong>5 avenue Lamennais 56190 MUZILLAC<\/p>\n<\/div>\n\n\n\n<div style=\"height:10px\" aria-hidden=\"true\" class=\"wp-block-spacer\"><\/div>\n\n\n\n<h2 class=\"wp-block-heading has-text-color has-link-color wp-elements-21fec4011d04a44af5ea17c242cbd279\" style=\"color:#319fe1\"><strong>La\u00efcs en mission eccl\u00e9siale<\/strong><\/h2>\n\n\n\n<p class=\"has-foreground-color has-text-color has-link-color wp-elements-40f176e33046254cff07055558fb9496\">Gina de LA VILLESBOISNET, animatrice pastorale<br><a href=\"tel:0615915019\">06 15 91 50 19<\/a> &#8211; <a href=\"mailto:animatricepastoralemuzillac@gmail.com\">animatricepastoralemuzillac@gmail.com<\/a><\/p>\n\n\n\n<p class=\"has-foreground-color has-text-color has-link-color wp-elements-39d58e3c97dcfc749259b8d322ca5ef6\">Pauline de PARSEVAL, animatrice de l\u2019aum\u00f4nerie au coll\u00e8ge Sainte-Th\u00e9r\u00e8se de Muzillac<br><a href=\"tel:0670421775\">06 70 42 17 75<\/a> &#8211; <a href=\"mailto:anim.ado.muzillac@diocese-vannes.fr\">anim.ado.muzillac@diocese-vannes.fr<\/a><\/p>\n\n\n\n<p class=\"has-foreground-color has-text-color has-link-color wp-elements-ce04138ebb4828e01383edbe6e0f11e5\">Philippe CADOUX, aum\u00f4nerie publique, en mission p\u00f4le jeunes doyenn\u00e9.<br><a href=\"tel:0684164019\">06 84 16 40 19<\/a> &#8211; <a href=\"mailto:ph.cadoux@orange.fr\">ph.cadoux@orange.fr<\/a><\/p>\n\n\n\n<p><\/p>\n","protected":false},"excerpt":{"rendered":"<p>Pr\u00eatres et diacres Cur\u00e9 des paroisses Muzillac-Billiers, Ambon, Damgan, P\u00e9nerfP\u00e8re Philippe Le Bigot &#8211; plb@diocese-vannes.fr Abb\u00e9 Michel Hervy &#8211; michel.hervy4456@gmail.com Permanences d\u2019accueil Les pr\u00eatres et les diacres sont aid\u00e9s dans leur mission par des \u00e9quipes de b\u00e9n\u00e9voles qui s\u2019occupent de l\u2019accueil Permanence secteur de&nbsp;Muzillac Du lundi au vendredi :&nbsp;10h-12h&nbsp;et 14h-16hLe samedi :&nbsp;10h-12hPermanence du p\u00e8re Philippe<a class=\"more-link\" href=\"https:\/\/paroisses-ambon-damgan-penerf.fr\/?page_id=146\">Lire la suite <span class=\"screen-reader-text\">&#8220;L&#8217;\u00e9quipe paroissiale&#8221;<\/span><\/a><\/p>\n","protected":false},"author":2,"featured_media":0,"parent":0,"menu_order":0,"comment_status":"closed","ping_status":"closed","template":"","meta":{"iawp_total_views":5,"footnotes":""},"class_list":["post-146","page","type-page","status-publish","hentry","entry"],"_links":{"self":[{"href":"https:\/\/paroisses-ambon-damgan-penerf.fr\/index.php?rest_route=\/wp\/v2\/pages\/146","targetHints":{"allow":["GET"]}}],"collection":[{"href":"https:\/\/paroisses-ambon-damgan-penerf.fr\/index.php?rest_route=\/wp\/v2\/pages"}],"about":[{"href":"https:\/\/paroisses-ambon-damgan-penerf.fr\/index.php?rest_route=\/wp\/v2\/types\/page"}],"author":[{"embeddable":true,"href":"https:\/\/paroisses-ambon-damgan-penerf.fr\/index.php?rest_route=\/wp\/v2\/users\/2"}],"replies":[{"embeddable":true,"href":"https:\/\/paroisses-ambon-damgan-penerf.fr\/index.php?rest_route=%2Fwp%2Fv2%2Fcomments&post=146"}],"version-history":[{"count":25,"href":"https:\/\/paroisses-ambon-damgan-penerf.fr\/index.php?rest_route=\/wp\/v2\/pages\/146\/revisions"}],"predecessor-version":[{"id":617,"href":"https:\/\/paroisses-ambon-damgan-penerf.fr\/index.php?rest_route=\/wp\/v2\/pages\/146\/revisions\/617"}],"wp:attachment":[{"href":"https:\/\/paroisses-ambon-damgan-penerf.fr\/index.php?rest_route=%2Fwp%2Fv2%2Fmedia&parent=146"}],"curies":[{"name":"wp","href":"https:\/\/api.w.org\/{rel}","templated":true}]}}