{"id":143,"date":"2024-11-25T10:56:34","date_gmt":"2024-11-25T09:56:34","guid":{"rendered":"https:\/\/paroisses-ambon-damgan-penerf.fr\/?page_id=143"},"modified":"2024-11-28T15:24:31","modified_gmt":"2024-11-28T14:24:31","slug":"communion","status":"publish","type":"page","link":"https:\/\/paroisses-ambon-damgan-penerf.fr\/?page_id=143","title":{"rendered":"Communion"},"content":{"rendered":"\n<div class=\"wp-block-group has-background\" style=\"background-color:#c1cadb70\"><div class=\"wp-block-group__inner-container is-layout-constrained wp-block-group-is-layout-constrained\">\n<p><strong>En quoi consiste la premi\u00e8re communion ?<\/strong><\/p>\n\n\n\n<ul class=\"wp-block-list\">\n<li>Un sacrement important: La premi\u00e8re communion fait partie des trois sacrements de l&#8217;initiation chr\u00e9tienne, avec le bapt\u00eame et la confirmation. Elle est pr\u00e9c\u00e9d\u00e9e d&#8217;une pr\u00e9paration cat\u00e9ch\u00e9tique qui permet \u00e0 l&#8217;enfant de comprendre le sens de ce geste et de se pr\u00e9parer \u00e0 recevoir J\u00e9sus dans son c\u0153ur.<\/li>\n\n\n\n<li>Une rencontre avec le Christ: En recevant l&#8217;Eucharistie, l&#8217;enfant entre en communion intime avec J\u00e9sus-Christ. Il re\u00e7oit sa force et sa vie divine pour l&#8217;aider \u00e0 grandir dans la foi et \u00e0 le suivre tout au long de sa vie.<\/li>\n\n\n\n<li>Un engagement: La premi\u00e8re communion est aussi un engagement de l&#8217;enfant \u00e0 vivre selon les enseignements de l&#8217;\u00c9glise et \u00e0 participer \u00e0 la vie de sa communaut\u00e9 chr\u00e9tienne.<\/li>\n\n\n\n<li>Pour les adultes elle se re\u00e7oit apr\u00e8s la confirmation.<\/li>\n<\/ul>\n<\/div><\/div>\n\n\n\n<h2 class=\"wp-block-heading has-text-color has-link-color wp-elements-7e2c5560e9a1dae20d7e7b1b8e39c1c7\" style=\"color:#319fe1\"><strong>Premi\u00e8re communion <\/strong>des enfants<\/h2>\n\n\n\n<p>La premi\u00e8re communion est propos\u00e9e habituellement aux enfants \u00e0 partir du CE2 qui expriment un profond d\u00e9sir de communier. Ils peuvent y avoir acc\u00e8s \u00e0 la fin de leur 2\u00e8me ann\u00e9e de cat\u00e9ch\u00e8se.<\/p>\n\n\n\n<p>Il est pr\u00e9f\u00e9rable de la recevoir apr\u00e8s la confirmation lorsque ayant re\u00e7u l\u2019Esprit Saint on est responsable pleinement dans sa foi.<\/p>\n\n\n\n<p class=\"has-foreground-color has-text-color has-link-color wp-elements-486efad0e1d04e1c0f2b8819af74d7a5\"><strong>Contact :<\/strong><br>Gina de La Villesboinet<br>06 15 91 50 19<br><a href=\"mailto:animatricepastoralemuzillac@gmail.com\">animatricepastoralemuzillac@gmail.com<\/a><\/p>\n\n\n\n<h2 class=\"wp-block-heading has-text-color has-link-color wp-elements-0ac0e74f2c16cf24b1121a8eb8a758e0\" style=\"color:#319fe1\"><strong>Premi\u00e8re communion des Adultes<\/strong><\/h2>\n\n\n\n<p>Comme pour le bapt\u00eame des adultes, une d\u00e9marche personnalis\u00e9e est propos\u00e9e aux personnes qui souhaitent se pr\u00e9parer \u00e0 communier, apr\u00e8s la confirmation ou ensemble.<\/p>\n\n\n\n<p>Pour ce cas pr\u00e9cis, les personnes en couple doivent \u00eatre mari\u00e9s sacramentellement ou commencer une pr\u00e9paration au mariage.<\/p>\n\n\n\n<p><strong>Contact&nbsp;:<br>Dominique ARTUR <\/strong>06 63 59 84 24 ou <strong>Maylis ARTUR <\/strong>06 50 17 20 85<\/p>\n\n\n\n<p class=\"has-foreground-color has-text-color has-link-color wp-elements-2f20529105212f93420b936d9d0fd741\"><strong>Presbyt\u00e8re de la Paroisse, <\/strong><br>5 avenue Lamennais, 56190 Muzillac, <br>02 97 41 67 49,\u00a0<a href=\"mailto:presbytere.muzillac@gmail.com\">presbytere.muzillac@gmail.com<\/a><\/p>\n\n\n\n<p><\/p>\n","protected":false},"excerpt":{"rendered":"<p>En quoi consiste la premi\u00e8re communion ? Premi\u00e8re communion des enfants La premi\u00e8re communion est propos\u00e9e habituellement aux enfants \u00e0 partir du CE2 qui expriment un profond d\u00e9sir de communier. Ils peuvent y avoir acc\u00e8s \u00e0 la fin de leur 2\u00e8me ann\u00e9e de cat\u00e9ch\u00e8se. Il est pr\u00e9f\u00e9rable de la recevoir apr\u00e8s la confirmation lorsque ayant<a class=\"more-link\" href=\"https:\/\/paroisses-ambon-damgan-penerf.fr\/?page_id=143\">Lire la suite <span class=\"screen-reader-text\">&#8220;Communion&#8221;<\/span><\/a><\/p>\n","protected":false},"author":2,"featured_media":0,"parent":0,"menu_order":0,"comment_status":"closed","ping_status":"closed","template":"","meta":{"iawp_total_views":1,"footnotes":""},"class_list":["post-143","page","type-page","status-publish","hentry","entry"],"_links":{"self":[{"href":"https:\/\/paroisses-ambon-damgan-penerf.fr\/index.php?rest_route=\/wp\/v2\/pages\/143","targetHints":{"allow":["GET"]}}],"collection":[{"href":"https:\/\/paroisses-ambon-damgan-penerf.fr\/index.php?rest_route=\/wp\/v2\/pages"}],"about":[{"href":"https:\/\/paroisses-ambon-damgan-penerf.fr\/index.php?rest_route=\/wp\/v2\/types\/page"}],"author":[{"embeddable":true,"href":"https:\/\/paroisses-ambon-damgan-penerf.fr\/index.php?rest_route=\/wp\/v2\/users\/2"}],"replies":[{"embeddable":true,"href":"https:\/\/paroisses-ambon-damgan-penerf.fr\/index.php?rest_route=%2Fwp%2Fv2%2Fcomments&post=143"}],"version-history":[{"count":3,"href":"https:\/\/paroisses-ambon-damgan-penerf.fr\/index.php?rest_route=\/wp\/v2\/pages\/143\/revisions"}],"predecessor-version":[{"id":220,"href":"https:\/\/paroisses-ambon-damgan-penerf.fr\/index.php?rest_route=\/wp\/v2\/pages\/143\/revisions\/220"}],"wp:attachment":[{"href":"https:\/\/paroisses-ambon-damgan-penerf.fr\/index.php?rest_route=%2Fwp%2Fv2%2Fmedia&parent=143"}],"curies":[{"name":"wp","href":"https:\/\/api.w.org\/{rel}","templated":true}]}}