{"id":127,"date":"2024-11-25T10:43:59","date_gmt":"2024-11-25T09:43:59","guid":{"rendered":"https:\/\/paroisses-ambon-damgan-penerf.fr\/?page_id=127"},"modified":"2024-11-28T15:53:04","modified_gmt":"2024-11-28T14:53:04","slug":"funerailles","status":"publish","type":"page","link":"https:\/\/paroisses-ambon-damgan-penerf.fr\/?page_id=127","title":{"rendered":"Fun\u00e9railles"},"content":{"rendered":"\n<p>En cas de d\u00e9c\u00e8s d\u2019un proche, des \u00e9quipes d\u2019accompagnement des familles en deuil sont \u00e0 votre service pour vous accueillir et vous aider \u00e0 pr\u00e9parer la c\u00e9l\u00e9bration avec ou sans Eucharistie.<\/p>\n\n\n\n<p>Nous d\u00e9terminerons un lieu, un jour et une heure de c\u00e9l\u00e9bration, en lien avec le lieu de r\u00e9sidence de la famille et du d\u00e9funt ou d\u00e9funte.<\/p>\n\n\n\n<p>Les pr\u00eatres (ou en leur absence, les guides) peuvent b\u00e9nir vos d\u00e9funts \u00e0 la chambre fun\u00e9raire si vous le souhaitez et vous accompagner apr\u00e8s la c\u00e9l\u00e9bration pour la b\u00e9n\u00e9diction de la tombe au cimeti\u00e8re.<\/p>\n\n\n\n<p>Vous pouvez offrir des messes pour vos d\u00e9funts et \u00e9galement des services pour que la communaut\u00e9 prie pour le salut de leur \u00e2me.<\/p>\n\n\n\n<p class=\"has-foreground-color has-text-color has-link-color wp-elements-d71cebd7211639bb38316dd6e9e63fb5\"><strong>Contacter le presbyt\u00e8re de Muzillac\u00a0:<br>(du lundi au samedi) : 02 97 41 67 49<br><\/strong><a href=\"mailto:presbytere.muzillac@gmail.com\"><strong>presbytere.muzillac@gmail.com<\/strong><\/a><\/p>\n\n\n\n<p class=\"has-background\" style=\"background-color:#c1cadb66\">Pour des obs\u00e8ques, le montant indicatif est de 200 \u20ac, offrande libre.<br><em>Il est d\u2019usage de donner une offrande qui permet de couvrir les frais et de contribuer \u00e0 la vie de la paroisse. Ce montant indicatif et propos\u00e9 par l\u2019\u00c9glise de France.<\/em><\/p>\n\n\n\n<p><\/p>\n","protected":false},"excerpt":{"rendered":"<p>En cas de d\u00e9c\u00e8s d\u2019un proche, des \u00e9quipes d\u2019accompagnement des familles en deuil sont \u00e0 votre service pour vous accueillir et vous aider \u00e0 pr\u00e9parer la c\u00e9l\u00e9bration avec ou sans Eucharistie. Nous d\u00e9terminerons un lieu, un jour et une heure de c\u00e9l\u00e9bration, en lien avec le lieu de r\u00e9sidence de la famille et du d\u00e9funt<a class=\"more-link\" href=\"https:\/\/paroisses-ambon-damgan-penerf.fr\/?page_id=127\">Lire la suite <span class=\"screen-reader-text\">&#8220;Fun\u00e9railles&#8221;<\/span><\/a><\/p>\n","protected":false},"author":2,"featured_media":0,"parent":0,"menu_order":0,"comment_status":"closed","ping_status":"closed","template":"","meta":{"iawp_total_views":3,"footnotes":""},"class_list":["post-127","page","type-page","status-publish","hentry","entry"],"_links":{"self":[{"href":"https:\/\/paroisses-ambon-damgan-penerf.fr\/index.php?rest_route=\/wp\/v2\/pages\/127","targetHints":{"allow":["GET"]}}],"collection":[{"href":"https:\/\/paroisses-ambon-damgan-penerf.fr\/index.php?rest_route=\/wp\/v2\/pages"}],"about":[{"href":"https:\/\/paroisses-ambon-damgan-penerf.fr\/index.php?rest_route=\/wp\/v2\/types\/page"}],"author":[{"embeddable":true,"href":"https:\/\/paroisses-ambon-damgan-penerf.fr\/index.php?rest_route=\/wp\/v2\/users\/2"}],"replies":[{"embeddable":true,"href":"https:\/\/paroisses-ambon-damgan-penerf.fr\/index.php?rest_route=%2Fwp%2Fv2%2Fcomments&post=127"}],"version-history":[{"count":3,"href":"https:\/\/paroisses-ambon-damgan-penerf.fr\/index.php?rest_route=\/wp\/v2\/pages\/127\/revisions"}],"predecessor-version":[{"id":229,"href":"https:\/\/paroisses-ambon-damgan-penerf.fr\/index.php?rest_route=\/wp\/v2\/pages\/127\/revisions\/229"}],"wp:attachment":[{"href":"https:\/\/paroisses-ambon-damgan-penerf.fr\/index.php?rest_route=%2Fwp%2Fv2%2Fmedia&parent=127"}],"curies":[{"name":"wp","href":"https:\/\/api.w.org\/{rel}","templated":true}]}}