{"id":125,"date":"2024-11-25T10:43:35","date_gmt":"2024-11-25T09:43:35","guid":{"rendered":"https:\/\/paroisses-ambon-damgan-penerf.fr\/?page_id=125"},"modified":"2024-11-28T16:07:18","modified_gmt":"2024-11-28T15:07:18","slug":"confession","status":"publish","type":"page","link":"https:\/\/paroisses-ambon-damgan-penerf.fr\/?page_id=125","title":{"rendered":"Confession"},"content":{"rendered":"\n<div class=\"wp-block-group has-background\" style=\"background-color:#c1cadb66\"><div class=\"wp-block-group__inner-container is-layout-constrained wp-block-group-is-layout-constrained\">\n<p>la confession est un sacrement, appel\u00e9 \u00e9galement sacrement de p\u00e9nitence ou de r\u00e9conciliation. Il s&#8217;agit d&#8217;un acte par lequel un croyant reconna\u00eet ses p\u00e9ch\u00e9s \u00e0 un pr\u00eatre, exprime son repentir et re\u00e7oit l&#8217;absolution divine.<\/p>\n\n\n\n<p class=\"has-foreground-color has-text-color has-link-color wp-elements-aa8cb035be81a44d3cd3a0e5188eaf49\">Comment se confesser\u00a0: <a href=\"https:\/\/www.youtube.com\/watch?v=yfTmZzXesLc\">https:\/\/www.youtube.com\/watch?v=yfTmZzXesLc<\/a><\/p>\n\n\n\n<p>J\u00e9sus est venu pour \u00ab gu\u00e9rir les c\u0153urs bris\u00e9s et soigner leurs blessures \u00bb.<br>Dans la rencontre avec un pr\u00eatre, qui nous re\u00e7oit \u00ab au nom du Christ \u00bb, J\u00e9sus continue son \u0153uvre de salut et nous offre sa mis\u00e9ricorde infinie.<br>Si vous souhaitez recevoir le sacrement du pardon (confession) contacter la paroisse<\/p>\n<\/div><\/div>\n\n\n\n<blockquote class=\"wp-block-quote is-layout-flow wp-block-quote-is-layout-flow\">\n<p>les jeudis \u00e0 18h30, messe suivie de l\u2019Adoration et de confessions \u00e0 l&#8217;\u00e9glise Ste-Th\u00e9r\u00e8se de Lisieux \u00e0 Muzillac <\/p>\n<\/blockquote>\n\n\n\n<p class=\"has-background\" style=\"background-color:#c1cadb66\"><strong>Acte de contrition :<\/strong><br>Mon Dieu, j\u2019ai un tr\u00e8s grand regret de vous avoir offens\u00e9 <br>parce que vous \u00eates infiniment bon et que le p\u00e9ch\u00e9 vous d\u00e9pla\u00eet. <br>Je prends la ferme r\u00e9solution, <br>avec le secours de votre sainte gr\u00e2ce, <br>de ne plus vous offenser et de faire p\u00e9nitence.<\/p>\n\n\n\n<p><strong>Vous pouvez rencontrer un pr\u00eatre :<\/strong><\/p>\n\n\n\n<ul class=\"wp-block-list\">\n<li>Prendre contact avec un pr\u00eatre de la paroisse ou sur rendez-vous<\/li>\n\n\n\n<li class=\"has-foreground-color has-text-color has-link-color wp-elements-a8928594ad4e13493d8f5ddf8ca47ab1\">Contact :\u00a0accueil de la paroisse, 5 avenue Lamennais, 56190 Muzillac, 02 97 41 67 49,\u00a0<a href=\"mailto:presbytere.muzillac@gmail.com\">presbytere.muzillac@gmail.com<\/a><\/li>\n<\/ul>\n\n\n\n<p><\/p>\n","protected":false},"excerpt":{"rendered":"<p>la confession est un sacrement, appel\u00e9 \u00e9galement sacrement de p\u00e9nitence ou de r\u00e9conciliation. Il s&#8217;agit d&#8217;un acte par lequel un croyant reconna\u00eet ses p\u00e9ch\u00e9s \u00e0 un pr\u00eatre, exprime son repentir et re\u00e7oit l&#8217;absolution divine. Comment se confesser\u00a0: https:\/\/www.youtube.com\/watch?v=yfTmZzXesLc J\u00e9sus est venu pour \u00ab gu\u00e9rir les c\u0153urs bris\u00e9s et soigner leurs blessures \u00bb.Dans la rencontre avec<a class=\"more-link\" href=\"https:\/\/paroisses-ambon-damgan-penerf.fr\/?page_id=125\">Lire la suite <span class=\"screen-reader-text\">&#8220;Confession&#8221;<\/span><\/a><\/p>\n","protected":false},"author":2,"featured_media":0,"parent":0,"menu_order":0,"comment_status":"closed","ping_status":"closed","template":"","meta":{"iawp_total_views":5,"footnotes":""},"class_list":["post-125","page","type-page","status-publish","hentry","entry"],"_links":{"self":[{"href":"https:\/\/paroisses-ambon-damgan-penerf.fr\/index.php?rest_route=\/wp\/v2\/pages\/125","targetHints":{"allow":["GET"]}}],"collection":[{"href":"https:\/\/paroisses-ambon-damgan-penerf.fr\/index.php?rest_route=\/wp\/v2\/pages"}],"about":[{"href":"https:\/\/paroisses-ambon-damgan-penerf.fr\/index.php?rest_route=\/wp\/v2\/types\/page"}],"author":[{"embeddable":true,"href":"https:\/\/paroisses-ambon-damgan-penerf.fr\/index.php?rest_route=\/wp\/v2\/users\/2"}],"replies":[{"embeddable":true,"href":"https:\/\/paroisses-ambon-damgan-penerf.fr\/index.php?rest_route=%2Fwp%2Fv2%2Fcomments&post=125"}],"version-history":[{"count":3,"href":"https:\/\/paroisses-ambon-damgan-penerf.fr\/index.php?rest_route=\/wp\/v2\/pages\/125\/revisions"}],"predecessor-version":[{"id":231,"href":"https:\/\/paroisses-ambon-damgan-penerf.fr\/index.php?rest_route=\/wp\/v2\/pages\/125\/revisions\/231"}],"wp:attachment":[{"href":"https:\/\/paroisses-ambon-damgan-penerf.fr\/index.php?rest_route=%2Fwp%2Fv2%2Fmedia&parent=125"}],"curies":[{"name":"wp","href":"https:\/\/api.w.org\/{rel}","templated":true}]}}