{"id":123,"date":"2024-11-25T10:43:07","date_gmt":"2024-11-25T09:43:07","guid":{"rendered":"https:\/\/paroisses-ambon-damgan-penerf.fr\/?page_id=123"},"modified":"2024-11-29T12:13:58","modified_gmt":"2024-11-29T11:13:58","slug":"onction-des-malades","status":"publish","type":"page","link":"https:\/\/paroisses-ambon-damgan-penerf.fr\/?page_id=123","title":{"rendered":"Onction des malades"},"content":{"rendered":"\n<div class=\"wp-block-group has-background\" style=\"background-color:#c1cadb66\"><div class=\"wp-block-group__inner-container is-layout-constrained wp-block-group-is-layout-constrained\">\n<p>Les personnes atteintes d\u2019une maladie grave ou les personnes \u00e2g\u00e9es dont les \u00ab&nbsp;forces d\u00e9clinent beaucoup&nbsp;\u00bb savent quels bouleversements profonds leur nouvelle situation peut entrainer&nbsp;: rupture avec les activit\u00e9s pr\u00e9c\u00e9dentes, nouvel \u00e9quilibre de la vie familiale, importance des d\u00e9marches m\u00e9dicales, pr\u00e9occupations financi\u00e8res, isolement ou promiscuit\u00e9 d\u2019une chambre d\u2019h\u00f4pital, douleur physique, souffrance morale, interrogations secr\u00e8tes que chacun peut se poser\u2026<\/p>\n\n\n\n<p>Dans les \u00e9vangiles, la proximit\u00e9 de J\u00e9sus avec les malades et les personnes qui souffrent est frappante. Au fil des pages, nous le voyons gu\u00e9rir la belle-m\u00e8re de Pierre, un l\u00e9preux, un paralytique, les deux aveugles de J\u00e9richo ou encore de l\u2019homme \u00e0 la main dess\u00e9ch\u00e9e. Les foules le pressent de toutes parts pour le solliciter. Il r\u00e9pond toujours, jusqu\u2019\u00e0 l\u2019\u00e9puisement. Si J\u00e9sus pleure rarement, c\u2019est toujours pour manifester sa compassion, comme au moment de la mort de Lazare, son ami tomb\u00e9 malade. C\u2019est le verset le plus court des \u00e9vangiles \u2013 seulement deux mots&nbsp;: \u00ab&nbsp;J\u00e9sus pleura&nbsp;\u00bb (Jn 11, 35).<\/p>\n\n\n\n<p>J\u00e9sus apporte une si grande attention aux personnes souffrantes que l\u2019Eglise a vu dans ses gestes et ses paroles le d\u00e9sir que sa sollicitude soit exp\u00e9riment\u00e9e dans un sacrement \u2013 sommet de sa pr\u00e9sence.<\/p>\n\n\n\n<p><strong>Par le sacrement de l\u2019Onction, le Christ veut aujourd\u2019hui encore s\u2019approcher des personnes gravement malades pour les apaiser, leur rendre confiance, pardonner leurs faiblesses et les fortifier moralement. Il veut aussi donner une gr\u00e2ce de patience et de confiance aux personnes atteintes d\u2019une maladie grave, comportant un danger vital certain et un espoir de gu\u00e9rison \u2013 comme \u00e0 la veille d\u2019une op\u00e9ration importante.<\/strong><\/p>\n<\/div><\/div>\n\n\n\n<p><strong>Quand peut-on recevoir ce sacrement&nbsp;?<\/strong><\/p>\n\n\n\n<ul class=\"wp-block-list\">\n<li>\u00c0 tout moment si la maladie devient une \u00e9preuve difficile \u00e0 supporter, si vous devez subir une op\u00e9ration s\u00e9rieuse ou si vous \u00eates une personne \u00e2g\u00e9e.<\/li>\n\n\n\n<li>Dans le cadre d\u2019une messe dominicale c\u00e9l\u00e9br\u00e9e chaque ann\u00e9e dans les jours autour du 11 F\u00e9vrier, jour de la f\u00eate de Notre Dame de Lourdes.<\/li>\n<\/ul>\n\n\n\n<p>En faire la demande \u00e0 l\u2019accueil du presbyt\u00e8re de Muzillac. Un pr\u00eatre vous recontactera.<\/p>\n\n\n\n<p class=\"has-foreground-color has-text-color has-link-color wp-elements-eb72c7cc3e85918de5bd21abc381bdf3\"><strong>Contact&nbsp;:<\/strong><br>5 avenue de Lamennais<br>56190 Muzillac<br>02 97 41 67 49<br><a href=\"mailto:presbytere.muzillac@gmail.com\">presbytere.muzillac@gmail.com<\/a><\/p>\n","protected":false},"excerpt":{"rendered":"<p>Les personnes atteintes d\u2019une maladie grave ou les personnes \u00e2g\u00e9es dont les \u00ab&nbsp;forces d\u00e9clinent beaucoup&nbsp;\u00bb savent quels bouleversements profonds leur nouvelle situation peut entrainer&nbsp;: rupture avec les activit\u00e9s pr\u00e9c\u00e9dentes, nouvel \u00e9quilibre de la vie familiale, importance des d\u00e9marches m\u00e9dicales, pr\u00e9occupations financi\u00e8res, isolement ou promiscuit\u00e9 d\u2019une chambre d\u2019h\u00f4pital, douleur physique, souffrance morale, interrogations secr\u00e8tes que chacun<a class=\"more-link\" href=\"https:\/\/paroisses-ambon-damgan-penerf.fr\/?page_id=123\">Lire la suite <span class=\"screen-reader-text\">&#8220;Onction des malades&#8221;<\/span><\/a><\/p>\n","protected":false},"author":2,"featured_media":0,"parent":0,"menu_order":0,"comment_status":"closed","ping_status":"closed","template":"","meta":{"iawp_total_views":1,"footnotes":""},"class_list":["post-123","page","type-page","status-publish","hentry","entry"],"_links":{"self":[{"href":"https:\/\/paroisses-ambon-damgan-penerf.fr\/index.php?rest_route=\/wp\/v2\/pages\/123","targetHints":{"allow":["GET"]}}],"collection":[{"href":"https:\/\/paroisses-ambon-damgan-penerf.fr\/index.php?rest_route=\/wp\/v2\/pages"}],"about":[{"href":"https:\/\/paroisses-ambon-damgan-penerf.fr\/index.php?rest_route=\/wp\/v2\/types\/page"}],"author":[{"embeddable":true,"href":"https:\/\/paroisses-ambon-damgan-penerf.fr\/index.php?rest_route=\/wp\/v2\/users\/2"}],"replies":[{"embeddable":true,"href":"https:\/\/paroisses-ambon-damgan-penerf.fr\/index.php?rest_route=%2Fwp%2Fv2%2Fcomments&post=123"}],"version-history":[{"count":2,"href":"https:\/\/paroisses-ambon-damgan-penerf.fr\/index.php?rest_route=\/wp\/v2\/pages\/123\/revisions"}],"predecessor-version":[{"id":237,"href":"https:\/\/paroisses-ambon-damgan-penerf.fr\/index.php?rest_route=\/wp\/v2\/pages\/123\/revisions\/237"}],"wp:attachment":[{"href":"https:\/\/paroisses-ambon-damgan-penerf.fr\/index.php?rest_route=%2Fwp%2Fv2%2Fmedia&parent=123"}],"curies":[{"name":"wp","href":"https:\/\/api.w.org\/{rel}","templated":true}]}}