{"id":121,"date":"2024-11-25T10:42:03","date_gmt":"2024-11-25T09:42:03","guid":{"rendered":"https:\/\/paroisses-ambon-damgan-penerf.fr\/?page_id=121"},"modified":"2024-11-28T15:47:07","modified_gmt":"2024-11-28T14:47:07","slug":"mariage","status":"publish","type":"page","link":"https:\/\/paroisses-ambon-damgan-penerf.fr\/?page_id=121","title":{"rendered":"Mariage"},"content":{"rendered":"\n<h2 class=\"wp-block-heading has-text-color has-link-color wp-elements-5df137b9913350a87acafe77d4ba0890\" style=\"color:#319fe1\"><strong>Sacrement de mariage<\/strong><\/h2>\n\n\n\n<p>Le sacrement du mariage est \u00e0 la fois \u00ab&nbsp;force&nbsp;\u00bb et \u00ab&nbsp;mission&nbsp;\u00bb. Une force pour aider les \u00e9poux \u00e0 s\u2019aimer, jour apr\u00e8s jour, dans la fid\u00e9lit\u00e9, les joies et les \u00e9preuves. Une mission&nbsp;: les \u00e9poux sont appel\u00e9s \u00e0 devenir, par leur amour, \u00ab&nbsp;appartement t\u00e9moin&nbsp;\u00bb de l\u2019amour de Dieu pour tout homme\u2026 au point que l\u2019on puisse dire \u00ab&nbsp;je comprends mieux comment Dieu m\u2019aime&nbsp;\u00bb en regardant les \u00e9poux s\u2019aimer.<\/p>\n\n\n\n<p>Un mariage engage la libert\u00e9 de deux personnes pour toujours. Notre paroisse propose une pr\u00e9paration avec six rencontres \u00e0 programmer sur l\u2019ann\u00e9e \u00e0 laquelle s\u2019ajoutent&nbsp;une rencontre de tous les futurs mari\u00e9s \u00e0 Muzillac ainsi qu\u2019une rencontre de tous les futurs mari\u00e9s du dioc\u00e8se \u00e0 Vannes.<\/p>\n\n\n\n<p>Pour les pr\u00e9parations qui se font dans d\u2019autres dioc\u00e8ses, deux rencontres pr\u00e9vus.<\/p>\n\n\n\n<p>Pour pouvoir se marier dans une \u00e9glise du secteur il faut pouvoir justifier d\u2019une adresse dans la paroisse concern\u00e9e (lieu de votre habitation, celle de vos parents, communaut\u00e9 o\u00f9 vous pratiquez le dimanche\u2026).<\/p>\n\n\n\n<p>Pour les pr\u00e9parations qui se font en dehors de la paroisse c\u2019est au pr\u00eatre qui pr\u00e9pare les fianc\u00e9s de monter le dossier mariage.<\/p>\n\n\n\n<p class=\"has-foreground-color has-text-color has-link-color wp-elements-2f0188f4b348ce1dd53e12e9b501c349\"><strong>Muzillac, Presbyt\u00e8re, 5 avenue de Lamennais (56190)<\/strong><br><strong>02 97 41 67 49<\/strong><br><a href=\"mailto:presbytere.muzillac@gmail.com\"><strong>presbytere.muzillac@gmail.com<\/strong><\/a><\/p>\n\n\n\n<p class=\"has-foreground-color has-text-color has-background has-link-color wp-elements-334192bfb1fa2892dee96276cc479371\" style=\"background-color:#c1cadb66\"><a>Pour c\u00e9l\u00e9brer un mariage, le montant indicatif est de 250 \u20ac, offrande libre.<br><em>Il est d\u2019usage de donner une offrande qui permet de couvrir les frais et de contribuer \u00e0 la vie de la paroisse. Ce montant indicatif et propos\u00e9 par l\u2019\u00c9glise de France.<\/em><\/a><\/p>\n\n\n\n<p><\/p>\n","protected":false},"excerpt":{"rendered":"<p>Sacrement de mariage Le sacrement du mariage est \u00e0 la fois \u00ab&nbsp;force&nbsp;\u00bb et \u00ab&nbsp;mission&nbsp;\u00bb. Une force pour aider les \u00e9poux \u00e0 s\u2019aimer, jour apr\u00e8s jour, dans la fid\u00e9lit\u00e9, les joies et les \u00e9preuves. Une mission&nbsp;: les \u00e9poux sont appel\u00e9s \u00e0 devenir, par leur amour, \u00ab&nbsp;appartement t\u00e9moin&nbsp;\u00bb de l\u2019amour de Dieu pour tout homme\u2026 au point<a class=\"more-link\" href=\"https:\/\/paroisses-ambon-damgan-penerf.fr\/?page_id=121\">Lire la suite <span class=\"screen-reader-text\">&#8220;Mariage&#8221;<\/span><\/a><\/p>\n","protected":false},"author":2,"featured_media":0,"parent":0,"menu_order":0,"comment_status":"closed","ping_status":"closed","template":"","meta":{"iawp_total_views":4,"footnotes":""},"class_list":["post-121","page","type-page","status-publish","hentry","entry"],"_links":{"self":[{"href":"https:\/\/paroisses-ambon-damgan-penerf.fr\/index.php?rest_route=\/wp\/v2\/pages\/121","targetHints":{"allow":["GET"]}}],"collection":[{"href":"https:\/\/paroisses-ambon-damgan-penerf.fr\/index.php?rest_route=\/wp\/v2\/pages"}],"about":[{"href":"https:\/\/paroisses-ambon-damgan-penerf.fr\/index.php?rest_route=\/wp\/v2\/types\/page"}],"author":[{"embeddable":true,"href":"https:\/\/paroisses-ambon-damgan-penerf.fr\/index.php?rest_route=\/wp\/v2\/users\/2"}],"replies":[{"embeddable":true,"href":"https:\/\/paroisses-ambon-damgan-penerf.fr\/index.php?rest_route=%2Fwp%2Fv2%2Fcomments&post=121"}],"version-history":[{"count":3,"href":"https:\/\/paroisses-ambon-damgan-penerf.fr\/index.php?rest_route=\/wp\/v2\/pages\/121\/revisions"}],"predecessor-version":[{"id":227,"href":"https:\/\/paroisses-ambon-damgan-penerf.fr\/index.php?rest_route=\/wp\/v2\/pages\/121\/revisions\/227"}],"wp:attachment":[{"href":"https:\/\/paroisses-ambon-damgan-penerf.fr\/index.php?rest_route=%2Fwp%2Fv2%2Fmedia&parent=121"}],"curies":[{"name":"wp","href":"https:\/\/api.w.org\/{rel}","templated":true}]}}