{"id":117,"date":"2024-11-25T10:41:07","date_gmt":"2024-11-25T09:41:07","guid":{"rendered":"https:\/\/paroisses-ambon-damgan-penerf.fr\/?page_id=117"},"modified":"2024-11-28T15:33:24","modified_gmt":"2024-11-28T14:33:24","slug":"profession-de-foi","status":"publish","type":"page","link":"https:\/\/paroisses-ambon-damgan-penerf.fr\/?page_id=117","title":{"rendered":"Profession de foi"},"content":{"rendered":"\n<div class=\"wp-block-group has-background\" style=\"background-color:#c1cadb66\"><div class=\"wp-block-group__inner-container is-layout-constrained wp-block-group-is-layout-constrained\">\n<p>La <strong>profession de foi<\/strong> est une \u00e9tape dans le parcours de foi d&#8217;un chr\u00e9tien, elle est propos\u00e9e uniquement en France. C&#8217;est une c\u00e9l\u00e9bration au cours de laquelle un jeune baptis\u00e9 et ayant fait sa premi\u00e8re communion renouvelle publiquement les promesses faites lors de son bapt\u00eame. Il est important de ne pas la survaloriser au d\u00e9triment de la confirmation.<\/p>\n\n\n\n<p><strong>En quoi consiste-t-elle ?<\/strong><\/p>\n\n\n\n<ul class=\"wp-block-list\">\n<li><strong>Un acte de foi personnelle:<\/strong> La profession de foi est une d\u00e9claration solennelle par laquelle le jeune affirme sa croyance en Dieu, en J\u00e9sus-Christ et en l&#8217;Esprit Saint. C&#8217;est un acte personnel et conscient, qui marque le passage de l&#8217;enfance \u00e0 une foi plus m\u00fbre.<\/li>\n\n\n\n<li><strong>Un renouvellement des promesses baptismales:<\/strong> Lors de ce moment, le jeune renouvelle les promesses faites en son nom lors de son bapt\u00eame : renoncer \u00e0 Satan et \u00e0 ses \u0153uvres, croire en Dieu le P\u00e8re tout-puissant et en J\u00e9sus-Christ, son Fils unique, et vivre selon l&#8217;\u00c9vangile.<\/li>\n\n\n\n<li><strong>Un engagement dans l&#8217;\u00c9glise:<\/strong> La profession de foi est aussi un engagement \u00e0 participer activement \u00e0 la vie de l&#8217;\u00c9glise, \u00e0 \u00eatre un t\u00e9moin du Christ et \u00e0 vivre selon les enseignements de l&#8217;\u00c9glise.<\/li>\n<\/ul>\n<\/div><\/div>\n\n\n\n<h2 class=\"wp-block-heading has-text-color has-link-color wp-elements-2dae749bd9a4561e87468e4b5c8f6a15\" style=\"color:#319fe1\"><strong>La profession de foi<\/strong><\/h2>\n\n\n\n<p>est propos\u00e9e habituellement aux coll\u00e9giens.<\/p>\n\n\n\n<p><strong>Contacter<\/strong> l\u2019aum\u00f4nerie de l\u2019\u00e9tablissement scolaire Sainte-Th\u00e9r\u00e8se de Muzillac\u00a0:<br>Pauline de Parseval<br><a href=\"mailto:anim.ado.muzillac@diocese-vannes.fr\">anim.ado.muzillac@diocese-vannes.fr<\/a><\/p>\n\n\n\n<p><strong>P\u00e8re Xavier LAPORTE-WEYWADA<br><\/strong>\u00a002 09 95 86 31\u00a0<br><a href=\"mailto:xlaportew@gmail.com\">xlaportew@gmail.com<\/a><\/p>\n\n\n\n<p><\/p>\n","protected":false},"excerpt":{"rendered":"<p>La profession de foi est une \u00e9tape dans le parcours de foi d&#8217;un chr\u00e9tien, elle est propos\u00e9e uniquement en France. C&#8217;est une c\u00e9l\u00e9bration au cours de laquelle un jeune baptis\u00e9 et ayant fait sa premi\u00e8re communion renouvelle publiquement les promesses faites lors de son bapt\u00eame. Il est important de ne pas la survaloriser au d\u00e9triment<a class=\"more-link\" href=\"https:\/\/paroisses-ambon-damgan-penerf.fr\/?page_id=117\">Lire la suite <span class=\"screen-reader-text\">&#8220;Profession de foi&#8221;<\/span><\/a><\/p>\n","protected":false},"author":2,"featured_media":0,"parent":0,"menu_order":0,"comment_status":"closed","ping_status":"closed","template":"","meta":{"iawp_total_views":2,"footnotes":""},"class_list":["post-117","page","type-page","status-publish","hentry","entry"],"_links":{"self":[{"href":"https:\/\/paroisses-ambon-damgan-penerf.fr\/index.php?rest_route=\/wp\/v2\/pages\/117","targetHints":{"allow":["GET"]}}],"collection":[{"href":"https:\/\/paroisses-ambon-damgan-penerf.fr\/index.php?rest_route=\/wp\/v2\/pages"}],"about":[{"href":"https:\/\/paroisses-ambon-damgan-penerf.fr\/index.php?rest_route=\/wp\/v2\/types\/page"}],"author":[{"embeddable":true,"href":"https:\/\/paroisses-ambon-damgan-penerf.fr\/index.php?rest_route=\/wp\/v2\/users\/2"}],"replies":[{"embeddable":true,"href":"https:\/\/paroisses-ambon-damgan-penerf.fr\/index.php?rest_route=%2Fwp%2Fv2%2Fcomments&post=117"}],"version-history":[{"count":3,"href":"https:\/\/paroisses-ambon-damgan-penerf.fr\/index.php?rest_route=\/wp\/v2\/pages\/117\/revisions"}],"predecessor-version":[{"id":222,"href":"https:\/\/paroisses-ambon-damgan-penerf.fr\/index.php?rest_route=\/wp\/v2\/pages\/117\/revisions\/222"}],"wp:attachment":[{"href":"https:\/\/paroisses-ambon-damgan-penerf.fr\/index.php?rest_route=%2Fwp%2Fv2%2Fmedia&parent=117"}],"curies":[{"name":"wp","href":"https:\/\/api.w.org\/{rel}","templated":true}]}}