{"id":115,"date":"2024-11-25T10:40:09","date_gmt":"2024-11-25T09:40:09","guid":{"rendered":"https:\/\/paroisses-ambon-damgan-penerf.fr\/?page_id=115"},"modified":"2024-11-28T15:17:19","modified_gmt":"2024-11-28T14:17:19","slug":"confirmation","status":"publish","type":"page","link":"https:\/\/paroisses-ambon-damgan-penerf.fr\/?page_id=115","title":{"rendered":"Confirmation"},"content":{"rendered":"\n<div class=\"wp-block-group has-background\" style=\"background-color:#c1cadb61\"><div class=\"wp-block-group__inner-container is-layout-constrained wp-block-group-is-layout-constrained\">\n<p><strong>La confirmation : un sacrement de maturit\u00e9<\/strong><\/p>\n\n\n\n<p>La confirmation est l&#8217;un des sept sacrements de l&#8217;\u00c9glise catholique. Elle vient achever et renforcer les effets du bapt\u00eame. Si le bapt\u00eame nous fait entrer dans la vie chr\u00e9tienne, la confirmation nous donne la force de vivre pleinement notre foi et de t\u00e9moigner de l&#8217;\u00c9vangile.<\/p>\n\n\n\n<p><strong>En quoi consiste-t-elle ?<\/strong><\/p>\n\n\n\n<ul class=\"wp-block-list\">\n<li>Le don de l&#8217;Esprit Saint : Au cours de la c\u00e9r\u00e9monie, l&#8217;\u00e9v\u00eaque impose les mains sur le confirm\u00e9 et prononce une invocation de l&#8217;Esprit Saint. C&#8217;est comme une nouvelle effusion de l&#8217;Esprit, qui nous donne l\u2019Esprit Saint.<\/li>\n\n\n\n<li>Un engagement personnel : La confirmation est un acte volontaire. En recevant ce sacrement, le confirm\u00e9 s&#8217;engage \u00e0 vivre pleinement des B\u00e9atitudes sous le souffles des 7 dons du Saint-Esprit (<strong>La sagesse, l\u2019intelligence, la science, la force, le conseil, la pi\u00e9t\u00e9, la crainte<\/strong>), \u00e0 participer \u00e0 la vie de l&#8217;\u00c9glise et \u00e0 t\u00e9moigner de l&#8217;amour de Dieu.<\/li>\n\n\n\n<li>Un lien plus fort avec l&#8217;\u00c9glise : La confirmation nous unit plus \u00e9troitement \u00e0 l&#8217;\u00c9glise universelle et \u00e0 notre communaut\u00e9 paroissiale. Nous devenons des t\u00e9moins actifs de la foi.<\/li>\n<\/ul>\n<\/div><\/div>\n\n\n\n<div class=\"wp-block-group\"><div class=\"wp-block-group__inner-container is-layout-constrained wp-block-group-is-layout-constrained\">\n<h2 class=\"wp-block-heading has-text-color has-link-color wp-elements-e27909449a2b5634c40263f5ba8ec5bb\" style=\"color:#319fe1\"><strong>Confirmation<\/strong> des enfants<\/h2>\n\n\n\n<p>La confirmation est propos\u00e9e habituellement aux enfants \u00e0 partir du CE2. Ils peuvent y avoir acc\u00e8s \u00e0 la fin de leur 2\u00e8me ann\u00e9e de cat\u00e9ch\u00e8se.<\/p>\n\n\n\n<p class=\"has-foreground-color has-text-color has-link-color wp-elements-1666624b066826169255b5251378645b\"><strong>Pour tout renseignement, contacter\u00a0:<\/strong><br>Gina de La Villesboisnet<br>06 15 91 50 19<br><a href=\"mailto:animatricepastoralemuzillac@gmail.com\">animatricepastoralemuzillac@gmail.com<\/a><\/p>\n<\/div><\/div>\n\n\n\n<h2 class=\"wp-block-heading has-text-color has-link-color wp-elements-add2e6ea3ce74e39e230f5903781a03f\" style=\"color:#319fe1\"><strong>Confirmation <\/strong>des adultes<\/h2>\n\n\n\n<p><strong>Qui peut recevoir la confirmation\u00a0?<\/strong><\/p>\n\n\n\n<p>Toute personne qui a d\u00e9j\u00e0 \u00e9t\u00e9 baptis\u00e9e peut et doit le recevoir, et cela une seule fois.<\/p>\n\n\n\n<p>\u00a0<strong>Quand recevoir la confirmation\u00a0?<\/strong><\/p>\n\n\n\n<p>\u00c0 Vannes, la confirmation est g\u00e9n\u00e9ralement donn\u00e9e en primaire. Certains catholiques bien que cat\u00e9chis\u00e9s et m\u00eame pratiquants n\u2019ont pas re\u00e7u ce sacrement pour des raisons vari\u00e9es.<\/p>\n\n\n\n<p>Comme pour le bapt\u00eame ou la premi\u00e8re communion des adultes, une d\u00e9marche personnalis\u00e9e est propos\u00e9e aux personnes qui souhaitent se pr\u00e9parer \u00e0 la confirmation.<\/p>\n\n\n\n<p class=\"has-foreground-color has-text-color has-link-color wp-elements-38ca8b200ff12b9ab11dc03b986c7745\"><strong>Pour tout renseignement, contacter\u00a0:<\/strong><br>Gina de La Villesboisnet et B\u00e9atrice Pluyette<br>06 15 91 50 19<br><a href=\"mailto:animatricepastoralemuzillac@gmail.com\">animatricepastoralemuzillac@gmail.com<\/a><\/p>\n\n\n\n<p><\/p>\n","protected":false},"excerpt":{"rendered":"<p>La confirmation : un sacrement de maturit\u00e9 La confirmation est l&#8217;un des sept sacrements de l&#8217;\u00c9glise catholique. Elle vient achever et renforcer les effets du bapt\u00eame. Si le bapt\u00eame nous fait entrer dans la vie chr\u00e9tienne, la confirmation nous donne la force de vivre pleinement notre foi et de t\u00e9moigner de l&#8217;\u00c9vangile. En quoi consiste-t-elle<a class=\"more-link\" href=\"https:\/\/paroisses-ambon-damgan-penerf.fr\/?page_id=115\">Lire la suite <span class=\"screen-reader-text\">&#8220;Confirmation&#8221;<\/span><\/a><\/p>\n","protected":false},"author":2,"featured_media":0,"parent":0,"menu_order":0,"comment_status":"closed","ping_status":"closed","template":"","meta":{"iawp_total_views":2,"footnotes":""},"class_list":["post-115","page","type-page","status-publish","hentry","entry"],"_links":{"self":[{"href":"https:\/\/paroisses-ambon-damgan-penerf.fr\/index.php?rest_route=\/wp\/v2\/pages\/115","targetHints":{"allow":["GET"]}}],"collection":[{"href":"https:\/\/paroisses-ambon-damgan-penerf.fr\/index.php?rest_route=\/wp\/v2\/pages"}],"about":[{"href":"https:\/\/paroisses-ambon-damgan-penerf.fr\/index.php?rest_route=\/wp\/v2\/types\/page"}],"author":[{"embeddable":true,"href":"https:\/\/paroisses-ambon-damgan-penerf.fr\/index.php?rest_route=\/wp\/v2\/users\/2"}],"replies":[{"embeddable":true,"href":"https:\/\/paroisses-ambon-damgan-penerf.fr\/index.php?rest_route=%2Fwp%2Fv2%2Fcomments&post=115"}],"version-history":[{"count":4,"href":"https:\/\/paroisses-ambon-damgan-penerf.fr\/index.php?rest_route=\/wp\/v2\/pages\/115\/revisions"}],"predecessor-version":[{"id":218,"href":"https:\/\/paroisses-ambon-damgan-penerf.fr\/index.php?rest_route=\/wp\/v2\/pages\/115\/revisions\/218"}],"wp:attachment":[{"href":"https:\/\/paroisses-ambon-damgan-penerf.fr\/index.php?rest_route=%2Fwp%2Fv2%2Fmedia&parent=115"}],"curies":[{"name":"wp","href":"https:\/\/api.w.org\/{rel}","templated":true}]}}