{"id":113,"date":"2024-11-25T10:39:45","date_gmt":"2024-11-25T09:39:45","guid":{"rendered":"https:\/\/paroisses-ambon-damgan-penerf.fr\/?page_id=113"},"modified":"2025-07-03T15:25:11","modified_gmt":"2025-07-03T13:25:11","slug":"bapteme-enfant","status":"publish","type":"page","link":"https:\/\/paroisses-ambon-damgan-penerf.fr\/?page_id=113","title":{"rendered":"Bapt\u00eame"},"content":{"rendered":"\n<p class=\"has-text-align-center has-text-color has-link-color wp-elements-1e68bbd2eaeecc07271cf6a671b35aeb\" style=\"color:#01094f\"><a><em>Il n\u2019y a pas d\u2019\u00e2ge pour \u00eatre&nbsp;<strong>baptis\u00e9<\/strong>.<\/em><\/a><\/p>\n\n\n\n<p class=\"has-foreground-color has-text-color has-background has-link-color wp-elements-9bdfdb4fd47693952f39f8f1565f12e6\" style=\"background-color:#c1cadb45\"><a>Le bapt\u00eame catholique est bien plus qu&#8217;un simple rite religieux. C&#8217;est le premier des sept sacrements de l&#8217;\u00c9glise catholique et marque l&#8217;entr\u00e9e d&#8217;une personne dans la communaut\u00e9 chr\u00e9tienne.<br><strong>Le bapt\u00eame, c&#8217;est quoi ?<\/strong><br>&#8211; Une nouvelle naissance : Le bapt\u00eame symbolise la mort au p\u00e9ch\u00e9 et la renaissance \u00e0 une vie nouvelle en J\u00e9sus-Christ. C&#8217;est un peu comme une naissance spirituelle.<br>&#8211; Un engagement : En recevant le bapt\u00eame, on s&#8217;engage \u00e0 suivre le Christ et \u00e0 vivre selon les enseignements de l&#8217;\u00c9glise.<br>&#8211; Un lien avec la communaut\u00e9: Le baptis\u00e9 devient membre de l&#8217;\u00c9glise universelle et appartient \u00e0 une communaut\u00e9 de croyants.<br><strong>Pourquoi se faire baptiser ?<\/strong><br>&#8211; Pour devenir enfant de Dieu : Par le bapt\u00eame, nous sommes adopt\u00e9s par Dieu et devenons ses enfants.<br>&#8211; Pour recevoir les pr\u00e9mices de l\u2019Esprit Saint : Le Saint-Esprit vient habiter en nous et nous donne la force de vivre notre foi.<br>&#8211; Pour \u00eatre lib\u00e9r\u00e9 du p\u00e9ch\u00e9: Le bapt\u00eame efface le p\u00e9ch\u00e9 originel et nous purifie.<\/a><\/p>\n\n\n\n<hr class=\"wp-block-separator has-alpha-channel-opacity is-style-wide\"\/>\n\n\n\n<h2 class=\"wp-block-heading has-text-color has-link-color wp-elements-0afc0ed7e105077c02d4ce4e09298aee\" style=\"color:#319fe1\"><strong>Bapt\u00eame des b\u00e9b\u00e9s<\/strong><\/h2>\n\n\n\n<p class=\"has-foreground-color has-text-color has-link-color wp-elements-4d8eea69c932258ceababb73a2274141\"><em>Avant 3 ans<\/em><\/p>\n\n\n\n<p class=\"has-foreground-color has-text-color has-link-color wp-elements-07bdec7cdf81886f3e4c87c1302d343e\"><a>Le bapt\u00eame d\u2019un petit enfant est une joie pour sa famille, mais aussi pour toute la communaut\u00e9 chr\u00e9tienne. Les bapt\u00eames ont lieu toute l\u2019ann\u00e9e.<br>La pr\u00e9paration propos\u00e9e par la paroisse comprend deux rencontres. S\u2019inscrire trois mois \u00e0 l\u2019avance (on peut s\u2019inscrire avant la naissance de l\u2019enfant). <\/a><\/p>\n\n\n\n<p class=\"has-foreground-color has-text-color has-link-color wp-elements-391ca4ba21a85a14f06d8da23b99dfab\"><br><a><strong>L\u2019inscription se fait au presbyt\u00e8re de Muzillac, <\/strong><\/a><br><a>5 avenue Lamennais, 56190 Muzillac, <\/a><br><a>02 97 41 67 49,&nbsp;<\/a><a href=\"mailto:presbytere.muzillac@gmail.com\">presbytere.muzillac@gmail.com<\/a><\/p>\n\n\n\n<hr class=\"wp-block-separator has-alpha-channel-opacity is-style-wide\"\/>\n\n\n\n<h2 class=\"wp-block-heading has-text-color has-link-color wp-elements-7dd7c6cee390bc895ae2914de3e3b0ed\" style=\"color:#319fdb\"><strong>Bapt\u00eame des enfants en \u00e2ge scolaire<\/strong><\/h2>\n\n\n\n<p><em>\u00c9cole maternelle et primaire<\/em><\/p>\n\n\n\n<p>Pass\u00e9 3 ans, il vaut mieux attendre l\u2019\u00e2ge de 6 ans pour commencer une pr\u00e9paration en \u00e2ge de raison qui se d\u00e9roule sur 2 ans.<\/p>\n\n\n\n<p>Les enfants en \u00e2ge scolaire peuvent \u00eatre baptis\u00e9s apr\u00e8s avoir suivi une&nbsp;<strong>pr\u00e9paration sur une ann\u00e9e scolaire aupr\u00e8s de la cat\u00e9ch\u00e8se de la paroisse<\/strong>.<br>Les parents sont invit\u00e9s \u00e0 s\u2019impliquer dans cette pr\u00e9paration, en tant que premiers \u00e9ducateurs de la foi de leurs enfants.<br>Les bapt\u00eames des enfants en \u00e2ge scolaire ont lieu autour de la f\u00eate de&nbsp;<strong>P\u00e2ques<\/strong>.<\/p>\n\n\n\n<p class=\"has-foreground-color has-text-color has-link-color wp-elements-e13d898ee727bfa7e87acbe0c5b863e1\"><a><strong>Contacter le presbyt\u00e8re de la paroisse&nbsp;:<\/strong><br>5 avenue Lamennais, 56190 Muzillac,<br>02 97 41 67 49<br><\/a><a href=\"mailto:presbytere.muzillac@gmail.com\">presbytere.muzillac@gmail.com<\/a><\/p>\n\n\n\n<hr class=\"wp-block-separator has-alpha-channel-opacity is-style-wide\"\/>\n\n\n\n<h2 class=\"wp-block-heading has-text-color has-link-color wp-elements-81d715e883eeb9f064d7aa86f3507a56\" style=\"color:#319fe1\"><strong>Bapt\u00eame des coll\u00e9giens et lyc\u00e9ens<\/strong><\/h2>\n\n\n\n<p>Contacter l\u2019aum\u00f4nerie de l\u2019\u00e9tablissement scolaire Sainte-Th\u00e9r\u00e8se de Muzillac&nbsp;:<\/p>\n\n\n\n<p class=\"has-foreground-color has-text-color has-link-color wp-elements-0b827aa7f3a0045e92f8970be20eb404\"><strong>P\u00e8re Xavier LAPORTE-WEYWADA<br><\/strong>02 09 95 86 31&nbsp;<br><a href=\"mailto:xlaportew@gmail.com\">xlaportew@gmail.com<\/a><\/p>\n\n\n\n<hr class=\"wp-block-separator has-alpha-channel-opacity is-style-wide\"\/>\n\n\n\n<h2 class=\"wp-block-heading has-text-color has-link-color wp-elements-4ab75e375fde009bb78727424577a0af\" id=\"bapteme-des-adultes\" style=\"color:#319fe1\"><strong>Bapt\u00eame des adultes<\/strong><\/h2>\n\n\n\n<p>Chaque ann\u00e9e, des adultes sont baptis\u00e9s&nbsp;<strong>la nuit de P\u00e2ques<\/strong>.<br>En fonction de leur histoire de vie et de leur parcours, un&nbsp;<strong>accompagnement adapt\u00e9<\/strong> est propos\u00e9 \u00e0 ceux qui en font la demande. Cette pr\u00e9paration d\u00e9bute par une rencontre avec le cur\u00e9.<\/p>\n\n\n\n<p>Dominique et Maylis accompagnent le groupe des cat\u00e9chum\u00e8nes adultes. Le groupe se r\u00e9unit une fois par mois, chaque cat\u00e9chum\u00e8ne est accompagn\u00e9 par un adulte ou un couple.<\/p>\n\n\n\n<p class=\"has-foreground-color has-text-color has-link-color wp-elements-80701308ae79b3686e4eb85fdb9fc603\"><a><strong>Contact&nbsp;:<br>Dominique ARTUR<\/strong> &#8211; 06 63 59 84 24<\/a><br><strong>Maylis ARTUR<\/strong> &#8211; 06 50 17 20 85<\/p>\n\n\n\n<p class=\"has-foreground-color has-text-color has-background has-link-color wp-elements-c5553cc9046961fa0380c748cd412b85\" style=\"background-color:#c1cadb57\"><a>Pour c\u00e9l\u00e9brer un bapt\u00eame, le montant indicatif est de 70 \u20ac, offrande libre.<br><em>Il est d\u2019usage de donner une offrande qui permet de couvrir les frais et de contribuer \u00e0 la vie de la paroisse. Ce montant indicatif et propos\u00e9 par l\u2019\u00c9glise de France.<\/em><\/a><\/p>\n","protected":false},"excerpt":{"rendered":"<p>Il n\u2019y a pas d\u2019\u00e2ge pour \u00eatre&nbsp;baptis\u00e9. Le bapt\u00eame catholique est bien plus qu&#8217;un simple rite religieux. C&#8217;est le premier des sept sacrements de l&#8217;\u00c9glise catholique et marque l&#8217;entr\u00e9e d&#8217;une personne dans la communaut\u00e9 chr\u00e9tienne.Le bapt\u00eame, c&#8217;est quoi ?&#8211; Une nouvelle naissance : Le bapt\u00eame symbolise la mort au p\u00e9ch\u00e9 et la renaissance \u00e0 une<a class=\"more-link\" href=\"https:\/\/paroisses-ambon-damgan-penerf.fr\/?page_id=113\">Lire la suite <span class=\"screen-reader-text\">&#8220;Bapt\u00eame&#8221;<\/span><\/a><\/p>\n","protected":false},"author":2,"featured_media":0,"parent":0,"menu_order":0,"comment_status":"closed","ping_status":"closed","template":"","meta":{"iawp_total_views":4,"footnotes":""},"class_list":["post-113","page","type-page","status-publish","hentry","entry"],"_links":{"self":[{"href":"https:\/\/paroisses-ambon-damgan-penerf.fr\/index.php?rest_route=\/wp\/v2\/pages\/113","targetHints":{"allow":["GET"]}}],"collection":[{"href":"https:\/\/paroisses-ambon-damgan-penerf.fr\/index.php?rest_route=\/wp\/v2\/pages"}],"about":[{"href":"https:\/\/paroisses-ambon-damgan-penerf.fr\/index.php?rest_route=\/wp\/v2\/types\/page"}],"author":[{"embeddable":true,"href":"https:\/\/paroisses-ambon-damgan-penerf.fr\/index.php?rest_route=\/wp\/v2\/users\/2"}],"replies":[{"embeddable":true,"href":"https:\/\/paroisses-ambon-damgan-penerf.fr\/index.php?rest_route=%2Fwp%2Fv2%2Fcomments&post=113"}],"version-history":[{"count":8,"href":"https:\/\/paroisses-ambon-damgan-penerf.fr\/index.php?rest_route=\/wp\/v2\/pages\/113\/revisions"}],"predecessor-version":[{"id":610,"href":"https:\/\/paroisses-ambon-damgan-penerf.fr\/index.php?rest_route=\/wp\/v2\/pages\/113\/revisions\/610"}],"wp:attachment":[{"href":"https:\/\/paroisses-ambon-damgan-penerf.fr\/index.php?rest_route=%2Fwp%2Fv2%2Fmedia&parent=113"}],"curies":[{"name":"wp","href":"https:\/\/api.w.org\/{rel}","templated":true}]}}