{"id":105,"date":"2024-11-25T10:32:17","date_gmt":"2024-11-25T09:32:17","guid":{"rendered":"https:\/\/paroisses-ambon-damgan-penerf.fr\/?page_id=105"},"modified":"2025-06-05T11:00:42","modified_gmt":"2025-06-05T09:00:42","slug":"feuille-dinformations-paroissial","status":"publish","type":"page","link":"https:\/\/paroisses-ambon-damgan-penerf.fr\/?page_id=105","title":{"rendered":"Feuille d&#8217;Informations Paroissiale"},"content":{"rendered":"\n<p>Cette feuille d\u2019information a pour vocation de vous tenir inform\u00e9s de la vie de notre communaut\u00e9 chr\u00e9tienne locale. Vous y trouverez les horaires des messes, les temps forts liturgiques, les rendez-vous pastoraux, les actualit\u00e9s des diff\u00e9rentes \u00e9quipes paroissiales, ainsi que les intentions de messe du dimanche.<\/p>\n\n\n\r\n<div \r\n    class='wp-block-pdfp-pdf-poster  alignnone'\r\n    id='pdfp-2'\r\n    data-attributes='{&quot;uniqueId&quot;:&quot;pdfp1&quot;,&quot;file&quot;:&quot;http:\\\/\\\/paroisses-ambon-damgan-penerf.fr\\\/wp-content\\\/uploads\\\/2026\\\/03\\\/feuille-paroissiale-2026-04.pdf&quot;,&quot;height&quot;:&quot;842px&quot;,&quot;width&quot;:&quot;100%&quot;,&quot;print&quot;:false,&quot;fullscreenButton&quot;:true,&quot;fullscreenButtonText&quot;:&quot;Plein \\u00e9cran&quot;,&quot;newWindow&quot;:false,&quot;showName&quot;:true,&quot;downloadButton&quot;:true,&quot;downloadButtonText&quot;:&quot;Download File&quot;,&quot;protect&quot;:false,&quot;onlyPDF&quot;:false,&quot;defaultBrowser&quot;:false,&quot;thumbMenu&quot;:false,&quot;initialPage&quot;:&quot;1&quot;,&quot;sidebarOpen&quot;:false,&quot;lastVersion&quot;:false,&quot;hrScroll&quot;:false,&quot;alert&quot;:false,&quot;popupOptions&quot;:{&quot;enabled&quot;:false,&quot;text&quot;:&quot;Open PDF&quot;,&quot;btnStyle&quot;:{&quot;background&quot;:&quot;#1e73be&quot;,&quot;color&quot;:&quot;#fff&quot;,&quot;fontSize&quot;:&quot;rem&quot;,&quot;padding&quot;:{&quot;top&quot;:10,&quot;right&quot;:20,&quot;bottom&quot;:10,&quot;left&quot;:10}}},&quot;align&quot;:&quot;none&quot;,&quot;alignment&quot;:&quot;left&quot;,&quot;title&quot;:&quot;&quot;,&quot;titleFontSize&quot;:&quot;16px&quot;,&quot;additional&quot;:{&quot;ID&quot;:&quot;&quot;,&quot;Class&quot;:&quot;&quot;,&quot;CSS&quot;:&quot;&quot;},&quot;adobeEmbedder&quot;:false,&quot;adobeOptions&quot;:{&quot;showDownloadPDF&quot;:true,&quot;showPrintPDF&quot;:true,&quot;showAnnotationTools&quot;:true,&quot;showFullScreen&quot;:false,&quot;embedMode&quot;:&quot;SIZED_CONTAINER&quot;},&quot;popupBtnStyle&quot;:{&quot;background&quot;:&quot;#2271b1&quot;,&quot;color&quot;:&quot;#fff&quot;,&quot;padding&quot;:{&quot;top&quot;:10,&quot;right&quot;:20,&quot;bottom&quot;:10,&quot;left&quot;:10}},&quot;popupBtnText&quot;:&quot;Open Document&quot;,&quot;CSS&quot;:&quot;&quot;}'\r\n    style=\"text-align: left\"\r\n>\r\n<\/div>\n","protected":false},"excerpt":{"rendered":"<p>Cette feuille d\u2019information a pour vocation de vous tenir inform\u00e9s de la vie de notre communaut\u00e9 chr\u00e9tienne locale. Vous y trouverez les horaires des messes, les temps forts liturgiques, les rendez-vous pastoraux, les actualit\u00e9s des diff\u00e9rentes \u00e9quipes paroissiales, ainsi que les intentions de messe du dimanche.<\/p>\n","protected":false},"author":1,"featured_media":0,"parent":0,"menu_order":0,"comment_status":"closed","ping_status":"closed","template":"","meta":{"iawp_total_views":6,"footnotes":""},"class_list":["post-105","page","type-page","status-publish","hentry","entry"],"_links":{"self":[{"href":"https:\/\/paroisses-ambon-damgan-penerf.fr\/index.php?rest_route=\/wp\/v2\/pages\/105","targetHints":{"allow":["GET"]}}],"collection":[{"href":"https:\/\/paroisses-ambon-damgan-penerf.fr\/index.php?rest_route=\/wp\/v2\/pages"}],"about":[{"href":"https:\/\/paroisses-ambon-damgan-penerf.fr\/index.php?rest_route=\/wp\/v2\/types\/page"}],"author":[{"embeddable":true,"href":"https:\/\/paroisses-ambon-damgan-penerf.fr\/index.php?rest_route=\/wp\/v2\/users\/1"}],"replies":[{"embeddable":true,"href":"https:\/\/paroisses-ambon-damgan-penerf.fr\/index.php?rest_route=%2Fwp%2Fv2%2Fcomments&post=105"}],"version-history":[{"count":4,"href":"https:\/\/paroisses-ambon-damgan-penerf.fr\/index.php?rest_route=\/wp\/v2\/pages\/105\/revisions"}],"predecessor-version":[{"id":507,"href":"https:\/\/paroisses-ambon-damgan-penerf.fr\/index.php?rest_route=\/wp\/v2\/pages\/105\/revisions\/507"}],"wp:attachment":[{"href":"https:\/\/paroisses-ambon-damgan-penerf.fr\/index.php?rest_route=%2Fwp%2Fv2%2Fmedia&parent=105"}],"curies":[{"name":"wp","href":"https:\/\/api.w.org\/{rel}","templated":true}]}}