{"id":102,"date":"2024-11-25T10:30:46","date_gmt":"2024-11-25T09:30:46","guid":{"rendered":"https:\/\/paroisses-ambon-damgan-penerf.fr\/?page_id=102"},"modified":"2025-06-05T12:14:48","modified_gmt":"2025-06-05T10:14:48","slug":"histoire-des-chapelles","status":"publish","type":"page","link":"https:\/\/paroisses-ambon-damgan-penerf.fr\/?page_id=102","title":{"rendered":"Patrimoine"},"content":{"rendered":"\n<p>L\u2019ensemble paroissial d\u2019Ambon, Damgan,Penerf est riche d\u2019un patrimoine catholique et architectural remarquable. Nos chapelles, souvent nich\u00e9es au c\u0153ur de la campagne ou tourn\u00e9es vers la mer, t\u00e9moignent de la foi vivante des g\u00e9n\u00e9rations qui nous ont pr\u00e9c\u00e9d\u00e9s.<br>Certaines sont encore le lieu de c\u00e9l\u00e9brations r\u00e9guli\u00e8res, d\u2019autres s\u2019animent \u00e0 l\u2019occasion de pardons ou de f\u00eates locales. Toutes invitent au recueillement, \u00e0 la pri\u00e8re, et \u00e0 la contemplation.<br>\u00c0 travers cette page, nous vous proposons de partir \u00e0 la rencontre de ces lieux charg\u00e9s d\u2019histoire, t\u00e9moins discrets mais puissants de la pr\u00e9sence de Dieu au c\u0153ur de nos vies et de notre territoire.<\/p>\n\n\n\n<div class=\"wp-block-columns is-layout-flex wp-container-core-columns-is-layout-28f84493 wp-block-columns-is-layout-flex\">\n<div class=\"wp-block-column is-layout-flow wp-block-column-is-layout-flow\">\n<figure class=\"wp-block-image size-full\"><a href=\"https:\/\/paroisses-ambon-damgan-penerf.fr\/?page_id=342\"><img loading=\"lazy\" decoding=\"async\" width=\"1024\" height=\"768\" src=\"https:\/\/paroisses-ambon-damgan-penerf.fr\/wp-content\/uploads\/2025\/06\/Chapelle-Saint-Tugdual-de-Cromenach.jpg\" alt=\"\" class=\"wp-image-462\" srcset=\"https:\/\/paroisses-ambon-damgan-penerf.fr\/wp-content\/uploads\/2025\/06\/Chapelle-Saint-Tugdual-de-Cromenach.jpg 1024w, https:\/\/paroisses-ambon-damgan-penerf.fr\/wp-content\/uploads\/2025\/06\/Chapelle-Saint-Tugdual-de-Cromenach-300x225.jpg 300w, https:\/\/paroisses-ambon-damgan-penerf.fr\/wp-content\/uploads\/2025\/06\/Chapelle-Saint-Tugdual-de-Cromenach-768x576.jpg 768w\" sizes=\"auto, (max-width: 1024px) 100vw, 1024px\" \/><\/a><figcaption class=\"wp-element-caption\">Chapelle Saint Tugdual de Cromenac\u2019h<\/figcaption><\/figure>\n<\/div>\n\n\n\n<div class=\"wp-block-column is-layout-flow wp-block-column-is-layout-flow\">\n<figure class=\"wp-block-image size-full\"><a href=\"https:\/\/paroisses-ambon-damgan-penerf.fr\/?page_id=350\"><img loading=\"lazy\" decoding=\"async\" width=\"1024\" height=\"768\" src=\"https:\/\/paroisses-ambon-damgan-penerf.fr\/wp-content\/uploads\/2025\/06\/Chapelle-de-Mille-secours-de-Brouel.jpg\" alt=\"\" class=\"wp-image-463\" srcset=\"https:\/\/paroisses-ambon-damgan-penerf.fr\/wp-content\/uploads\/2025\/06\/Chapelle-de-Mille-secours-de-Brouel.jpg 1024w, https:\/\/paroisses-ambon-damgan-penerf.fr\/wp-content\/uploads\/2025\/06\/Chapelle-de-Mille-secours-de-Brouel-300x225.jpg 300w, https:\/\/paroisses-ambon-damgan-penerf.fr\/wp-content\/uploads\/2025\/06\/Chapelle-de-Mille-secours-de-Brouel-768x576.jpg 768w\" sizes=\"auto, (max-width: 1024px) 100vw, 1024px\" \/><\/a><figcaption class=\"wp-element-caption\">Chapelle de Mille Secours de Brou\u00ebl<\/figcaption><\/figure>\n<\/div>\n\n\n\n<div class=\"wp-block-column is-layout-flow wp-block-column-is-layout-flow\">\n<figure class=\"wp-block-image size-full\"><a href=\"https:\/\/paroisses-ambon-damgan-penerf.fr\/?page_id=348\"><img loading=\"lazy\" decoding=\"async\" width=\"1024\" height=\"768\" src=\"https:\/\/paroisses-ambon-damgan-penerf.fr\/wp-content\/uploads\/2025\/06\/Chapelle-de-Bavalan.jpg\" alt=\"\" class=\"wp-image-464\" srcset=\"https:\/\/paroisses-ambon-damgan-penerf.fr\/wp-content\/uploads\/2025\/06\/Chapelle-de-Bavalan.jpg 1024w, https:\/\/paroisses-ambon-damgan-penerf.fr\/wp-content\/uploads\/2025\/06\/Chapelle-de-Bavalan-300x225.jpg 300w, https:\/\/paroisses-ambon-damgan-penerf.fr\/wp-content\/uploads\/2025\/06\/Chapelle-de-Bavalan-768x576.jpg 768w\" sizes=\"auto, (max-width: 1024px) 100vw, 1024px\" \/><\/a><figcaption class=\"wp-element-caption\">Chapelle de Bavalan<\/figcaption><\/figure>\n<\/div>\n<\/div>\n\n\n\n<div class=\"wp-block-columns is-layout-flex wp-container-core-columns-is-layout-28f84493 wp-block-columns-is-layout-flex\">\n<div class=\"wp-block-column is-layout-flow wp-block-column-is-layout-flow\">\n<figure class=\"wp-block-image size-full\"><a href=\"https:\/\/paroisses-ambon-damgan-penerf.fr\/?page_id=346\"><img loading=\"lazy\" decoding=\"async\" width=\"1024\" height=\"767\" src=\"https:\/\/paroisses-ambon-damgan-penerf.fr\/wp-content\/uploads\/2025\/06\/Chapelle-Sainte-Julitte.jpg\" alt=\"\" class=\"wp-image-465\" srcset=\"https:\/\/paroisses-ambon-damgan-penerf.fr\/wp-content\/uploads\/2025\/06\/Chapelle-Sainte-Julitte.jpg 1024w, https:\/\/paroisses-ambon-damgan-penerf.fr\/wp-content\/uploads\/2025\/06\/Chapelle-Sainte-Julitte-300x225.jpg 300w, https:\/\/paroisses-ambon-damgan-penerf.fr\/wp-content\/uploads\/2025\/06\/Chapelle-Sainte-Julitte-768x575.jpg 768w\" sizes=\"auto, (max-width: 1024px) 100vw, 1024px\" \/><\/a><figcaption class=\"wp-element-caption\">Chapelle Sainte Julitte<\/figcaption><\/figure>\n<\/div>\n\n\n\n<div class=\"wp-block-column is-layout-flow wp-block-column-is-layout-flow\">\n<figure class=\"wp-block-image size-full\"><a href=\"https:\/\/paroisses-ambon-damgan-penerf.fr\/?page_id=356\"><img loading=\"lazy\" decoding=\"async\" width=\"1024\" height=\"768\" src=\"https:\/\/paroisses-ambon-damgan-penerf.fr\/wp-content\/uploads\/2025\/06\/Chapelle-Saint-Mamers-a-Yoff.jpg\" alt=\"\" class=\"wp-image-466\" srcset=\"https:\/\/paroisses-ambon-damgan-penerf.fr\/wp-content\/uploads\/2025\/06\/Chapelle-Saint-Mamers-a-Yoff.jpg 1024w, https:\/\/paroisses-ambon-damgan-penerf.fr\/wp-content\/uploads\/2025\/06\/Chapelle-Saint-Mamers-a-Yoff-300x225.jpg 300w, https:\/\/paroisses-ambon-damgan-penerf.fr\/wp-content\/uploads\/2025\/06\/Chapelle-Saint-Mamers-a-Yoff-768x576.jpg 768w\" sizes=\"auto, (max-width: 1024px) 100vw, 1024px\" \/><\/a><figcaption class=\"wp-element-caption\">Chapelle Saint-Mamers \u00e0 Yoff<\/figcaption><\/figure>\n<\/div>\n\n\n\n<div class=\"wp-block-column is-layout-flow wp-block-column-is-layout-flow\">\n<figure class=\"wp-block-image size-full\"><a href=\"https:\/\/paroisses-ambon-damgan-penerf.fr\/?page_id=359\"><img loading=\"lazy\" decoding=\"async\" width=\"1024\" height=\"768\" src=\"https:\/\/paroisses-ambon-damgan-penerf.fr\/wp-content\/uploads\/2025\/06\/Chapelle-Notre-Dame-de-la-Paix-a-Kervoyal.jpg\" alt=\"\" class=\"wp-image-467\" srcset=\"https:\/\/paroisses-ambon-damgan-penerf.fr\/wp-content\/uploads\/2025\/06\/Chapelle-Notre-Dame-de-la-Paix-a-Kervoyal.jpg 1024w, https:\/\/paroisses-ambon-damgan-penerf.fr\/wp-content\/uploads\/2025\/06\/Chapelle-Notre-Dame-de-la-Paix-a-Kervoyal-300x225.jpg 300w, https:\/\/paroisses-ambon-damgan-penerf.fr\/wp-content\/uploads\/2025\/06\/Chapelle-Notre-Dame-de-la-Paix-a-Kervoyal-768x576.jpg 768w\" sizes=\"auto, (max-width: 1024px) 100vw, 1024px\" \/><\/a><figcaption class=\"wp-element-caption\">Chapelle Notre-Dame de la Paix<\/figcaption><\/figure>\n<\/div>\n<\/div>\n\n\n\n<div class=\"wp-block-columns is-layout-flex wp-container-core-columns-is-layout-28f84493 wp-block-columns-is-layout-flex\">\n<div class=\"wp-block-column is-layout-flow wp-block-column-is-layout-flow\">\n<figure class=\"wp-block-image size-full\"><a href=\"https:\/\/paroisses-ambon-damgan-penerf.fr\/?page_id=362\"><img loading=\"lazy\" decoding=\"async\" width=\"1024\" height=\"768\" src=\"https:\/\/paroisses-ambon-damgan-penerf.fr\/wp-content\/uploads\/2025\/06\/Eglise-Notre-Dame-de-Bonne-Nouvelle.jpg\" alt=\"\" class=\"wp-image-468\" srcset=\"https:\/\/paroisses-ambon-damgan-penerf.fr\/wp-content\/uploads\/2025\/06\/Eglise-Notre-Dame-de-Bonne-Nouvelle.jpg 1024w, https:\/\/paroisses-ambon-damgan-penerf.fr\/wp-content\/uploads\/2025\/06\/Eglise-Notre-Dame-de-Bonne-Nouvelle-300x225.jpg 300w, https:\/\/paroisses-ambon-damgan-penerf.fr\/wp-content\/uploads\/2025\/06\/Eglise-Notre-Dame-de-Bonne-Nouvelle-768x576.jpg 768w\" sizes=\"auto, (max-width: 1024px) 100vw, 1024px\" \/><\/a><figcaption class=\"wp-element-caption\">\u00c9glise Notre-Dame de Bonne-Nouvelle<\/figcaption><\/figure>\n<\/div>\n\n\n\n<div class=\"wp-block-column is-layout-flow wp-block-column-is-layout-flow\">\n<figure class=\"wp-block-image size-full\"><a href=\"https:\/\/paroisses-ambon-damgan-penerf.fr\/?page_id=365\"><img loading=\"lazy\" decoding=\"async\" width=\"1024\" height=\"768\" src=\"https:\/\/paroisses-ambon-damgan-penerf.fr\/wp-content\/uploads\/2025\/06\/Eglise-Saint-Pierre-a-Damgan.jpg\" alt=\"\" class=\"wp-image-469\" srcset=\"https:\/\/paroisses-ambon-damgan-penerf.fr\/wp-content\/uploads\/2025\/06\/Eglise-Saint-Pierre-a-Damgan.jpg 1024w, https:\/\/paroisses-ambon-damgan-penerf.fr\/wp-content\/uploads\/2025\/06\/Eglise-Saint-Pierre-a-Damgan-300x225.jpg 300w, https:\/\/paroisses-ambon-damgan-penerf.fr\/wp-content\/uploads\/2025\/06\/Eglise-Saint-Pierre-a-Damgan-768x576.jpg 768w\" sizes=\"auto, (max-width: 1024px) 100vw, 1024px\" \/><\/a><figcaption class=\"wp-element-caption\">\u00c9glise Saint Pierre Les Liens<\/figcaption><\/figure>\n<\/div>\n\n\n\n<div class=\"wp-block-column is-layout-flow wp-block-column-is-layout-flow\">\n<figure class=\"wp-block-image size-large\"><a href=\"https:\/\/paroisses-ambon-damgan-penerf.fr\/?page_id=566\"><img loading=\"lazy\" decoding=\"async\" width=\"1024\" height=\"771\" src=\"http:\/\/paroisses-ambon-damgan-penerf.fr\/wp-content\/uploads\/2025\/03\/eglise-ambon-sainte-julitte-saint-cyr-1024x771.jpg\" alt=\"\" class=\"wp-image-376\" srcset=\"https:\/\/paroisses-ambon-damgan-penerf.fr\/wp-content\/uploads\/2025\/03\/eglise-ambon-sainte-julitte-saint-cyr-1024x771.jpg 1024w, https:\/\/paroisses-ambon-damgan-penerf.fr\/wp-content\/uploads\/2025\/03\/eglise-ambon-sainte-julitte-saint-cyr-300x226.jpg 300w, https:\/\/paroisses-ambon-damgan-penerf.fr\/wp-content\/uploads\/2025\/03\/eglise-ambon-sainte-julitte-saint-cyr-768x578.jpg 768w, https:\/\/paroisses-ambon-damgan-penerf.fr\/wp-content\/uploads\/2025\/03\/eglise-ambon-sainte-julitte-saint-cyr.jpg 1200w\" sizes=\"auto, (max-width: 1024px) 100vw, 1024px\" \/><\/a><figcaption class=\"wp-element-caption\">\u00c9glise Saint Cyr Sainte Julitte<\/figcaption><\/figure>\n<\/div>\n<\/div>\n","protected":false},"excerpt":{"rendered":"<p>L\u2019ensemble paroissial d\u2019Ambon, Damgan,Penerf est riche d\u2019un patrimoine catholique et architectural remarquable. Nos chapelles, souvent nich\u00e9es au c\u0153ur de la campagne ou tourn\u00e9es vers la mer, t\u00e9moignent de la foi vivante des g\u00e9n\u00e9rations qui nous ont pr\u00e9c\u00e9d\u00e9s.Certaines sont encore le lieu de c\u00e9l\u00e9brations r\u00e9guli\u00e8res, d\u2019autres s\u2019animent \u00e0 l\u2019occasion de pardons ou de f\u00eates locales. Toutes<a class=\"more-link\" href=\"https:\/\/paroisses-ambon-damgan-penerf.fr\/?page_id=102\">Lire la suite <span class=\"screen-reader-text\">&#8220;Patrimoine&#8221;<\/span><\/a><\/p>\n","protected":false},"author":1,"featured_media":0,"parent":0,"menu_order":0,"comment_status":"closed","ping_status":"closed","template":"","meta":{"iawp_total_views":2,"footnotes":""},"class_list":["post-102","page","type-page","status-publish","hentry","entry"],"_links":{"self":[{"href":"https:\/\/paroisses-ambon-damgan-penerf.fr\/index.php?rest_route=\/wp\/v2\/pages\/102","targetHints":{"allow":["GET"]}}],"collection":[{"href":"https:\/\/paroisses-ambon-damgan-penerf.fr\/index.php?rest_route=\/wp\/v2\/pages"}],"about":[{"href":"https:\/\/paroisses-ambon-damgan-penerf.fr\/index.php?rest_route=\/wp\/v2\/types\/page"}],"author":[{"embeddable":true,"href":"https:\/\/paroisses-ambon-damgan-penerf.fr\/index.php?rest_route=\/wp\/v2\/users\/1"}],"replies":[{"embeddable":true,"href":"https:\/\/paroisses-ambon-damgan-penerf.fr\/index.php?rest_route=%2Fwp%2Fv2%2Fcomments&post=102"}],"version-history":[{"count":14,"href":"https:\/\/paroisses-ambon-damgan-penerf.fr\/index.php?rest_route=\/wp\/v2\/pages\/102\/revisions"}],"predecessor-version":[{"id":570,"href":"https:\/\/paroisses-ambon-damgan-penerf.fr\/index.php?rest_route=\/wp\/v2\/pages\/102\/revisions\/570"}],"wp:attachment":[{"href":"https:\/\/paroisses-ambon-damgan-penerf.fr\/index.php?rest_route=%2Fwp%2Fv2%2Fmedia&parent=102"}],"curies":[{"name":"wp","href":"https:\/\/api.w.org\/{rel}","templated":true}]}}